{"id":1613,"date":"2021-03-03T21:53:32","date_gmt":"2021-03-03T21:53:32","guid":{"rendered":"https:\/\/hakotech.pl\/de\/?page_id=1613"},"modified":"2025-06-04T10:45:28","modified_gmt":"2025-06-04T10:45:28","slug":"maschinenpark","status":"publish","type":"page","link":"https:\/\/hakotech.pl\/de\/maschinenpark\/","title":{"rendered":"Maschinenpark"},"content":{"rendered":"<p>[et_pb_section fb_built=&#8221;1&#8243; inner_shadow=&#8221;on&#8221; fullwidth=&#8221;on&#8221; _builder_version=&#8221;4.16&#8243; _module_preset=&#8221;default&#8221; global_colors_info=&#8221;{}&#8221;][et_pb_fullwidth_post_title meta=&#8221;off&#8221; featured_image=&#8221;off&#8221; text_color=&#8221;light&#8221; _builder_version=&#8221;4.16&#8243; _module_preset=&#8221;default&#8221; title_font=&#8221;|800|on||||||&#8221; title_line_height=&#8221;3em&#8221; background_color=&#8221;#BF3822&#8243; text_orientation=&#8221;center&#8221; custom_padding=&#8221;3px|||||&#8221; global_colors_info=&#8221;{}&#8221;][\/et_pb_fullwidth_post_title][\/et_pb_section][et_pb_section fb_built=&#8221;1&#8243; _builder_version=&#8221;4.16&#8243; _module_preset=&#8221;default&#8221; custom_padding=&#8221;||0px|||&#8221; global_colors_info=&#8221;{}&#8221;][et_pb_row column_structure=&#8221;1_2,1_2&#8243; _builder_version=&#8221;4.16&#8243; _module_preset=&#8221;default&#8221; global_colors_info=&#8221;{}&#8221;][et_pb_column type=&#8221;1_2&#8243; _builder_version=&#8221;4.16&#8243; _module_preset=&#8221;default&#8221; global_colors_info=&#8221;{}&#8221;][et_pb_video src=&#8221;https:\/\/hakotech.pl\/de\/wp-content\/uploads\/sites\/10\/2021\/07\/hako_video.mp4&#8243; _builder_version=&#8221;4.16&#8243; _module_preset=&#8221;default&#8221; global_colors_info=&#8221;{}&#8221;][\/et_pb_video][\/et_pb_column][et_pb_column type=&#8221;1_2&#8243; _builder_version=&#8221;4.16&#8243; _module_preset=&#8221;default&#8221; global_colors_info=&#8221;{}&#8221;][et_pb_text _builder_version=&#8221;4.20.0&#8243; _module_preset=&#8221;default&#8221; hover_enabled=&#8221;0&#8243; global_colors_info=&#8221;{}&#8221; sticky_enabled=&#8221;0&#8243;]<\/p>\n<h2>Maschinen<\/h2>\n<div class=\"x_elementToProof\" data-olk-copy-source=\"MessageBody\">Wir verf\u00fcgen \u00fcber einen umfassend ausgestatteten Maschinenpark, der einen reibungslosen und vollst\u00e4ndigen Produktionsprozess erm\u00f6glicht<\/div>\n<div class=\"x_elementToProof\">\u00a0<\/div>\n<ul>\n<li class=\"x_elementToProof\">S\u00e4gen<\/li>\n<li class=\"x_elementToProof\">CNC-Drehmaschinen<\/li>\n<li class=\"x_elementToProof\">CNC Numerische Fr\u00e4smaschinen<\/li>\n<li class=\"x_elementToProof\">Bohrmaschinen<\/li>\n<li class=\"x_elementToProof\">Laser<\/li>\n<li class=\"x_elementToProof\">Abkantpressen<\/li>\n<li class=\"x_elementToProof\">Exzenterpresse<\/li>\n<li class=\"x_elementToProof\">Hydraulikpressen<\/li>\n<li class=\"x_elementToProof\">Walzmaschinen<\/li>\n<li class=\"x_elementToProof\">Schweissger\u00e4te MIG\/MAG \/WIG\/Mantelelektrode<\/li>\n<li class=\"x_elementToProof\">Druckschwei\u00dfmaschinen (station\u00e4r \/ tragbar)<\/li>\n<li class=\"x_elementToProof\">Bolzenschwei\u00dfger\u00e4te<\/li>\n<li class=\"x_elementToProof\">Manuelle Sandstrahlmaschine<\/li>\n<li class=\"x_elementToProof\">Automatische Sandstrahlmaschine<\/li>\n<li class=\"x_elementToProof\">Pyrolyse<\/li>\n<li class=\"x_elementToProof\">Pulverbeschichtungsanlage<\/li>\n<\/ul>\n<p>[\/et_pb_text][\/et_pb_column][\/et_pb_row][\/et_pb_section][et_pb_section fb_built=&#8221;1&#8243; _builder_version=&#8221;4.16&#8243; _module_preset=&#8221;default&#8221; global_colors_info=&#8221;{}&#8221;][et_pb_row _builder_version=&#8221;4.16&#8243; _module_preset=&#8221;default&#8221; custom_padding=&#8221;||1px|||&#8221; global_colors_info=&#8221;{}&#8221;][et_pb_column type=&#8221;4_4&#8243; _builder_version=&#8221;4.16&#8243; _module_preset=&#8221;default&#8221; global_colors_info=&#8221;{}&#8221;][et_pb_blurb title=&#8221;Fotogalerie&#8221; content_max_width=&#8221;100%&#8221; _builder_version=&#8221;4.20.0&#8243; _module_preset=&#8221;default&#8221; header_level=&#8221;h2&#8243; header_font=&#8221;|800|on||||||&#8221; header_text_align=&#8221;center&#8221; text_orientation=&#8221;center&#8221; global_colors_info=&#8221;{}&#8221;][\/et_pb_blurb][et_pb_text _builder_version=&#8221;4.20.0&#8243; _module_preset=&#8221;default&#8221; global_colors_info=&#8221;{}&#8221;]<\/p>\n<p style=\"text-align: center;\">Wir verf\u00fcgen \u00fcber einen modernen Maschinenpark.<\/p>\n<p>[\/et_pb_text][et_pb_gallery gallery_ids=&#8221;1414,1420,1419,1418,1415,1416,1417,1413,1412,1527,1405,1404,1402,1401,1397,1396,1395,2630,2629,2628,2627,2626,2625,2624,2623,2622,2621,2620,2619,2618,2617,2616,2615,2614,2613,2612,2611,2610,2609,2608,2607,2606,2605,2604&#8243; gallery_orderby=&#8221;rand&#8221; posts_number=&#8221;20&#8243; show_title_and_caption=&#8221;off&#8221; _builder_version=&#8221;4.16&#8243; _module_preset=&#8221;default&#8221; global_colors_info=&#8221;{}&#8221;][\/et_pb_gallery][\/et_pb_column][\/et_pb_row][\/et_pb_section][et_pb_section fb_built=&#8221;1&#8243; _builder_version=&#8221;4.9.0&#8243; _module_preset=&#8221;default&#8221; background_color=&#8221;#E8E8E8&#8243; global_module=&#8221;2576&#8243; saved_tabs=&#8221;all&#8221; global_colors_info=&#8221;{}&#8221;][et_pb_row _builder_version=&#8221;4.16&#8243; _module_preset=&#8221;default&#8221; global_colors_info=&#8221;{}&#8221;][et_pb_column type=&#8221;4_4&#8243; _builder_version=&#8221;4.16&#8243; _module_preset=&#8221;default&#8221; global_colors_info=&#8221;{}&#8221;][et_pb_blurb title=&#8221;Pulverbeschichtungsanlage&#8221; content_max_width=&#8221;100%&#8221; _builder_version=&#8221;4.18.0&#8243; _module_preset=&#8221;default&#8221; header_level=&#8221;h2&#8243; header_font=&#8221;|800|on||||||&#8221; header_text_align=&#8221;center&#8221; text_orientation=&#8221;center&#8221; global_colors_info=&#8221;{}&#8221;]<\/p>\n<p><span>Unsere Pulverbeschichtungsanlage wurde in 2018 gegr\u00fcndet und ist eine der modernsten Anlagen dieser Art in Polen.<\/span><\/p>\n<p>[\/et_pb_blurb][\/et_pb_column][\/et_pb_row][et_pb_row column_structure=&#8221;2_3,1_3&#8243; _builder_version=&#8221;4.16&#8243; _module_preset=&#8221;default&#8221; global_colors_info=&#8221;{}&#8221;][et_pb_column type=&#8221;2_3&#8243; _builder_version=&#8221;4.16&#8243; _module_preset=&#8221;default&#8221; global_colors_info=&#8221;{}&#8221;][et_pb_video src=&#8221;https:\/\/hakotech.pl\/de\/wp-content\/uploads\/sites\/10\/2021\/04\/HAKOTECH.mp4&#8243; image_src=&#8221;https:\/\/hakotech.pl\/de\/wp-content\/uploads\/sites\/10\/2021\/05\/lakiernia_malowanie.jpg&#8221; _builder_version=&#8221;4.16&#8243; _module_preset=&#8221;default&#8221; global_colors_info=&#8221;{}&#8221;][\/et_pb_video][\/et_pb_column][et_pb_column type=&#8221;1_3&#8243; _builder_version=&#8221;4.16&#8243; _module_preset=&#8221;default&#8221; global_colors_info=&#8221;{}&#8221;][et_pb_text _builder_version=&#8221;4.16&#8243; _module_preset=&#8221;default&#8221; global_colors_info=&#8221;{}&#8221;]<\/p>\n<p style=\"text-align: justify;\">Die technischen Anforderungen an Zykluszeiten und Abmessungen f\u00fcr gro\u00dfe und kleine Werkst\u00fccke sind sehr unterschiedlich. Daher besteht unsere Lackiererei aus zwei getrennten Lackierlinien, die \u00fcblicherweise Vorbehandlung, einen chemischen Tunnel, einen K\u00fchlabschnitt und H\u00e4rtungs\u00f6fen umfassen.<\/p>\n<p style=\"text-align: justify;\">Pulverbeschichtungskabinen, Maskierungs- und Demaskierungsstationen sind aufgrund unterschiedlicher Komponenten (Gewicht; Fahrwerksvarianten) getrennt. Die einzelnen Lackierlinien k\u00f6nnen je nach Tagesbedarf mit unterschiedlichen Geschwindigkeiten angetrieben werden.<\/p>\n<p>&nbsp;<\/p>\n<p>[\/et_pb_text][\/et_pb_column][\/et_pb_row][et_pb_row _builder_version=&#8221;4.16&#8243; _module_preset=&#8221;default&#8221; global_colors_info=&#8221;{}&#8221;][et_pb_column type=&#8221;4_4&#8243; _builder_version=&#8221;4.16&#8243; _module_preset=&#8221;default&#8221; global_colors_info=&#8221;{}&#8221;][et_pb_button button_url=&#8221;\/de\/pulvernanlage\/&#8221; button_text=&#8221;Pulverbeschichtungsanlage&#8221; button_alignment=&#8221;center&#8221; _builder_version=&#8221;4.18.0&#8243; _module_preset=&#8221;default&#8221; global_colors_info=&#8221;{}&#8221;][\/et_pb_button][\/et_pb_column][\/et_pb_row][\/et_pb_section][et_pb_section fb_built=&#8221;1&#8243; _builder_version=&#8221;4.9.0&#8243; _module_preset=&#8221;default&#8221; global_module=&#8221;2583&#8243; saved_tabs=&#8221;all&#8221; global_colors_info=&#8221;{}&#8221;][et_pb_row _builder_version=&#8221;4.16&#8243; _module_preset=&#8221;default&#8221; global_colors_info=&#8221;{}&#8221;][et_pb_column type=&#8221;4_4&#8243; _builder_version=&#8221;4.16&#8243; _module_preset=&#8221;default&#8221; global_colors_info=&#8221;{}&#8221;][et_pb_blurb title=&#8221;QUALIT\u00c4TSPOLITIK&#8221; content_max_width=&#8221;100%&#8221; _builder_version=&#8221;4.16&#8243; _module_preset=&#8221;default&#8221; header_level=&#8221;h2&#8243; header_font=&#8221;|800|on||||||&#8221; header_text_align=&#8221;center&#8221; text_orientation=&#8221;center&#8221; global_colors_info=&#8221;{}&#8221;]<\/p>\n<p>Die Abteilung f\u00fcr Qualit\u00e4tskontrolle ist daf\u00fcr verantwortlich, die angemessene Qualit\u00e4t der Produkte und Prozesse sicherzustellen.<\/p>\n<p>[\/et_pb_blurb][\/et_pb_column][\/et_pb_row][et_pb_row column_structure=&#8221;1_5,1_5,1_5,1_5,1_5&#8243; _builder_version=&#8221;4.16&#8243; _module_preset=&#8221;default&#8221; global_colors_info=&#8221;{}&#8221;][et_pb_column type=&#8221;1_5&#8243; _builder_version=&#8221;4.16&#8243; _module_preset=&#8221;default&#8221; global_colors_info=&#8221;{}&#8221;][et_pb_image src=&#8221;https:\/\/hakotech.pl\/de\/wp-content\/uploads\/sites\/10\/2022\/07\/5.jpg&#8221; title_text=&#8221;5&#8243; show_in_lightbox=&#8221;on&#8221; _builder_version=&#8221;4.16&#8243; _module_preset=&#8221;default&#8221; global_colors_info=&#8221;{}&#8221;][\/et_pb_image][\/et_pb_column][et_pb_column type=&#8221;1_5&#8243; _builder_version=&#8221;4.16&#8243; _module_preset=&#8221;default&#8221; global_colors_info=&#8221;{}&#8221;][et_pb_image src=&#8221;https:\/\/hakotech.pl\/de\/wp-content\/uploads\/sites\/10\/2022\/07\/4.jpg&#8221; title_text=&#8221;4&#8243; show_in_lightbox=&#8221;on&#8221; _builder_version=&#8221;4.16&#8243; _module_preset=&#8221;default&#8221; global_colors_info=&#8221;{}&#8221;][\/et_pb_image][\/et_pb_column][et_pb_column type=&#8221;1_5&#8243; _builder_version=&#8221;4.16&#8243; _module_preset=&#8221;default&#8221; global_colors_info=&#8221;{}&#8221;][et_pb_image src=&#8221;https:\/\/hakotech.pl\/de\/wp-content\/uploads\/sites\/10\/2022\/07\/3.jpg&#8221; title_text=&#8221;3&#8243; show_in_lightbox=&#8221;on&#8221; _builder_version=&#8221;4.16&#8243; _module_preset=&#8221;default&#8221; global_colors_info=&#8221;{}&#8221;][\/et_pb_image][\/et_pb_column][et_pb_column type=&#8221;1_5&#8243; _builder_version=&#8221;4.16&#8243; _module_preset=&#8221;default&#8221; global_colors_info=&#8221;{}&#8221;][et_pb_image src=&#8221;https:\/\/hakotech.pl\/de\/wp-content\/uploads\/sites\/10\/2022\/07\/2.jpg&#8221; title_text=&#8221;2&#8243; show_in_lightbox=&#8221;on&#8221; _builder_version=&#8221;4.16&#8243; _module_preset=&#8221;default&#8221; global_colors_info=&#8221;{}&#8221;][\/et_pb_image][\/et_pb_column][et_pb_column type=&#8221;1_5&#8243; _builder_version=&#8221;4.16&#8243; _module_preset=&#8221;default&#8221; global_colors_info=&#8221;{}&#8221;][et_pb_image src=&#8221;https:\/\/hakotech.pl\/de\/wp-content\/uploads\/sites\/10\/2022\/07\/1.jpg&#8221; title_text=&#8221;1&#8243; show_in_lightbox=&#8221;on&#8221; _builder_version=&#8221;4.16&#8243; _module_preset=&#8221;default&#8221; global_colors_info=&#8221;{}&#8221;][\/et_pb_image][\/et_pb_column][\/et_pb_row][et_pb_row _builder_version=&#8221;4.16&#8243; _module_preset=&#8221;default&#8221; global_colors_info=&#8221;{}&#8221;][et_pb_column type=&#8221;4_4&#8243; _builder_version=&#8221;4.16&#8243; _module_preset=&#8221;default&#8221; global_colors_info=&#8221;{}&#8221;][et_pb_button button_url=&#8221;\/de\/uber-uns\/qualitatskontrolle\/&#8221; button_text=&#8221;Qualit\u00e4tskontrolle&#8221; button_alignment=&#8221;center&#8221; _builder_version=&#8221;4.16&#8243; _module_preset=&#8221;default&#8221; global_colors_info=&#8221;{}&#8221;][\/et_pb_button][\/et_pb_column][\/et_pb_row][\/et_pb_section][et_pb_section fb_built=&#8221;1&#8243; _builder_version=&#8221;4.9.4&#8243; _module_preset=&#8221;default&#8221; background_color=&#8221;#f9f9f9&#8243; custom_padding=&#8221;50px|||||&#8221; top_divider_arrangement=&#8221;above_content&#8221; border_width_top=&#8221;4px&#8221; border_color_top=&#8221;#BF3822&#8243; global_module=&#8221;2548&#8243; saved_tabs=&#8221;all&#8221; global_colors_info=&#8221;{}&#8221;][et_pb_row column_structure=&#8221;1_3,1_3,1_3&#8243; _builder_version=&#8221;4.16&#8243; _module_preset=&#8221;default&#8221; global_colors_info=&#8221;{}&#8221;][et_pb_column type=&#8221;1_3&#8243; _builder_version=&#8221;4.16&#8243; _module_preset=&#8221;default&#8221; global_colors_info=&#8221;{}&#8221;][et_pb_text _builder_version=&#8221;4.16&#8243; _module_preset=&#8221;default&#8221; global_colors_info=&#8221;{}&#8221;]<\/p>\n<div class=\"w-iconbox iconpos_left style_default color_primary align_center no_title\">\n<div class=\"w-iconbox-meta\">\n<div class=\"w-iconbox-text\">\n<div class=\"w-iconbox iconpos_left style_default color_primary align_center no_title\">\n<div class=\"w-iconbox-meta\">\n<div class=\"w-iconbox-text\">\n<p>Hako Technology Sp. z o.o.<br \/>Seit 1997 zusammen<br \/>NIP: 7821976958<br \/>REGON: 631031259<\/p>\n<\/div>\n<\/div>\n<\/div>\n<\/div>\n<\/div>\n<\/div>\n<p>[\/et_pb_text][\/et_pb_column][et_pb_column type=&#8221;1_3&#8243; _builder_version=&#8221;4.16&#8243; _module_preset=&#8221;default&#8221; global_colors_info=&#8221;{}&#8221;][et_pb_text _builder_version=&#8221;4.18.0&#8243; _module_preset=&#8221;default&#8221; global_colors_info=&#8221;{}&#8221;]<\/p>\n<div class=\"w-iconbox iconpos_left style_default color_primary align_center no_title\">\n<div class=\"w-iconbox-meta\">\n<div class=\"w-iconbox-text\">\n<div class=\"w-iconbox iconpos_left style_default color_primary align_center no_title\">\n<div class=\"w-iconbox-meta\">\n<div class=\"w-iconbox-text\">\n<p>+48\u00a0<strong>94 347 04 04<\/strong><br \/><a href=\"mailto:sekretariat@hakotech.pl\">sekretariat@hakotech.pl<\/a><\/p>\n<p>Sekretariat: +48\u00a0<strong>605 409 033<\/strong><br \/>Verkauf: +48\u00a0<strong>502 699 735<\/strong><br \/>Einkauf: +48 <strong>603 902 875<\/strong><\/p>\n<\/div>\n<\/div>\n<\/div>\n<\/div>\n<\/div>\n<\/div>\n<p>[\/et_pb_text][\/et_pb_column][et_pb_column type=&#8221;1_3&#8243; _builder_version=&#8221;4.16&#8243; _module_preset=&#8221;default&#8221; global_colors_info=&#8221;{}&#8221;][et_pb_text _builder_version=&#8221;4.16&#8243; _module_preset=&#8221;default&#8221; global_colors_info=&#8221;{}&#8221;]<\/p>\n<div class=\"w-iconbox iconpos_left style_default color_primary align_center no_title\">\n<div class=\"w-iconbox-meta\">\n<div class=\"w-iconbox-text\">\n<p><span class=\"fsx04\">Cha<\/span><span class=\"fsx04\">\u0142upy 30<br \/>76-024 \u015awieszyno<br \/><\/span>Polen<\/p>\n<\/div>\n<\/div>\n<\/div>\n<p>[\/et_pb_text][\/et_pb_column][\/et_pb_row][\/et_pb_section]<\/p>\n","protected":false},"excerpt":{"rendered":"<p>Maschinen Wir verf\u00fcgen \u00fcber einen umfassend ausgestatteten Maschinenpark, der einen reibungslosen und vollst\u00e4ndigen Produktionsprozess erm\u00f6glicht \u00a0 S\u00e4gen CNC-Drehmaschinen CNC Numerische Fr\u00e4smaschinen Bohrmaschinen Laser Abkantpressen Exzenterpresse Hydraulikpressen Walzmaschinen Schweissger\u00e4te MIG\/MAG \/WIG\/Mantelelektrode Druckschwei\u00dfmaschinen (station\u00e4r \/ tragbar) Bolzenschwei\u00dfger\u00e4te Manuelle Sandstrahlmaschine Automatische Sandstrahlmaschine Pyrolyse Pulverbeschichtungsanlage Wir verf\u00fcgen \u00fcber einen modernen Maschinenpark.Unsere Pulverbeschichtungsanlage wurde in 2018 gegr\u00fcndet und ist eine [&hellip;]<\/p>\n","protected":false},"author":1,"featured_media":0,"parent":0,"menu_order":0,"comment_status":"closed","ping_status":"closed","template":"","meta":{"_et_pb_use_builder":"on","_et_pb_old_content":"","_et_gb_content_width":"","footnotes":""},"class_list":["post-1613","page","type-page","status-publish","hentry"],"yoast_head":"<!-- This site is optimized with the Yoast SEO plugin v27.6 - https:\/\/yoast.com\/product\/yoast-seo-wordpress\/ -->\n<title>Maschinenpark - DE Hako Technology Sp. z o.o.<\/title>\n<meta name=\"robots\" content=\"index, follow, max-snippet:-1, max-image-preview:large, max-video-preview:-1\" \/>\n<link rel=\"canonical\" href=\"https:\/\/hakotech.pl\/de\/maschinenpark\/\" \/>\n<meta property=\"og:locale\" content=\"pl_PL\" \/>\n<meta property=\"og:type\" content=\"article\" \/>\n<meta property=\"og:title\" content=\"Maschinenpark - DE Hako Technology Sp. z o.o.\" \/>\n<meta property=\"og:description\" content=\"Maschinen Wir verf\u00fcgen \u00fcber einen umfassend ausgestatteten Maschinenpark, der einen reibungslosen und vollst\u00e4ndigen Produktionsprozess erm\u00f6glicht \u00a0 S\u00e4gen CNC-Drehmaschinen CNC Numerische Fr\u00e4smaschinen Bohrmaschinen Laser Abkantpressen Exzenterpresse Hydraulikpressen Walzmaschinen Schweissger\u00e4te MIG\/MAG \/WIG\/Mantelelektrode Druckschwei\u00dfmaschinen (station\u00e4r \/ tragbar) Bolzenschwei\u00dfger\u00e4te Manuelle Sandstrahlmaschine Automatische Sandstrahlmaschine Pyrolyse Pulverbeschichtungsanlage Wir verf\u00fcgen \u00fcber einen modernen Maschinenpark.Unsere Pulverbeschichtungsanlage wurde in 2018 gegr\u00fcndet und ist eine [&hellip;]\" \/>\n<meta property=\"og:url\" content=\"https:\/\/hakotech.pl\/de\/maschinenpark\/\" \/>\n<meta property=\"og:site_name\" content=\"DE Hako Technology Sp. z o.o.\" \/>\n<meta property=\"article:modified_time\" content=\"2025-06-04T10:45:28+00:00\" \/>\n<meta name=\"twitter:card\" content=\"summary_large_image\" \/>\n<meta name=\"twitter:label1\" content=\"Szacowany czas czytania\" \/>\n\t<meta name=\"twitter:data1\" content=\"6 minut\" \/>\n<script type=\"application\/ld+json\" class=\"yoast-schema-graph\">{\"@context\":\"https:\\\/\\\/schema.org\",\"@graph\":[{\"@type\":\"WebPage\",\"@id\":\"https:\\\/\\\/hakotech.pl\\\/de\\\/maschinenpark\\\/\",\"url\":\"https:\\\/\\\/hakotech.pl\\\/de\\\/maschinenpark\\\/\",\"name\":\"Maschinenpark - DE Hako Technology Sp. z o.o.\",\"isPartOf\":{\"@id\":\"https:\\\/\\\/hakotech.pl\\\/de\\\/#website\"},\"datePublished\":\"2021-03-03T21:53:32+00:00\",\"dateModified\":\"2025-06-04T10:45:28+00:00\",\"breadcrumb\":{\"@id\":\"https:\\\/\\\/hakotech.pl\\\/de\\\/maschinenpark\\\/#breadcrumb\"},\"inLanguage\":\"pl-PL\",\"potentialAction\":[{\"@type\":\"ReadAction\",\"target\":[\"https:\\\/\\\/hakotech.pl\\\/de\\\/maschinenpark\\\/\"]}]},{\"@type\":\"BreadcrumbList\",\"@id\":\"https:\\\/\\\/hakotech.pl\\\/de\\\/maschinenpark\\\/#breadcrumb\",\"itemListElement\":[{\"@type\":\"ListItem\",\"position\":1,\"name\":\"Strona g\u0142\u00f3wna\",\"item\":\"https:\\\/\\\/hakotech.pl\\\/de\\\/\"},{\"@type\":\"ListItem\",\"position\":2,\"name\":\"Maschinenpark\"}]},{\"@type\":\"WebSite\",\"@id\":\"https:\\\/\\\/hakotech.pl\\\/de\\\/#website\",\"url\":\"https:\\\/\\\/hakotech.pl\\\/de\\\/\",\"name\":\"DE Hako Technology Sp. z o.o.\",\"description\":\"Hako Technology\",\"potentialAction\":[{\"@type\":\"SearchAction\",\"target\":{\"@type\":\"EntryPoint\",\"urlTemplate\":\"https:\\\/\\\/hakotech.pl\\\/de\\\/?s={search_term_string}\"},\"query-input\":{\"@type\":\"PropertyValueSpecification\",\"valueRequired\":true,\"valueName\":\"search_term_string\"}}],\"inLanguage\":\"pl-PL\"}]}<\/script>\n<!-- \/ Yoast SEO plugin. -->","yoast_head_json":{"title":"Maschinenpark - DE Hako Technology Sp. z o.o.","robots":{"index":"index","follow":"follow","max-snippet":"max-snippet:-1","max-image-preview":"max-image-preview:large","max-video-preview":"max-video-preview:-1"},"canonical":"https:\/\/hakotech.pl\/de\/maschinenpark\/","og_locale":"pl_PL","og_type":"article","og_title":"Maschinenpark - DE Hako Technology Sp. z o.o.","og_description":"Maschinen Wir verf\u00fcgen \u00fcber einen umfassend ausgestatteten Maschinenpark, der einen reibungslosen und vollst\u00e4ndigen Produktionsprozess erm\u00f6glicht \u00a0 S\u00e4gen CNC-Drehmaschinen CNC Numerische Fr\u00e4smaschinen Bohrmaschinen Laser Abkantpressen Exzenterpresse Hydraulikpressen Walzmaschinen Schweissger\u00e4te MIG\/MAG \/WIG\/Mantelelektrode Druckschwei\u00dfmaschinen (station\u00e4r \/ tragbar) Bolzenschwei\u00dfger\u00e4te Manuelle Sandstrahlmaschine Automatische Sandstrahlmaschine Pyrolyse Pulverbeschichtungsanlage Wir verf\u00fcgen \u00fcber einen modernen Maschinenpark.Unsere Pulverbeschichtungsanlage wurde in 2018 gegr\u00fcndet und ist eine [&hellip;]","og_url":"https:\/\/hakotech.pl\/de\/maschinenpark\/","og_site_name":"DE Hako Technology Sp. z o.o.","article_modified_time":"2025-06-04T10:45:28+00:00","twitter_card":"summary_large_image","twitter_misc":{"Szacowany czas czytania":"6 minut"},"schema":{"@context":"https:\/\/schema.org","@graph":[{"@type":"WebPage","@id":"https:\/\/hakotech.pl\/de\/maschinenpark\/","url":"https:\/\/hakotech.pl\/de\/maschinenpark\/","name":"Maschinenpark - DE Hako Technology Sp. z o.o.","isPartOf":{"@id":"https:\/\/hakotech.pl\/de\/#website"},"datePublished":"2021-03-03T21:53:32+00:00","dateModified":"2025-06-04T10:45:28+00:00","breadcrumb":{"@id":"https:\/\/hakotech.pl\/de\/maschinenpark\/#breadcrumb"},"inLanguage":"pl-PL","potentialAction":[{"@type":"ReadAction","target":["https:\/\/hakotech.pl\/de\/maschinenpark\/"]}]},{"@type":"BreadcrumbList","@id":"https:\/\/hakotech.pl\/de\/maschinenpark\/#breadcrumb","itemListElement":[{"@type":"ListItem","position":1,"name":"Strona g\u0142\u00f3wna","item":"https:\/\/hakotech.pl\/de\/"},{"@type":"ListItem","position":2,"name":"Maschinenpark"}]},{"@type":"WebSite","@id":"https:\/\/hakotech.pl\/de\/#website","url":"https:\/\/hakotech.pl\/de\/","name":"DE Hako Technology Sp. z o.o.","description":"Hako Technology","potentialAction":[{"@type":"SearchAction","target":{"@type":"EntryPoint","urlTemplate":"https:\/\/hakotech.pl\/de\/?s={search_term_string}"},"query-input":{"@type":"PropertyValueSpecification","valueRequired":true,"valueName":"search_term_string"}}],"inLanguage":"pl-PL"}]}},"_links":{"self":[{"href":"https:\/\/hakotech.pl\/de\/wp-json\/wp\/v2\/pages\/1613","targetHints":{"allow":["GET"]}}],"collection":[{"href":"https:\/\/hakotech.pl\/de\/wp-json\/wp\/v2\/pages"}],"about":[{"href":"https:\/\/hakotech.pl\/de\/wp-json\/wp\/v2\/types\/page"}],"author":[{"embeddable":true,"href":"https:\/\/hakotech.pl\/de\/wp-json\/wp\/v2\/users\/1"}],"replies":[{"embeddable":true,"href":"https:\/\/hakotech.pl\/de\/wp-json\/wp\/v2\/comments?post=1613"}],"version-history":[{"count":22,"href":"https:\/\/hakotech.pl\/de\/wp-json\/wp\/v2\/pages\/1613\/revisions"}],"predecessor-version":[{"id":3624,"href":"https:\/\/hakotech.pl\/de\/wp-json\/wp\/v2\/pages\/1613\/revisions\/3624"}],"wp:attachment":[{"href":"https:\/\/hakotech.pl\/de\/wp-json\/wp\/v2\/media?parent=1613"}],"curies":[{"name":"wp","href":"https:\/\/api.w.org\/{rel}","templated":true}]}}