{"id":1635,"date":"2021-03-03T22:19:55","date_gmt":"2021-03-03T22:19:55","guid":{"rendered":"https:\/\/hakotech.pl\/de\/?page_id=1635"},"modified":"2023-03-07T10:02:12","modified_gmt":"2023-03-07T10:02:12","slug":"qualitatskontrolle","status":"publish","type":"page","link":"https:\/\/hakotech.pl\/de\/uber-uns\/qualitatskontrolle\/","title":{"rendered":"Qualit\u00e4tskontrolle"},"content":{"rendered":"<p>[et_pb_section fb_built=&#8221;1&#8243; inner_shadow=&#8221;on&#8221; fullwidth=&#8221;on&#8221; _builder_version=&#8221;4.9.4&#8243; _module_preset=&#8221;default&#8221; global_module=&#8221;36&#8243; global_colors_info=&#8221;{}&#8221;][et_pb_fullwidth_post_title meta=&#8221;off&#8221; featured_image=&#8221;off&#8221; text_color=&#8221;light&#8221; _builder_version=&#8221;4.16&#8243; _module_preset=&#8221;default&#8221; title_font=&#8221;|800|on||||||&#8221; title_line_height=&#8221;3em&#8221; background_color=&#8221;#BF3822&#8243; text_orientation=&#8221;center&#8221; custom_padding=&#8221;3px|||||&#8221; global_colors_info=&#8221;{}&#8221;][\/et_pb_fullwidth_post_title][\/et_pb_section][et_pb_section fb_built=&#8221;1&#8243; _builder_version=&#8221;4.16&#8243; _module_preset=&#8221;default&#8221; custom_padding=&#8221;|||1px||&#8221; global_colors_info=&#8221;{}&#8221;][et_pb_row _builder_version=&#8221;4.16&#8243; _module_preset=&#8221;default&#8221; global_colors_info=&#8221;{}&#8221;][et_pb_column type=&#8221;4_4&#8243; _builder_version=&#8221;4.16&#8243; _module_preset=&#8221;default&#8221; global_colors_info=&#8221;{}&#8221;][et_pb_text _builder_version=&#8221;4.16&#8243; _module_preset=&#8221;default&#8221; global_colors_info=&#8221;{}&#8221;]<\/p>\n<h2>Qualit\u00e4tskontrolle<\/h2>\n<p>Die Abteilung f\u00fcr Qualit\u00e4tskontrolle, die mit modernen Messger\u00e4ten sowie Zeiss- und Hexagon-Maschinen ausgestattet ist, mit denen Messungen mit einer Genauigkeit von wenigen Mikrometern durchgef\u00fchrt werden k\u00f6nnen, \u00fcberwacht die Gew\u00e4hrleistung der angemessenen Qualit\u00e4t von Produkten und Prozessen.<\/p>\n<p>[\/et_pb_text][\/et_pb_column][\/et_pb_row][et_pb_row column_structure=&#8221;2_5,3_5&#8243; _builder_version=&#8221;4.16&#8243; _module_preset=&#8221;default&#8221; global_colors_info=&#8221;{}&#8221;][et_pb_column type=&#8221;2_5&#8243; _builder_version=&#8221;4.16&#8243; _module_preset=&#8221;default&#8221; global_colors_info=&#8221;{}&#8221;][et_pb_image src=&#8221;https:\/\/hakotech.pl\/de\/wp-content\/uploads\/sites\/10\/2021\/04\/zalecenia_dokumentacja_techniczna.jpg&#8221; title_text=&#8221;dokument&#8221; url=&#8221;https:\/\/hakotech.pl\/wp-content\/uploads\/2021\/07\/polityka_jakosci.pdf&#8221; url_new_window=&#8221;on&#8221; _builder_version=&#8221;4.16&#8243; _module_preset=&#8221;default&#8221; width=&#8221;50%&#8221; module_alignment=&#8221;center&#8221; global_colors_info=&#8221;{}&#8221;][\/et_pb_image][\/et_pb_column][et_pb_column type=&#8221;3_5&#8243; _builder_version=&#8221;4.16&#8243; _module_preset=&#8221;default&#8221; global_colors_info=&#8221;{}&#8221;][et_pb_blurb title=&#8221;QUALIT\u00c4TSPOLITIK&#8221; content_max_width=&#8221;100%&#8221; _builder_version=&#8221;4.16&#8243; _module_preset=&#8221;default&#8221; header_level=&#8221;h2&#8243; header_font=&#8221;|800|on||||||&#8221; header_text_align=&#8221;center&#8221; text_orientation=&#8221;center&#8221; global_colors_info=&#8221;{}&#8221;]<\/p>\n<p>Hako Technology<\/p>\n<p>[\/et_pb_blurb][et_pb_text _builder_version=&#8221;4.20.0&#8243; _module_preset=&#8221;default&#8221; hover_enabled=&#8221;0&#8243; global_colors_info=&#8221;{}&#8221; sticky_enabled=&#8221;0&#8243;]<\/p>\n<p><span><strong>Zufriedenheit unserer Kunden <\/strong>Das Hauptziel der Qualit\u00e4tspolitik besteht darin, sicherzustellen, dass die von uns angebotenen Produkte und Dienstleistungen den Anforderungen, Bed\u00fcrfnissen und Erwartungen unserer Kunden entsprechen und sie voll und ganz zufrieden stellen.<\/span><\/p>\n<p><span>Die Implementierung, Aufrechterhaltung und kontinuierliche Verbesserung des Managementsystems gem\u00e4\u00df den Anforderungen der Norm EN ISO 9001:2015 gibt uns die M\u00f6glichkeit, die implementierten Prozesse in Bezug auf die Qualit\u00e4t bei Hako Technology <br \/>Sp. z o.o. zu \u00fcberwachen und fortlaufend zu kontrollieren.<\/span><\/p>\n<p><span>Das wichtigste Ziel des Unternehmens ist die Herstellung und Montage von Schwei\u00dfelementen aus Kohlestahl, Edelstahl und Aluminium sowie die Pulverbeschichtung.<\/span><\/p>\n<p><span>Das wichtigste Kriterium zur Beurteilung unserer T\u00e4tigkeit ist die Zufriedenheit unserer Kunden, denen wir durch einen kontinuierlichen Verbesserungsprozess in den Bereichen Qualit\u00e4t, termingerechte Abwicklung sowie Kostenoptimierung, Zuverl\u00e4ssigkeit und Professionalismus im Bereich der erbrachten Dienstleistungen gew\u00e4hrleisten. Bei unseren Bem\u00fchungen versuchen wir sicherzustellen, dass in jedem Fall die Qualit\u00e4tsstandards eingehalten werden, die die Erreichung des angestrebten Ziels und die Kundenzufriedenheit garantieren.<\/span><\/p>\n<p><span>Die Hauptziele und Ma\u00dfnahmenbereiche bei der Umsetzung der Qualit\u00e4tsmanagementpolitik:<\/span><\/p>\n<ul>\n<li><span>Funktionieren des Unternehmens in \u00dcbereinstimmung mit den geltenden Vorschriften und Normen;<\/span><\/li>\n<li><span>Entwicklung des Unternehmens durch St\u00e4rkung seiner Position auf dem lokalen, inl\u00e4ndischen und ausl\u00e4ndischen Markt;<\/span><\/li>\n<li><span>Sicherstellung einer erh\u00f6hten Kundenzufriedenheit und die einer einwandfreien Ausf\u00fchrung von Vertr\u00e4gen und Bestellungen;<\/span><\/li>\n<li><span>Zusammenarbeit mit Lieferanten, die \u00fcber ausgewiesene Kompetenzen verf\u00fcgen und unsere Qualit\u00e4tsanforderungen erf\u00fcllen;<\/span><\/li>\n<li><span>Modernisierung der bestehenden Maschinen zur Erbringung von Dienstleistungen;<\/span><\/li>\n<li><span>bei Fehlern nicht nur die Auswirkungen, sondern auch die Ursachen beseitigen, um deren Wiederholung in der Zukunft zu vermeiden;<\/span><\/li>\n<li><span>F\u00f6rderung der Einbeziehung aller Mitarbeiter in Angelegenheiten von allgemein verstandener Qualit\u00e4t;<\/span><\/li>\n<li><span>Verbesserung des menschlichen Potenzials und Steigerung des Qualit\u00e4tsbewusstseins durch die Durchf\u00fchrung systematischer Schulungen;<\/span><\/li>\n<li><span>kontinuierliche Verbesserung des entwickelten und implementierten Managementsystems;<\/span><\/li>\n<li><span>Verpflichtung zur Konsultation und Beteiligung der Mitarbeiter und ihrer Vertreter.<\/span><\/li>\n<\/ul>\n<p><span>Durch die Einf\u00fchrung und Aufrechterhaltung des Managementsystems nach der Norm EN ISO 9001:2015 best\u00e4tigen wir die Glaubw\u00fcrdigkeit unserer T\u00e4tigkeit, was die Zufriedenheit unserer Kunden zur Folge hat.<\/span><\/p>\n<p><span>Die oberste Leitung der Hako Technology Sp. z o.o. erkl\u00e4rt das allgemeine Engagement aller Mitarbeiter f\u00fcr Qualit\u00e4tsangelegenheiten.<\/span><\/p>\n<p><span>Die Qualit\u00e4tsmanagementpolitik steht im Einklang mit dem Kontext der Organisation, ist allen Mitarbeitern bekannt, wird angewendet und steht allen Beteiligten zur Verf\u00fcgung.<\/span><\/p>\n<p>&nbsp;<\/p>\n<p>PROKURIST<\/p>\n<p><span><u>06.10.2020\u00a0\u00a0\u00a0\u00a0\u00a0\u00a0\u00a0\u00a0\u00a0\u00a0 <\/u><\/span><\/p>\n<p>[\/et_pb_text][\/et_pb_column][\/et_pb_row][\/et_pb_section][et_pb_section fb_built=&#8221;1&#8243; _builder_version=&#8221;4.9.0&#8243; _module_preset=&#8221;default&#8221; global_module=&#8221;2583&#8243; saved_tabs=&#8221;all&#8221; global_colors_info=&#8221;{}&#8221;][et_pb_row _builder_version=&#8221;4.16&#8243; _module_preset=&#8221;default&#8221; global_colors_info=&#8221;{}&#8221;][et_pb_column type=&#8221;4_4&#8243; _builder_version=&#8221;4.16&#8243; _module_preset=&#8221;default&#8221; global_colors_info=&#8221;{}&#8221;][et_pb_blurb title=&#8221;QUALIT\u00c4TSPOLITIK&#8221; content_max_width=&#8221;100%&#8221; _builder_version=&#8221;4.16&#8243; _module_preset=&#8221;default&#8221; header_level=&#8221;h2&#8243; header_font=&#8221;|800|on||||||&#8221; header_text_align=&#8221;center&#8221; text_orientation=&#8221;center&#8221; global_colors_info=&#8221;{}&#8221;]<\/p>\n<p>Die Abteilung f\u00fcr Qualit\u00e4tskontrolle ist daf\u00fcr verantwortlich, die angemessene Qualit\u00e4t der Produkte und Prozesse sicherzustellen.<\/p>\n<p>[\/et_pb_blurb][\/et_pb_column][\/et_pb_row][et_pb_row column_structure=&#8221;1_5,1_5,1_5,1_5,1_5&#8243; _builder_version=&#8221;4.16&#8243; _module_preset=&#8221;default&#8221; global_colors_info=&#8221;{}&#8221;][et_pb_column type=&#8221;1_5&#8243; _builder_version=&#8221;4.16&#8243; _module_preset=&#8221;default&#8221; global_colors_info=&#8221;{}&#8221;][et_pb_image src=&#8221;https:\/\/hakotech.pl\/de\/wp-content\/uploads\/sites\/10\/2022\/07\/5.jpg&#8221; title_text=&#8221;5&#8243; show_in_lightbox=&#8221;on&#8221; _builder_version=&#8221;4.16&#8243; _module_preset=&#8221;default&#8221; global_colors_info=&#8221;{}&#8221;][\/et_pb_image][\/et_pb_column][et_pb_column type=&#8221;1_5&#8243; _builder_version=&#8221;4.16&#8243; _module_preset=&#8221;default&#8221; global_colors_info=&#8221;{}&#8221;][et_pb_image src=&#8221;https:\/\/hakotech.pl\/de\/wp-content\/uploads\/sites\/10\/2022\/07\/4.jpg&#8221; title_text=&#8221;4&#8243; show_in_lightbox=&#8221;on&#8221; _builder_version=&#8221;4.16&#8243; _module_preset=&#8221;default&#8221; global_colors_info=&#8221;{}&#8221;][\/et_pb_image][\/et_pb_column][et_pb_column type=&#8221;1_5&#8243; _builder_version=&#8221;4.16&#8243; _module_preset=&#8221;default&#8221; global_colors_info=&#8221;{}&#8221;][et_pb_image src=&#8221;https:\/\/hakotech.pl\/de\/wp-content\/uploads\/sites\/10\/2022\/07\/3.jpg&#8221; title_text=&#8221;3&#8243; show_in_lightbox=&#8221;on&#8221; _builder_version=&#8221;4.16&#8243; _module_preset=&#8221;default&#8221; global_colors_info=&#8221;{}&#8221;][\/et_pb_image][\/et_pb_column][et_pb_column type=&#8221;1_5&#8243; _builder_version=&#8221;4.16&#8243; _module_preset=&#8221;default&#8221; global_colors_info=&#8221;{}&#8221;][et_pb_image src=&#8221;https:\/\/hakotech.pl\/de\/wp-content\/uploads\/sites\/10\/2022\/07\/2.jpg&#8221; title_text=&#8221;2&#8243; show_in_lightbox=&#8221;on&#8221; _builder_version=&#8221;4.16&#8243; _module_preset=&#8221;default&#8221; global_colors_info=&#8221;{}&#8221;][\/et_pb_image][\/et_pb_column][et_pb_column type=&#8221;1_5&#8243; _builder_version=&#8221;4.16&#8243; _module_preset=&#8221;default&#8221; global_colors_info=&#8221;{}&#8221;][et_pb_image src=&#8221;https:\/\/hakotech.pl\/de\/wp-content\/uploads\/sites\/10\/2022\/07\/1.jpg&#8221; title_text=&#8221;1&#8243; show_in_lightbox=&#8221;on&#8221; _builder_version=&#8221;4.16&#8243; _module_preset=&#8221;default&#8221; global_colors_info=&#8221;{}&#8221;][\/et_pb_image][\/et_pb_column][\/et_pb_row][et_pb_row _builder_version=&#8221;4.16&#8243; _module_preset=&#8221;default&#8221; global_colors_info=&#8221;{}&#8221;][et_pb_column type=&#8221;4_4&#8243; _builder_version=&#8221;4.16&#8243; _module_preset=&#8221;default&#8221; global_colors_info=&#8221;{}&#8221;][et_pb_button button_url=&#8221;\/de\/uber-uns\/qualitatskontrolle\/&#8221; button_text=&#8221;Qualit\u00e4tskontrolle&#8221; button_alignment=&#8221;center&#8221; _builder_version=&#8221;4.16&#8243; _module_preset=&#8221;default&#8221; global_colors_info=&#8221;{}&#8221;][\/et_pb_button][\/et_pb_column][\/et_pb_row][\/et_pb_section][et_pb_section fb_built=&#8221;1&#8243; _builder_version=&#8221;4.9.4&#8243; _module_preset=&#8221;default&#8221; background_color=&#8221;#f9f9f9&#8243; custom_padding=&#8221;50px|||||&#8221; top_divider_arrangement=&#8221;above_content&#8221; border_width_top=&#8221;4px&#8221; border_color_top=&#8221;#BF3822&#8243; global_module=&#8221;2548&#8243; saved_tabs=&#8221;all&#8221; global_colors_info=&#8221;{}&#8221;][et_pb_row column_structure=&#8221;1_3,1_3,1_3&#8243; _builder_version=&#8221;4.16&#8243; _module_preset=&#8221;default&#8221; global_colors_info=&#8221;{}&#8221;][et_pb_column type=&#8221;1_3&#8243; _builder_version=&#8221;4.16&#8243; _module_preset=&#8221;default&#8221; global_colors_info=&#8221;{}&#8221;][et_pb_text _builder_version=&#8221;4.16&#8243; _module_preset=&#8221;default&#8221; global_colors_info=&#8221;{}&#8221;]<\/p>\n<div class=\"w-iconbox iconpos_left style_default color_primary align_center no_title\">\n<div class=\"w-iconbox-meta\">\n<div class=\"w-iconbox-text\">\n<div class=\"w-iconbox iconpos_left style_default color_primary align_center no_title\">\n<div class=\"w-iconbox-meta\">\n<div class=\"w-iconbox-text\">\n<p>Hako Technology Sp. z o.o.<br \/>Seit 1997 zusammen<br \/>NIP: 7821976958<br \/>REGON: 631031259<\/p>\n<\/div>\n<\/div>\n<\/div>\n<\/div>\n<\/div>\n<\/div>\n<p>[\/et_pb_text][\/et_pb_column][et_pb_column type=&#8221;1_3&#8243; _builder_version=&#8221;4.16&#8243; _module_preset=&#8221;default&#8221; global_colors_info=&#8221;{}&#8221;][et_pb_text _builder_version=&#8221;4.18.0&#8243; _module_preset=&#8221;default&#8221; global_colors_info=&#8221;{}&#8221;]<\/p>\n<div class=\"w-iconbox iconpos_left style_default color_primary align_center no_title\">\n<div class=\"w-iconbox-meta\">\n<div class=\"w-iconbox-text\">\n<div class=\"w-iconbox iconpos_left style_default color_primary align_center no_title\">\n<div class=\"w-iconbox-meta\">\n<div class=\"w-iconbox-text\">\n<p>+48\u00a0<strong>94 347 04 04<\/strong><br \/><a href=\"mailto:sekretariat@hakotech.pl\">sekretariat@hakotech.pl<\/a><\/p>\n<p>Sekretariat: +48\u00a0<strong>605 409 033<\/strong><br \/>Verkauf: +48\u00a0<strong>502 699 735<\/strong><br \/>Einkauf: +48 <strong>603 902 875<\/strong><\/p>\n<\/div>\n<\/div>\n<\/div>\n<\/div>\n<\/div>\n<\/div>\n<p>[\/et_pb_text][\/et_pb_column][et_pb_column type=&#8221;1_3&#8243; _builder_version=&#8221;4.16&#8243; _module_preset=&#8221;default&#8221; global_colors_info=&#8221;{}&#8221;][et_pb_text _builder_version=&#8221;4.16&#8243; _module_preset=&#8221;default&#8221; global_colors_info=&#8221;{}&#8221;]<\/p>\n<div class=\"w-iconbox iconpos_left style_default color_primary align_center no_title\">\n<div class=\"w-iconbox-meta\">\n<div class=\"w-iconbox-text\">\n<p><span class=\"fsx04\">Cha<\/span><span class=\"fsx04\">\u0142upy 30<br \/>76-024 \u015awieszyno<br \/><\/span>Polen<\/p>\n<\/div>\n<\/div>\n<\/div>\n<p>[\/et_pb_text][\/et_pb_column][\/et_pb_row][\/et_pb_section]<\/p>\n","protected":false},"excerpt":{"rendered":"<p>Qualit\u00e4tskontrolle Die Abteilung f\u00fcr Qualit\u00e4tskontrolle, die mit modernen Messger\u00e4ten sowie Zeiss- und Hexagon-Maschinen ausgestattet ist, mit denen Messungen mit einer Genauigkeit von wenigen Mikrometern durchgef\u00fchrt werden k\u00f6nnen, \u00fcberwacht die Gew\u00e4hrleistung der angemessenen Qualit\u00e4t von Produkten und Prozessen.Hako TechnologyZufriedenheit unserer Kunden Das Hauptziel der Qualit\u00e4tspolitik besteht darin, sicherzustellen, dass die von uns angebotenen Produkte und Dienstleistungen [&hellip;]<\/p>\n","protected":false},"author":1,"featured_media":0,"parent":1594,"menu_order":0,"comment_status":"closed","ping_status":"closed","template":"","meta":{"_et_pb_use_builder":"on","_et_pb_old_content":"","_et_gb_content_width":"","footnotes":""},"class_list":["post-1635","page","type-page","status-publish","hentry"],"yoast_head":"<!-- This site is optimized with the Yoast SEO plugin v27.5 - https:\/\/yoast.com\/product\/yoast-seo-wordpress\/ -->\n<title>Qualit\u00e4tskontrolle - DE Hako Technology Sp. z o.o.<\/title>\n<meta name=\"robots\" content=\"index, follow, max-snippet:-1, max-image-preview:large, max-video-preview:-1\" \/>\n<link rel=\"canonical\" href=\"https:\/\/hakotech.pl\/de\/uber-uns\/qualitatskontrolle\/\" \/>\n<meta property=\"og:locale\" content=\"pl_PL\" \/>\n<meta property=\"og:type\" content=\"article\" \/>\n<meta property=\"og:title\" content=\"Qualit\u00e4tskontrolle - DE Hako Technology Sp. z o.o.\" \/>\n<meta property=\"og:description\" content=\"Qualit\u00e4tskontrolle Die Abteilung f\u00fcr Qualit\u00e4tskontrolle, die mit modernen Messger\u00e4ten sowie Zeiss- und Hexagon-Maschinen ausgestattet ist, mit denen Messungen mit einer Genauigkeit von wenigen Mikrometern durchgef\u00fchrt werden k\u00f6nnen, \u00fcberwacht die Gew\u00e4hrleistung der angemessenen Qualit\u00e4t von Produkten und Prozessen.Hako TechnologyZufriedenheit unserer Kunden Das Hauptziel der Qualit\u00e4tspolitik besteht darin, sicherzustellen, dass die von uns angebotenen Produkte und Dienstleistungen [&hellip;]\" \/>\n<meta property=\"og:url\" content=\"https:\/\/hakotech.pl\/de\/uber-uns\/qualitatskontrolle\/\" \/>\n<meta property=\"og:site_name\" content=\"DE Hako Technology Sp. z o.o.\" \/>\n<meta property=\"article:modified_time\" content=\"2023-03-07T10:02:12+00:00\" \/>\n<meta name=\"twitter:card\" content=\"summary_large_image\" \/>\n<meta name=\"twitter:label1\" content=\"Szacowany czas czytania\" \/>\n\t<meta name=\"twitter:data1\" content=\"6 minut\" \/>\n<script type=\"application\/ld+json\" class=\"yoast-schema-graph\">{\"@context\":\"https:\\\/\\\/schema.org\",\"@graph\":[{\"@type\":\"WebPage\",\"@id\":\"https:\\\/\\\/hakotech.pl\\\/de\\\/uber-uns\\\/qualitatskontrolle\\\/\",\"url\":\"https:\\\/\\\/hakotech.pl\\\/de\\\/uber-uns\\\/qualitatskontrolle\\\/\",\"name\":\"Qualit\u00e4tskontrolle - DE Hako Technology Sp. z o.o.\",\"isPartOf\":{\"@id\":\"https:\\\/\\\/hakotech.pl\\\/de\\\/#website\"},\"datePublished\":\"2021-03-03T22:19:55+00:00\",\"dateModified\":\"2023-03-07T10:02:12+00:00\",\"breadcrumb\":{\"@id\":\"https:\\\/\\\/hakotech.pl\\\/de\\\/uber-uns\\\/qualitatskontrolle\\\/#breadcrumb\"},\"inLanguage\":\"pl-PL\",\"potentialAction\":[{\"@type\":\"ReadAction\",\"target\":[\"https:\\\/\\\/hakotech.pl\\\/de\\\/uber-uns\\\/qualitatskontrolle\\\/\"]}]},{\"@type\":\"BreadcrumbList\",\"@id\":\"https:\\\/\\\/hakotech.pl\\\/de\\\/uber-uns\\\/qualitatskontrolle\\\/#breadcrumb\",\"itemListElement\":[{\"@type\":\"ListItem\",\"position\":1,\"name\":\"Strona g\u0142\u00f3wna\",\"item\":\"https:\\\/\\\/hakotech.pl\\\/de\\\/\"},{\"@type\":\"ListItem\",\"position\":2,\"name\":\"\u00dcber uns\",\"item\":\"https:\\\/\\\/hakotech.pl\\\/de\\\/uber-uns\\\/\"},{\"@type\":\"ListItem\",\"position\":3,\"name\":\"Qualit\u00e4tskontrolle\"}]},{\"@type\":\"WebSite\",\"@id\":\"https:\\\/\\\/hakotech.pl\\\/de\\\/#website\",\"url\":\"https:\\\/\\\/hakotech.pl\\\/de\\\/\",\"name\":\"DE Hako Technology Sp. z o.o.\",\"description\":\"Hako Technology\",\"potentialAction\":[{\"@type\":\"SearchAction\",\"target\":{\"@type\":\"EntryPoint\",\"urlTemplate\":\"https:\\\/\\\/hakotech.pl\\\/de\\\/?s={search_term_string}\"},\"query-input\":{\"@type\":\"PropertyValueSpecification\",\"valueRequired\":true,\"valueName\":\"search_term_string\"}}],\"inLanguage\":\"pl-PL\"}]}<\/script>\n<!-- \/ Yoast SEO plugin. -->","yoast_head_json":{"title":"Qualit\u00e4tskontrolle - DE Hako Technology Sp. z o.o.","robots":{"index":"index","follow":"follow","max-snippet":"max-snippet:-1","max-image-preview":"max-image-preview:large","max-video-preview":"max-video-preview:-1"},"canonical":"https:\/\/hakotech.pl\/de\/uber-uns\/qualitatskontrolle\/","og_locale":"pl_PL","og_type":"article","og_title":"Qualit\u00e4tskontrolle - DE Hako Technology Sp. z o.o.","og_description":"Qualit\u00e4tskontrolle Die Abteilung f\u00fcr Qualit\u00e4tskontrolle, die mit modernen Messger\u00e4ten sowie Zeiss- und Hexagon-Maschinen ausgestattet ist, mit denen Messungen mit einer Genauigkeit von wenigen Mikrometern durchgef\u00fchrt werden k\u00f6nnen, \u00fcberwacht die Gew\u00e4hrleistung der angemessenen Qualit\u00e4t von Produkten und Prozessen.Hako TechnologyZufriedenheit unserer Kunden Das Hauptziel der Qualit\u00e4tspolitik besteht darin, sicherzustellen, dass die von uns angebotenen Produkte und Dienstleistungen [&hellip;]","og_url":"https:\/\/hakotech.pl\/de\/uber-uns\/qualitatskontrolle\/","og_site_name":"DE Hako Technology Sp. z o.o.","article_modified_time":"2023-03-07T10:02:12+00:00","twitter_card":"summary_large_image","twitter_misc":{"Szacowany czas czytania":"6 minut"},"schema":{"@context":"https:\/\/schema.org","@graph":[{"@type":"WebPage","@id":"https:\/\/hakotech.pl\/de\/uber-uns\/qualitatskontrolle\/","url":"https:\/\/hakotech.pl\/de\/uber-uns\/qualitatskontrolle\/","name":"Qualit\u00e4tskontrolle - DE Hako Technology Sp. z o.o.","isPartOf":{"@id":"https:\/\/hakotech.pl\/de\/#website"},"datePublished":"2021-03-03T22:19:55+00:00","dateModified":"2023-03-07T10:02:12+00:00","breadcrumb":{"@id":"https:\/\/hakotech.pl\/de\/uber-uns\/qualitatskontrolle\/#breadcrumb"},"inLanguage":"pl-PL","potentialAction":[{"@type":"ReadAction","target":["https:\/\/hakotech.pl\/de\/uber-uns\/qualitatskontrolle\/"]}]},{"@type":"BreadcrumbList","@id":"https:\/\/hakotech.pl\/de\/uber-uns\/qualitatskontrolle\/#breadcrumb","itemListElement":[{"@type":"ListItem","position":1,"name":"Strona g\u0142\u00f3wna","item":"https:\/\/hakotech.pl\/de\/"},{"@type":"ListItem","position":2,"name":"\u00dcber uns","item":"https:\/\/hakotech.pl\/de\/uber-uns\/"},{"@type":"ListItem","position":3,"name":"Qualit\u00e4tskontrolle"}]},{"@type":"WebSite","@id":"https:\/\/hakotech.pl\/de\/#website","url":"https:\/\/hakotech.pl\/de\/","name":"DE Hako Technology Sp. z o.o.","description":"Hako Technology","potentialAction":[{"@type":"SearchAction","target":{"@type":"EntryPoint","urlTemplate":"https:\/\/hakotech.pl\/de\/?s={search_term_string}"},"query-input":{"@type":"PropertyValueSpecification","valueRequired":true,"valueName":"search_term_string"}}],"inLanguage":"pl-PL"}]}},"_links":{"self":[{"href":"https:\/\/hakotech.pl\/de\/wp-json\/wp\/v2\/pages\/1635","targetHints":{"allow":["GET"]}}],"collection":[{"href":"https:\/\/hakotech.pl\/de\/wp-json\/wp\/v2\/pages"}],"about":[{"href":"https:\/\/hakotech.pl\/de\/wp-json\/wp\/v2\/types\/page"}],"author":[{"embeddable":true,"href":"https:\/\/hakotech.pl\/de\/wp-json\/wp\/v2\/users\/1"}],"replies":[{"embeddable":true,"href":"https:\/\/hakotech.pl\/de\/wp-json\/wp\/v2\/comments?post=1635"}],"version-history":[{"count":34,"href":"https:\/\/hakotech.pl\/de\/wp-json\/wp\/v2\/pages\/1635\/revisions"}],"predecessor-version":[{"id":3474,"href":"https:\/\/hakotech.pl\/de\/wp-json\/wp\/v2\/pages\/1635\/revisions\/3474"}],"up":[{"embeddable":true,"href":"https:\/\/hakotech.pl\/de\/wp-json\/wp\/v2\/pages\/1594"}],"wp:attachment":[{"href":"https:\/\/hakotech.pl\/de\/wp-json\/wp\/v2\/media?parent=1635"}],"curies":[{"name":"wp","href":"https:\/\/api.w.org\/{rel}","templated":true}]}}