{"id":1986,"date":"2021-04-09T12:00:58","date_gmt":"2021-04-09T12:00:58","guid":{"rendered":"https:\/\/hakotech.pl\/de\/?page_id=1986"},"modified":"2023-03-07T10:27:21","modified_gmt":"2023-03-07T10:27:21","slug":"unsere-starken","status":"publish","type":"page","link":"https:\/\/hakotech.pl\/de\/uber-uns\/unsere-starken\/","title":{"rendered":"Unsere St\u00e4rken"},"content":{"rendered":"<p>[et_pb_section fb_built=&#8221;1&#8243; inner_shadow=&#8221;on&#8221; fullwidth=&#8221;on&#8221; _builder_version=&#8221;4.9.4&#8243; _module_preset=&#8221;default&#8221; global_module=&#8221;36&#8243; global_colors_info=&#8221;{}&#8221;][et_pb_fullwidth_post_title meta=&#8221;off&#8221; featured_image=&#8221;off&#8221; text_color=&#8221;light&#8221; _builder_version=&#8221;4.16&#8243; _module_preset=&#8221;default&#8221; title_font=&#8221;|800|on||||||&#8221; title_line_height=&#8221;3em&#8221; background_color=&#8221;#BF3822&#8243; text_orientation=&#8221;center&#8221; custom_padding=&#8221;3px|||||&#8221; global_colors_info=&#8221;{}&#8221;][\/et_pb_fullwidth_post_title][\/et_pb_section][et_pb_section fb_built=&#8221;1&#8243; _builder_version=&#8221;4.16&#8243; _module_preset=&#8221;default&#8221; min_height=&#8221;245px&#8221; custom_padding=&#8221;||0px|||&#8221; global_colors_info=&#8221;{}&#8221;][et_pb_row _builder_version=&#8221;4.16&#8243; _module_preset=&#8221;default&#8221; global_colors_info=&#8221;{}&#8221;][et_pb_column type=&#8221;4_4&#8243; _builder_version=&#8221;4.16&#8243; _module_preset=&#8221;default&#8221; global_colors_info=&#8221;{}&#8221;][et_pb_text _builder_version=&#8221;4.16&#8243; _module_preset=&#8221;default&#8221; global_colors_info=&#8221;{}&#8221;]<\/p>\n<h2>Unsere St\u00e4rken:<\/h2>\n<ul>\n<li>Wir besitzen eine der modernsten Lackieranlagen in Polen<\/li>\n<li>Hohe Produktionsstandards basierend auf den ISO-Normen<\/li>\n<li>Flexibilit\u00e4t<\/li>\n<li>Hohes Know-how der Mitarbeiter<\/li>\n<li>Steuerung der Produktionsprozesse mit Hilfe des ERP-Systems \u2013 SAP<\/li>\n<li>Zuverl\u00e4ssige und termingerechte Lieferanten<\/li>\n<li>Materialien von h\u00f6chster Qualit\u00e4t<\/li>\n<li>Breite Palette von Dienstleistungen in der Branche<\/li>\n<li>LEAN Manufacturing, Kanban, Kaizen (KVP), 5S<\/li>\n<li>25 Jahre Erfahrung in der Bearbeitung von Kohlenstoffstahl und Qualit\u00e4tsstahl<\/li>\n<li>H\u00f6chste Qualit\u00e4t der hergestellten Produkte<\/li>\n<li>Unterst\u00fctzung vom Entwurf bis zur Ausf\u00fchrung<\/li>\n<li>Eigene Speditionsflotte<\/li>\n<li>Eigenes Lager<\/li>\n<li>Abteilung f\u00fcr Konstruktion und Werkzeugbau<\/li>\n<\/ul>\n<p>&nbsp;<\/p>\n<p>&nbsp;<\/p>\n<p>[\/et_pb_text][\/et_pb_column][\/et_pb_row][\/et_pb_section][et_pb_section fb_built=&#8221;1&#8243; _builder_version=&#8221;4.9.0&#8243; _module_preset=&#8221;default&#8221; background_color=&#8221;#E8E8E8&#8243; custom_padding=&#8221;||7px|||&#8221; global_module=&#8221;2582&#8243; saved_tabs=&#8221;all&#8221; global_colors_info=&#8221;{}&#8221;][et_pb_row _builder_version=&#8221;4.16&#8243; _module_preset=&#8221;default&#8221; global_colors_info=&#8221;{}&#8221;][et_pb_column type=&#8221;4_4&#8243; _builder_version=&#8221;4.16&#8243; _module_preset=&#8221;default&#8221; global_colors_info=&#8221;{}&#8221;][et_pb_blurb title=&#8221;Produkte&#8221; content_max_width=&#8221;100%&#8221; _builder_version=&#8221;4.16&#8243; _module_preset=&#8221;default&#8221; header_level=&#8221;h2&#8243; header_font=&#8221;|800|on||||||&#8221; header_text_align=&#8221;center&#8221; text_orientation=&#8221;center&#8221; global_colors_info=&#8221;{}&#8221;][\/et_pb_blurb][\/et_pb_column][\/et_pb_row][et_pb_row column_structure=&#8221;1_3,2_3&#8243; _builder_version=&#8221;4.16&#8243; _module_preset=&#8221;default&#8221; custom_padding=&#8221;||8px|||&#8221; global_colors_info=&#8221;{}&#8221;][et_pb_column type=&#8221;1_3&#8243; _builder_version=&#8221;4.16&#8243; _module_preset=&#8221;default&#8221; global_colors_info=&#8221;{}&#8221;][et_pb_image src=&#8221;https:\/\/hakotech.pl\/de\/wp-content\/uploads\/sites\/10\/2021\/03\/Citymaster-1600.png&#8221; title_text=&#8221;Citymaster-1600&#8243; _builder_version=&#8221;4.16&#8243; _module_preset=&#8221;default&#8221; global_colors_info=&#8221;{}&#8221;][\/et_pb_image][\/et_pb_column][et_pb_column type=&#8221;2_3&#8243; _builder_version=&#8221;4.16&#8243; _module_preset=&#8221;default&#8221; global_colors_info=&#8221;{}&#8221;][et_pb_text _builder_version=&#8221;4.19.2&#8243; _module_preset=&#8221;default&#8221; custom_padding=&#8221;||3px|||&#8221; global_colors_info=&#8221;{}&#8221;]<\/p>\n<p>Wir fertigen Komponenten f\u00fcr Reinigungsmaschinen. Wir stellen Komponenten f\u00fcr Reinigungsmaschinen innerhalb und au\u00dferhalb von Geb\u00e4uden her, um die Sauberkeit von Gemeinschaftsbereichen und die Pflege von Gr\u00fcnfl\u00e4chen zu gew\u00e4hrleisten. Wir sind stolz darauf, an der Herstellung von Kehrmaschinen, Scheuersaugmaschinen, Industriestaubsaugern und Poliermaschinen beteiligt zu sein, die in allen gro\u00dfen Handelsketten in Polen und auf der ganzen Welt eingesetzt werden.<\/p>\n<p>Wir produzieren auch Schwei\u00dfteile f\u00fcr Schlepper, Stra\u00dfenkehrmaschinen, M\u00e4hmaschinen, Ger\u00e4tetr\u00e4ger f\u00fcr die Stadtbegr\u00fcnung und die bei uns sehr beliebten Transporter der Marke Multicar.<\/p>\n<p>Hako Technology ist auch Lieferant f\u00fcr andere Unternehmen aus Polen, Deutschland, D\u00e4nemark und den Niederlanden, die in den Bereichen Stra\u00dfenmarkierungssysteme, Landwirtschaft und Viehzucht sowie Produktion von Maschinen f\u00fcr die Verpackungsindustrie t\u00e4tig sind.<\/p>\n<p><span>\u00a0<\/span><\/p>\n<p>[\/et_pb_text][et_pb_button button_url=&#8221;\/de\/produkte\/&#8221; button_text=&#8221;Produkte&#8221; button_alignment=&#8221;center&#8221; _builder_version=&#8221;4.16&#8243; _module_preset=&#8221;default&#8221; global_colors_info=&#8221;{}&#8221;][\/et_pb_button][\/et_pb_column][\/et_pb_row][\/et_pb_section][et_pb_section fb_built=&#8221;1&#8243; _builder_version=&#8221;4.9.0&#8243; _module_preset=&#8221;default&#8221; global_module=&#8221;2583&#8243; saved_tabs=&#8221;all&#8221; global_colors_info=&#8221;{}&#8221;][et_pb_row _builder_version=&#8221;4.16&#8243; _module_preset=&#8221;default&#8221; global_colors_info=&#8221;{}&#8221;][et_pb_column type=&#8221;4_4&#8243; _builder_version=&#8221;4.16&#8243; _module_preset=&#8221;default&#8221; global_colors_info=&#8221;{}&#8221;][et_pb_blurb title=&#8221;QUALIT\u00c4TSPOLITIK&#8221; content_max_width=&#8221;100%&#8221; _builder_version=&#8221;4.16&#8243; _module_preset=&#8221;default&#8221; header_level=&#8221;h2&#8243; header_font=&#8221;|800|on||||||&#8221; header_text_align=&#8221;center&#8221; text_orientation=&#8221;center&#8221; global_colors_info=&#8221;{}&#8221;]<\/p>\n<p>Die Abteilung f\u00fcr Qualit\u00e4tskontrolle ist daf\u00fcr verantwortlich, die angemessene Qualit\u00e4t der Produkte und Prozesse sicherzustellen.<\/p>\n<p>[\/et_pb_blurb][\/et_pb_column][\/et_pb_row][et_pb_row column_structure=&#8221;1_5,1_5,1_5,1_5,1_5&#8243; _builder_version=&#8221;4.16&#8243; _module_preset=&#8221;default&#8221; global_colors_info=&#8221;{}&#8221;][et_pb_column type=&#8221;1_5&#8243; _builder_version=&#8221;4.16&#8243; _module_preset=&#8221;default&#8221; global_colors_info=&#8221;{}&#8221;][et_pb_image src=&#8221;https:\/\/hakotech.pl\/de\/wp-content\/uploads\/sites\/10\/2022\/07\/5.jpg&#8221; title_text=&#8221;5&#8243; show_in_lightbox=&#8221;on&#8221; _builder_version=&#8221;4.16&#8243; _module_preset=&#8221;default&#8221; global_colors_info=&#8221;{}&#8221;][\/et_pb_image][\/et_pb_column][et_pb_column type=&#8221;1_5&#8243; _builder_version=&#8221;4.16&#8243; _module_preset=&#8221;default&#8221; global_colors_info=&#8221;{}&#8221;][et_pb_image src=&#8221;https:\/\/hakotech.pl\/de\/wp-content\/uploads\/sites\/10\/2022\/07\/4.jpg&#8221; title_text=&#8221;4&#8243; show_in_lightbox=&#8221;on&#8221; _builder_version=&#8221;4.16&#8243; _module_preset=&#8221;default&#8221; global_colors_info=&#8221;{}&#8221;][\/et_pb_image][\/et_pb_column][et_pb_column type=&#8221;1_5&#8243; _builder_version=&#8221;4.16&#8243; _module_preset=&#8221;default&#8221; global_colors_info=&#8221;{}&#8221;][et_pb_image src=&#8221;https:\/\/hakotech.pl\/de\/wp-content\/uploads\/sites\/10\/2022\/07\/3.jpg&#8221; title_text=&#8221;3&#8243; show_in_lightbox=&#8221;on&#8221; _builder_version=&#8221;4.16&#8243; _module_preset=&#8221;default&#8221; global_colors_info=&#8221;{}&#8221;][\/et_pb_image][\/et_pb_column][et_pb_column type=&#8221;1_5&#8243; _builder_version=&#8221;4.16&#8243; _module_preset=&#8221;default&#8221; global_colors_info=&#8221;{}&#8221;][et_pb_image src=&#8221;https:\/\/hakotech.pl\/de\/wp-content\/uploads\/sites\/10\/2022\/07\/2.jpg&#8221; title_text=&#8221;2&#8243; show_in_lightbox=&#8221;on&#8221; _builder_version=&#8221;4.16&#8243; _module_preset=&#8221;default&#8221; global_colors_info=&#8221;{}&#8221;][\/et_pb_image][\/et_pb_column][et_pb_column type=&#8221;1_5&#8243; _builder_version=&#8221;4.16&#8243; _module_preset=&#8221;default&#8221; global_colors_info=&#8221;{}&#8221;][et_pb_image src=&#8221;https:\/\/hakotech.pl\/de\/wp-content\/uploads\/sites\/10\/2022\/07\/1.jpg&#8221; title_text=&#8221;1&#8243; show_in_lightbox=&#8221;on&#8221; _builder_version=&#8221;4.16&#8243; _module_preset=&#8221;default&#8221; global_colors_info=&#8221;{}&#8221;][\/et_pb_image][\/et_pb_column][\/et_pb_row][et_pb_row _builder_version=&#8221;4.16&#8243; _module_preset=&#8221;default&#8221; global_colors_info=&#8221;{}&#8221;][et_pb_column type=&#8221;4_4&#8243; _builder_version=&#8221;4.16&#8243; _module_preset=&#8221;default&#8221; global_colors_info=&#8221;{}&#8221;][et_pb_button button_url=&#8221;\/de\/uber-uns\/qualitatskontrolle\/&#8221; button_text=&#8221;Qualit\u00e4tskontrolle&#8221; button_alignment=&#8221;center&#8221; _builder_version=&#8221;4.16&#8243; _module_preset=&#8221;default&#8221; global_colors_info=&#8221;{}&#8221;][\/et_pb_button][\/et_pb_column][\/et_pb_row][\/et_pb_section][et_pb_section fb_built=&#8221;1&#8243; _builder_version=&#8221;4.9.0&#8243; _module_preset=&#8221;default&#8221; background_color=&#8221;#E8E8E8&#8243; global_module=&#8221;2576&#8243; saved_tabs=&#8221;all&#8221; global_colors_info=&#8221;{}&#8221;][et_pb_row _builder_version=&#8221;4.16&#8243; _module_preset=&#8221;default&#8221; global_colors_info=&#8221;{}&#8221;][et_pb_column type=&#8221;4_4&#8243; _builder_version=&#8221;4.16&#8243; _module_preset=&#8221;default&#8221; global_colors_info=&#8221;{}&#8221;][et_pb_blurb title=&#8221;Pulverbeschichtungsanlage&#8221; content_max_width=&#8221;100%&#8221; _builder_version=&#8221;4.18.0&#8243; _module_preset=&#8221;default&#8221; header_level=&#8221;h2&#8243; header_font=&#8221;|800|on||||||&#8221; header_text_align=&#8221;center&#8221; text_orientation=&#8221;center&#8221; global_colors_info=&#8221;{}&#8221;]<\/p>\n<p><span>Unsere Pulverbeschichtungsanlage wurde in 2018 gegr\u00fcndet und ist eine der modernsten Anlagen dieser Art in Polen.<\/span><\/p>\n<p>[\/et_pb_blurb][\/et_pb_column][\/et_pb_row][et_pb_row column_structure=&#8221;2_3,1_3&#8243; _builder_version=&#8221;4.16&#8243; _module_preset=&#8221;default&#8221; global_colors_info=&#8221;{}&#8221;][et_pb_column type=&#8221;2_3&#8243; _builder_version=&#8221;4.16&#8243; _module_preset=&#8221;default&#8221; global_colors_info=&#8221;{}&#8221;][et_pb_video src=&#8221;https:\/\/hakotech.pl\/de\/wp-content\/uploads\/sites\/10\/2021\/04\/HAKOTECH.mp4&#8243; image_src=&#8221;https:\/\/hakotech.pl\/de\/wp-content\/uploads\/sites\/10\/2021\/05\/lakiernia_malowanie.jpg&#8221; _builder_version=&#8221;4.16&#8243; _module_preset=&#8221;default&#8221; global_colors_info=&#8221;{}&#8221;][\/et_pb_video][\/et_pb_column][et_pb_column type=&#8221;1_3&#8243; _builder_version=&#8221;4.16&#8243; _module_preset=&#8221;default&#8221; global_colors_info=&#8221;{}&#8221;][et_pb_text _builder_version=&#8221;4.16&#8243; _module_preset=&#8221;default&#8221; global_colors_info=&#8221;{}&#8221;]<\/p>\n<p style=\"text-align: justify;\">Die technischen Anforderungen an Zykluszeiten und Abmessungen f\u00fcr gro\u00dfe und kleine Werkst\u00fccke sind sehr unterschiedlich. Daher besteht unsere Lackiererei aus zwei getrennten Lackierlinien, die \u00fcblicherweise Vorbehandlung, einen chemischen Tunnel, einen K\u00fchlabschnitt und H\u00e4rtungs\u00f6fen umfassen.<\/p>\n<p style=\"text-align: justify;\">Pulverbeschichtungskabinen, Maskierungs- und Demaskierungsstationen sind aufgrund unterschiedlicher Komponenten (Gewicht; Fahrwerksvarianten) getrennt. Die einzelnen Lackierlinien k\u00f6nnen je nach Tagesbedarf mit unterschiedlichen Geschwindigkeiten angetrieben werden.<\/p>\n<p>&nbsp;<\/p>\n<p>[\/et_pb_text][\/et_pb_column][\/et_pb_row][et_pb_row _builder_version=&#8221;4.16&#8243; _module_preset=&#8221;default&#8221; global_colors_info=&#8221;{}&#8221;][et_pb_column type=&#8221;4_4&#8243; _builder_version=&#8221;4.16&#8243; _module_preset=&#8221;default&#8221; global_colors_info=&#8221;{}&#8221;][et_pb_button button_url=&#8221;\/de\/pulvernanlage\/&#8221; button_text=&#8221;Pulverbeschichtungsanlage&#8221; button_alignment=&#8221;center&#8221; _builder_version=&#8221;4.18.0&#8243; _module_preset=&#8221;default&#8221; global_colors_info=&#8221;{}&#8221;][\/et_pb_button][\/et_pb_column][\/et_pb_row][\/et_pb_section][et_pb_section fb_built=&#8221;1&#8243; _builder_version=&#8221;4.9.0&#8243; _module_preset=&#8221;default&#8221; background_color=&#8221;#FFFFFF&#8221; global_module=&#8221;2590&#8243; saved_tabs=&#8221;all&#8221; global_colors_info=&#8221;{}&#8221;][et_pb_row _builder_version=&#8221;4.16&#8243; _module_preset=&#8221;default&#8221; global_colors_info=&#8221;{}&#8221;][et_pb_column type=&#8221;4_4&#8243; _builder_version=&#8221;4.16&#8243; _module_preset=&#8221;default&#8221; global_colors_info=&#8221;{}&#8221;][et_pb_blurb title=&#8221;Maschinenpark&#8221; content_max_width=&#8221;100%&#8221; _builder_version=&#8221;4.18.0&#8243; _module_preset=&#8221;default&#8221; header_level=&#8221;h2&#8243; header_font=&#8221;|800|on||||||&#8221; header_text_align=&#8221;center&#8221; text_orientation=&#8221;center&#8221; global_colors_info=&#8221;{}&#8221;][\/et_pb_blurb][\/et_pb_column][\/et_pb_row][et_pb_row column_structure=&#8221;3_5,2_5&#8243; _builder_version=&#8221;4.16&#8243; _module_preset=&#8221;default&#8221; global_colors_info=&#8221;{}&#8221;][et_pb_column type=&#8221;3_5&#8243; _builder_version=&#8221;4.16&#8243; _module_preset=&#8221;default&#8221; global_colors_info=&#8221;{}&#8221;][et_pb_video src=&#8221;https:\/\/hakotech.pl\/de\/wp-content\/uploads\/sites\/10\/2021\/07\/hako_video.mp4&#8243; _builder_version=&#8221;4.16&#8243; _module_preset=&#8221;default&#8221; global_colors_info=&#8221;{}&#8221;][\/et_pb_video][\/et_pb_column][et_pb_column type=&#8221;2_5&#8243; _builder_version=&#8221;4.16&#8243; _module_preset=&#8221;default&#8221; global_colors_info=&#8221;{}&#8221;][et_pb_text _builder_version=&#8221;4.16&#8243; _module_preset=&#8221;default&#8221; global_colors_info=&#8221;{}&#8221;]<\/p>\n<p style=\"text-align: justify;\">Wir verf\u00fcgen \u00fcber einen umfassend ausgestatteten Maschinenpark, der einen reibungslosen und vollst\u00e4ndigen Produktionsprozess erm\u00f6glicht.<\/p>\n<p>[\/et_pb_text][\/et_pb_column][\/et_pb_row][et_pb_row _builder_version=&#8221;4.16&#8243; _module_preset=&#8221;default&#8221; global_colors_info=&#8221;{}&#8221;][et_pb_column type=&#8221;4_4&#8243; _builder_version=&#8221;4.16&#8243; _module_preset=&#8221;default&#8221; global_colors_info=&#8221;{}&#8221;][et_pb_gallery gallery_ids=&#8221;1414,1420,1418,1416,1417,1413,1412,1405,1404,1402,1401,1397,1396,1395,2630,2629,2628,2627,2626,2625,2624,2623,2622,2621,2620,2619,2618,2617,2616,2615,2614,2613,2611,2612,2610,2609,2608,2607,2606,2605,2604&#8243; gallery_orderby=&#8221;rand&#8221; show_title_and_caption=&#8221;off&#8221; show_pagination=&#8221;off&#8221; _builder_version=&#8221;4.16&#8243; _module_preset=&#8221;default&#8221; global_colors_info=&#8221;{}&#8221;][\/et_pb_gallery][\/et_pb_column][\/et_pb_row][et_pb_row _builder_version=&#8221;4.16&#8243; _module_preset=&#8221;default&#8221; global_colors_info=&#8221;{}&#8221;][et_pb_column type=&#8221;4_4&#8243; _builder_version=&#8221;4.16&#8243; _module_preset=&#8221;default&#8221; global_colors_info=&#8221;{}&#8221;][et_pb_button button_url=&#8221;\/de\/maschinenpark\/&#8221; button_text=&#8221;Maschinenspezifikationen&#8221; button_alignment=&#8221;center&#8221; _builder_version=&#8221;4.18.0&#8243; _module_preset=&#8221;default&#8221; global_colors_info=&#8221;{}&#8221;][\/et_pb_button][\/et_pb_column][\/et_pb_row][\/et_pb_section][et_pb_section fb_built=&#8221;1&#8243; _builder_version=&#8221;4.9.4&#8243; _module_preset=&#8221;default&#8221; background_color=&#8221;#f9f9f9&#8243; custom_padding=&#8221;50px|||||&#8221; top_divider_arrangement=&#8221;above_content&#8221; border_width_top=&#8221;4px&#8221; border_color_top=&#8221;#BF3822&#8243; global_module=&#8221;2548&#8243; saved_tabs=&#8221;all&#8221; global_colors_info=&#8221;{}&#8221;][et_pb_row column_structure=&#8221;1_3,1_3,1_3&#8243; _builder_version=&#8221;4.16&#8243; _module_preset=&#8221;default&#8221; global_colors_info=&#8221;{}&#8221;][et_pb_column type=&#8221;1_3&#8243; _builder_version=&#8221;4.16&#8243; _module_preset=&#8221;default&#8221; global_colors_info=&#8221;{}&#8221;][et_pb_text _builder_version=&#8221;4.16&#8243; _module_preset=&#8221;default&#8221; global_colors_info=&#8221;{}&#8221;]<\/p>\n<div class=\"w-iconbox iconpos_left style_default color_primary align_center no_title\">\n<div class=\"w-iconbox-meta\">\n<div class=\"w-iconbox-text\">\n<div class=\"w-iconbox iconpos_left style_default color_primary align_center no_title\">\n<div class=\"w-iconbox-meta\">\n<div class=\"w-iconbox-text\">\n<p>Hako Technology Sp. z o.o.<br \/>Seit 1997 zusammen<br \/>NIP: 7821976958<br \/>REGON: 631031259<\/p>\n<\/div>\n<\/div>\n<\/div>\n<\/div>\n<\/div>\n<\/div>\n<p>[\/et_pb_text][\/et_pb_column][et_pb_column type=&#8221;1_3&#8243; _builder_version=&#8221;4.16&#8243; _module_preset=&#8221;default&#8221; global_colors_info=&#8221;{}&#8221;][et_pb_text _builder_version=&#8221;4.18.0&#8243; _module_preset=&#8221;default&#8221; global_colors_info=&#8221;{}&#8221;]<\/p>\n<div class=\"w-iconbox iconpos_left style_default color_primary align_center no_title\">\n<div class=\"w-iconbox-meta\">\n<div class=\"w-iconbox-text\">\n<div class=\"w-iconbox iconpos_left style_default color_primary align_center no_title\">\n<div class=\"w-iconbox-meta\">\n<div class=\"w-iconbox-text\">\n<p>+48\u00a0<strong>94 347 04 04<\/strong><br \/><a href=\"mailto:sekretariat@hakotech.pl\">sekretariat@hakotech.pl<\/a><\/p>\n<p>Sekretariat: +48\u00a0<strong>605 409 033<\/strong><br \/>Verkauf: +48\u00a0<strong>502 699 735<\/strong><br \/>Einkauf: +48 <strong>603 902 875<\/strong><\/p>\n<\/div>\n<\/div>\n<\/div>\n<\/div>\n<\/div>\n<\/div>\n<p>[\/et_pb_text][\/et_pb_column][et_pb_column type=&#8221;1_3&#8243; _builder_version=&#8221;4.16&#8243; _module_preset=&#8221;default&#8221; global_colors_info=&#8221;{}&#8221;][et_pb_text _builder_version=&#8221;4.16&#8243; _module_preset=&#8221;default&#8221; global_colors_info=&#8221;{}&#8221;]<\/p>\n<div class=\"w-iconbox iconpos_left style_default color_primary align_center no_title\">\n<div class=\"w-iconbox-meta\">\n<div class=\"w-iconbox-text\">\n<p><span class=\"fsx04\">Cha<\/span><span class=\"fsx04\">\u0142upy 30<br \/>76-024 \u015awieszyno<br \/><\/span>Polen<\/p>\n<\/div>\n<\/div>\n<\/div>\n<p>[\/et_pb_text][\/et_pb_column][\/et_pb_row][\/et_pb_section]<\/p>\n","protected":false},"excerpt":{"rendered":"<p>Unsere St\u00e4rken: Wir besitzen eine der modernsten Lackieranlagen in Polen Hohe Produktionsstandards basierend auf den ISO-Normen Flexibilit\u00e4t Hohes Know-how der Mitarbeiter Steuerung der Produktionsprozesse mit Hilfe des ERP-Systems \u2013 SAP Zuverl\u00e4ssige und termingerechte Lieferanten Materialien von h\u00f6chster Qualit\u00e4t Breite Palette von Dienstleistungen in der Branche LEAN Manufacturing, Kanban, Kaizen (KVP), 5S 25 Jahre Erfahrung in [&hellip;]<\/p>\n","protected":false},"author":1,"featured_media":0,"parent":1594,"menu_order":0,"comment_status":"closed","ping_status":"closed","template":"","meta":{"_et_pb_use_builder":"on","_et_pb_old_content":"","_et_gb_content_width":"","footnotes":""},"class_list":["post-1986","page","type-page","status-publish","hentry"],"yoast_head":"<!-- This site is optimized with the Yoast SEO plugin v27.6 - https:\/\/yoast.com\/product\/yoast-seo-wordpress\/ -->\n<title>Unsere St\u00e4rken - DE Hako Technology Sp. z o.o.<\/title>\n<meta name=\"robots\" content=\"index, follow, max-snippet:-1, max-image-preview:large, max-video-preview:-1\" \/>\n<link rel=\"canonical\" href=\"https:\/\/hakotech.pl\/de\/uber-uns\/unsere-starken\/\" \/>\n<meta property=\"og:locale\" content=\"pl_PL\" \/>\n<meta property=\"og:type\" content=\"article\" \/>\n<meta property=\"og:title\" content=\"Unsere St\u00e4rken - DE Hako Technology Sp. z o.o.\" \/>\n<meta property=\"og:description\" content=\"Unsere St\u00e4rken: Wir besitzen eine der modernsten Lackieranlagen in Polen Hohe Produktionsstandards basierend auf den ISO-Normen Flexibilit\u00e4t Hohes Know-how der Mitarbeiter Steuerung der Produktionsprozesse mit Hilfe des ERP-Systems \u2013 SAP Zuverl\u00e4ssige und termingerechte Lieferanten Materialien von h\u00f6chster Qualit\u00e4t Breite Palette von Dienstleistungen in der Branche LEAN Manufacturing, Kanban, Kaizen (KVP), 5S 25 Jahre Erfahrung in [&hellip;]\" \/>\n<meta property=\"og:url\" content=\"https:\/\/hakotech.pl\/de\/uber-uns\/unsere-starken\/\" \/>\n<meta property=\"og:site_name\" content=\"DE Hako Technology Sp. z o.o.\" \/>\n<meta property=\"article:modified_time\" content=\"2023-03-07T10:27:21+00:00\" \/>\n<meta name=\"twitter:card\" content=\"summary_large_image\" \/>\n<meta name=\"twitter:label1\" content=\"Szacowany czas czytania\" \/>\n\t<meta name=\"twitter:data1\" content=\"9 minut\" \/>\n<script type=\"application\/ld+json\" class=\"yoast-schema-graph\">{\"@context\":\"https:\\\/\\\/schema.org\",\"@graph\":[{\"@type\":\"WebPage\",\"@id\":\"https:\\\/\\\/hakotech.pl\\\/de\\\/uber-uns\\\/unsere-starken\\\/\",\"url\":\"https:\\\/\\\/hakotech.pl\\\/de\\\/uber-uns\\\/unsere-starken\\\/\",\"name\":\"Unsere St\u00e4rken - DE Hako Technology Sp. z o.o.\",\"isPartOf\":{\"@id\":\"https:\\\/\\\/hakotech.pl\\\/de\\\/#website\"},\"datePublished\":\"2021-04-09T12:00:58+00:00\",\"dateModified\":\"2023-03-07T10:27:21+00:00\",\"breadcrumb\":{\"@id\":\"https:\\\/\\\/hakotech.pl\\\/de\\\/uber-uns\\\/unsere-starken\\\/#breadcrumb\"},\"inLanguage\":\"pl-PL\",\"potentialAction\":[{\"@type\":\"ReadAction\",\"target\":[\"https:\\\/\\\/hakotech.pl\\\/de\\\/uber-uns\\\/unsere-starken\\\/\"]}]},{\"@type\":\"BreadcrumbList\",\"@id\":\"https:\\\/\\\/hakotech.pl\\\/de\\\/uber-uns\\\/unsere-starken\\\/#breadcrumb\",\"itemListElement\":[{\"@type\":\"ListItem\",\"position\":1,\"name\":\"Strona g\u0142\u00f3wna\",\"item\":\"https:\\\/\\\/hakotech.pl\\\/de\\\/\"},{\"@type\":\"ListItem\",\"position\":2,\"name\":\"\u00dcber uns\",\"item\":\"https:\\\/\\\/hakotech.pl\\\/de\\\/uber-uns\\\/\"},{\"@type\":\"ListItem\",\"position\":3,\"name\":\"Unsere St\u00e4rken\"}]},{\"@type\":\"WebSite\",\"@id\":\"https:\\\/\\\/hakotech.pl\\\/de\\\/#website\",\"url\":\"https:\\\/\\\/hakotech.pl\\\/de\\\/\",\"name\":\"DE Hako Technology Sp. z o.o.\",\"description\":\"Hako Technology\",\"potentialAction\":[{\"@type\":\"SearchAction\",\"target\":{\"@type\":\"EntryPoint\",\"urlTemplate\":\"https:\\\/\\\/hakotech.pl\\\/de\\\/?s={search_term_string}\"},\"query-input\":{\"@type\":\"PropertyValueSpecification\",\"valueRequired\":true,\"valueName\":\"search_term_string\"}}],\"inLanguage\":\"pl-PL\"}]}<\/script>\n<!-- \/ Yoast SEO plugin. -->","yoast_head_json":{"title":"Unsere St\u00e4rken - DE Hako Technology Sp. z o.o.","robots":{"index":"index","follow":"follow","max-snippet":"max-snippet:-1","max-image-preview":"max-image-preview:large","max-video-preview":"max-video-preview:-1"},"canonical":"https:\/\/hakotech.pl\/de\/uber-uns\/unsere-starken\/","og_locale":"pl_PL","og_type":"article","og_title":"Unsere St\u00e4rken - DE Hako Technology Sp. z o.o.","og_description":"Unsere St\u00e4rken: Wir besitzen eine der modernsten Lackieranlagen in Polen Hohe Produktionsstandards basierend auf den ISO-Normen Flexibilit\u00e4t Hohes Know-how der Mitarbeiter Steuerung der Produktionsprozesse mit Hilfe des ERP-Systems \u2013 SAP Zuverl\u00e4ssige und termingerechte Lieferanten Materialien von h\u00f6chster Qualit\u00e4t Breite Palette von Dienstleistungen in der Branche LEAN Manufacturing, Kanban, Kaizen (KVP), 5S 25 Jahre Erfahrung in [&hellip;]","og_url":"https:\/\/hakotech.pl\/de\/uber-uns\/unsere-starken\/","og_site_name":"DE Hako Technology Sp. z o.o.","article_modified_time":"2023-03-07T10:27:21+00:00","twitter_card":"summary_large_image","twitter_misc":{"Szacowany czas czytania":"9 minut"},"schema":{"@context":"https:\/\/schema.org","@graph":[{"@type":"WebPage","@id":"https:\/\/hakotech.pl\/de\/uber-uns\/unsere-starken\/","url":"https:\/\/hakotech.pl\/de\/uber-uns\/unsere-starken\/","name":"Unsere St\u00e4rken - DE Hako Technology Sp. z o.o.","isPartOf":{"@id":"https:\/\/hakotech.pl\/de\/#website"},"datePublished":"2021-04-09T12:00:58+00:00","dateModified":"2023-03-07T10:27:21+00:00","breadcrumb":{"@id":"https:\/\/hakotech.pl\/de\/uber-uns\/unsere-starken\/#breadcrumb"},"inLanguage":"pl-PL","potentialAction":[{"@type":"ReadAction","target":["https:\/\/hakotech.pl\/de\/uber-uns\/unsere-starken\/"]}]},{"@type":"BreadcrumbList","@id":"https:\/\/hakotech.pl\/de\/uber-uns\/unsere-starken\/#breadcrumb","itemListElement":[{"@type":"ListItem","position":1,"name":"Strona g\u0142\u00f3wna","item":"https:\/\/hakotech.pl\/de\/"},{"@type":"ListItem","position":2,"name":"\u00dcber uns","item":"https:\/\/hakotech.pl\/de\/uber-uns\/"},{"@type":"ListItem","position":3,"name":"Unsere St\u00e4rken"}]},{"@type":"WebSite","@id":"https:\/\/hakotech.pl\/de\/#website","url":"https:\/\/hakotech.pl\/de\/","name":"DE Hako Technology Sp. z o.o.","description":"Hako Technology","potentialAction":[{"@type":"SearchAction","target":{"@type":"EntryPoint","urlTemplate":"https:\/\/hakotech.pl\/de\/?s={search_term_string}"},"query-input":{"@type":"PropertyValueSpecification","valueRequired":true,"valueName":"search_term_string"}}],"inLanguage":"pl-PL"}]}},"_links":{"self":[{"href":"https:\/\/hakotech.pl\/de\/wp-json\/wp\/v2\/pages\/1986","targetHints":{"allow":["GET"]}}],"collection":[{"href":"https:\/\/hakotech.pl\/de\/wp-json\/wp\/v2\/pages"}],"about":[{"href":"https:\/\/hakotech.pl\/de\/wp-json\/wp\/v2\/types\/page"}],"author":[{"embeddable":true,"href":"https:\/\/hakotech.pl\/de\/wp-json\/wp\/v2\/users\/1"}],"replies":[{"embeddable":true,"href":"https:\/\/hakotech.pl\/de\/wp-json\/wp\/v2\/comments?post=1986"}],"version-history":[{"count":21,"href":"https:\/\/hakotech.pl\/de\/wp-json\/wp\/v2\/pages\/1986\/revisions"}],"predecessor-version":[{"id":3476,"href":"https:\/\/hakotech.pl\/de\/wp-json\/wp\/v2\/pages\/1986\/revisions\/3476"}],"up":[{"embeddable":true,"href":"https:\/\/hakotech.pl\/de\/wp-json\/wp\/v2\/pages\/1594"}],"wp:attachment":[{"href":"https:\/\/hakotech.pl\/de\/wp-json\/wp\/v2\/media?parent=1986"}],"curies":[{"name":"wp","href":"https:\/\/api.w.org\/{rel}","templated":true}]}}