{"id":2115,"date":"2021-04-21T09:27:59","date_gmt":"2021-04-21T09:27:59","guid":{"rendered":"https:\/\/hakotech.pl\/de\/?page_id=2115"},"modified":"2022-12-09T10:04:48","modified_gmt":"2022-12-09T10:04:48","slug":"technische-dokumentation","status":"publish","type":"page","link":"https:\/\/hakotech.pl\/de\/kostenlose-angebote\/technische-dokumentation\/","title":{"rendered":"TECHNISCHE DOKUMENTATION"},"content":{"rendered":"<p>[et_pb_section fb_built=&#8221;1&#8243; inner_shadow=&#8221;on&#8221; fullwidth=&#8221;on&#8221; _builder_version=&#8221;4.9.4&#8243; _module_preset=&#8221;default&#8221; global_module=&#8221;36&#8243; global_colors_info=&#8221;{}&#8221;][et_pb_fullwidth_post_title meta=&#8221;off&#8221; featured_image=&#8221;off&#8221; text_color=&#8221;light&#8221; _builder_version=&#8221;4.16&#8243; _module_preset=&#8221;default&#8221; title_font=&#8221;|800|on||||||&#8221; title_line_height=&#8221;3em&#8221; background_color=&#8221;#BF3822&#8243; text_orientation=&#8221;center&#8221; custom_padding=&#8221;3px|||||&#8221; global_colors_info=&#8221;{}&#8221;][\/et_pb_fullwidth_post_title][\/et_pb_section][et_pb_section fb_built=&#8221;1&#8243; _builder_version=&#8221;4.16&#8243; _module_preset=&#8221;default&#8221; global_colors_info=&#8221;{}&#8221;][et_pb_row column_structure=&#8221;1_4,3_4&#8243; _builder_version=&#8221;4.16&#8243; _module_preset=&#8221;default&#8221; global_colors_info=&#8221;{}&#8221;][et_pb_column type=&#8221;1_4&#8243; _builder_version=&#8221;4.16&#8243; _module_preset=&#8221;default&#8221; global_colors_info=&#8221;{}&#8221;][et_pb_image src=&#8221;https:\/\/hakotech.pl\/de\/wp-content\/uploads\/sites\/10\/2021\/04\/zalecenia_dokumentacja_techniczna.jpg&#8221; title_text=&#8221;zalecenia_dokumentacja_techniczna&#8221; url=&#8221;https:\/\/hakotech.pl\/de\/wp-content\/uploads\/sites\/10\/2021\/05\/RECOMMENDATIONS_FOR_TECHNICAL_DOCUMENTATION.pdf&#8221; url_new_window=&#8221;on&#8221; use_overlay=&#8221;on&#8221; hover_icon=&#8221;&#x68;||divi||400&#8243; _builder_version=&#8221;4.16&#8243; _module_preset=&#8221;default&#8221; background_enable_image=&#8221;off&#8221; global_colors_info=&#8221;{}&#8221; src__hover_enabled=&#8221;off|hover&#8221; src__hover=&#8221;https:\/\/hakotech.pl\/de\/wp-content\/uploads\/sites\/10\/2021\/02\/ciecie_laserem-2.jpg&#8221;][\/et_pb_image][\/et_pb_column][et_pb_column type=&#8221;3_4&#8243; _builder_version=&#8221;4.16&#8243; _module_preset=&#8221;default&#8221; global_colors_info=&#8221;{}&#8221;][et_pb_text _builder_version=&#8221;4.16&#8243; _module_preset=&#8221;default&#8221; global_colors_info=&#8221;{}&#8221;]<\/p>\n<h2>1. ALLGEMEIN<\/h2>\n<p>(Allgemeine Empfehlungen enthalten Informationen, die f\u00fcr jedes Vorhaben relevant sind)<\/p>\n<p>1.1. Dokumentation erstellt ist in PL, EN, DE gem\u00e4\u00df den Regeln der technischen Zeichnung (ISO 128).<\/p>\n<p>1.2. Verwenden Sie Ihr eigenes Dateibenennungssystem &#8211; Zeichnungsnummer \/ Zeichnungsbeschreibung<\/p>\n<p>1.3. Bearbeitbare Form der hochgeladenen Dateien, bevorzugt *.dwg, *.dxf, *.STEP *.pdf<\/p>\n<p>1.4. Angaben zum Material (Sorte, Dicke, Menge, Art der Oberfl\u00e4chenbeschaffenheit usw.)<\/p>\n<p>1.5. Definieren Sie bei Beschichtungen (Lackieren, Verzinken, Vernickeln usw.) die Norm und die Anforderungen f\u00fcr den Prozess.<\/p>\n<p>1.6. Die zu den Prozessen passenden Normen und Toleranzen: Laserschneiden: PN-EN ISO 9013; mechanisch und plastisch bearbeitete Teile: PN-EN ISO 2768; geschwei\u00dfte Teile: PN-EN ISO 13920.<\/p>\n<p>1.7. Jede \u00c4nderung in der Zeichnung sollte mit einer \u00c4nderung der Revision im Dateinamen und in der Zeichnungstabelle verbunden sein (neue Revision \u2013 neue Zeichnung).<\/p>\n<p>1.8. Legen Sie keine Zeichnungen von mehreren Teilen in einer Datei vor.<\/p>\n<p>1.9. Bitte beachten Sie, dass es zul\u00e4ssig ist, die scharfen Ecken der lasergeschnittenen Teile abzurunden, Abrundungsradius ~ 10% * Materialst\u00e4rke.<\/p>\n<p>[\/et_pb_text][\/et_pb_column][\/et_pb_row][\/et_pb_section][et_pb_section fb_built=&#8221;1&#8243; _builder_version=&#8221;4.16&#8243; _module_preset=&#8221;default&#8221; background_color=&#8221;#E8E8E8&#8243; global_colors_info=&#8221;{}&#8221;][et_pb_row column_structure=&#8221;1_4,3_4&#8243; _builder_version=&#8221;4.16&#8243; _module_preset=&#8221;default&#8221; global_colors_info=&#8221;{}&#8221;][et_pb_column type=&#8221;1_4&#8243; _builder_version=&#8221;4.16&#8243; _module_preset=&#8221;default&#8221; global_colors_info=&#8221;{}&#8221;][\/et_pb_column][et_pb_column type=&#8221;3_4&#8243; _builder_version=&#8221;4.16&#8243; _module_preset=&#8221;default&#8221; global_colors_info=&#8221;{}&#8221;][et_pb_text _builder_version=&#8221;4.16&#8243; _module_preset=&#8221;default&#8221; global_colors_info=&#8221;{}&#8221;]<\/p>\n<h2>2. EMPFEHLUNGEN ZUM LASERSCHNEIDEN.<\/h2>\n<p>2.1. Zeichnungsma\u00dfstab 1: 1.<\/p>\n<p>2.2. Zeichnung im *.dxf-Format \u2013 f\u00fcr Details f\u00fcr den Laser sollte nur die Au\u00dfen- und Innenkonturen des Teils enthalten (ohne Abmessungen, Tabellen usw.).<\/p>\n<p>2.3. Keine Splines, offenen Konturen, Bl\u00f6cke, \u00fcberlappenden Linien usw.<\/p>\n<p>2.4. In wesentlichen F\u00e4llen \u2013 Markierung der Stellen von Mikroverbindungen, Gravierung (gelbe Linien), Schliffrichtung, Verteilungsrichtung in Bezug auf das Walzen von Blechen usw.<\/p>\n<p>2.5. Halten Sie sich an das Prinzip: ein Detail \u2013 eine *.dxf-Datei.<\/p>\n<p>2.6. Bitte beachten Sie, dass es zul\u00e4ssig ist, die scharfen Ecken der lasergeschnittenen Teile abzurunden, Abrundungsradius ~ 10 % * Materialst\u00e4rke.<\/p>\n<p>[\/et_pb_text][\/et_pb_column][\/et_pb_row][\/et_pb_section][et_pb_section fb_built=&#8221;1&#8243; _builder_version=&#8221;4.16&#8243; _module_preset=&#8221;default&#8221; background_enable_color=&#8221;off&#8221; global_colors_info=&#8221;{}&#8221;][et_pb_row column_structure=&#8221;1_4,3_4&#8243; _builder_version=&#8221;4.16&#8243; _module_preset=&#8221;default&#8221; global_colors_info=&#8221;{}&#8221;][et_pb_column type=&#8221;1_4&#8243; _builder_version=&#8221;4.16&#8243; _module_preset=&#8221;default&#8221; global_colors_info=&#8221;{}&#8221;][\/et_pb_column][et_pb_column type=&#8221;3_4&#8243; _builder_version=&#8221;4.16&#8243; _module_preset=&#8221;default&#8221; global_colors_info=&#8221;{}&#8221;][et_pb_text _builder_version=&#8221;4.16&#8243; _module_preset=&#8221;default&#8221; global_colors_info=&#8221;{}&#8221;]<\/p>\n<h2>3. EMPFEHLUNGEN ZUM BIEGEN<\/h2>\n<p>3.1. Liefern Sie ein *.STEP-Modell oder eine *.dwg- oder *.pdf-Zeichnung an, die das flache Muster, eingezeichnete, bema\u00dfte und beschriebene Biegelinien (Richtungen, Grade und Radien), Detailprojektionen nach dem Biegen und Informationen zur Projektionsmethode (Europ\u00e4isch\/Amerikanisch)<\/p>\n<p>3.2. Der Biegeradius sollte nicht kleiner als die Blechdicke sein (vorzugsweise ein Radius, der der Materialst\u00e4rke entspricht).<\/p>\n<p>3.3. Beachten Sie, dass es abh\u00e4ngig von der Materialst\u00e4rke minimale Biegeabst\u00e4nde gibt und \u00d6ffnungen unterhalb dieses Abstands verzerrt werden. Sie k\u00f6nnen hier externe Bearbeitungen der Kraftauswahl-Tabelle verwenden, z. B. http:\/\/www.plasmet.net\/technologia<\/p>\n<p>3.4. Biegungslinien auf Halbzeugen und bearbeiteten Teilen mit einer durchgehenden d\u00fcnnen Linie (ISO 128-20) markieren.<\/p>\n<p>[\/et_pb_text][\/et_pb_column][\/et_pb_row][\/et_pb_section][et_pb_section fb_built=&#8221;1&#8243; _builder_version=&#8221;4.16&#8243; _module_preset=&#8221;default&#8221; background_color=&#8221;#E8E8E8&#8243; global_colors_info=&#8221;{}&#8221;][et_pb_row column_structure=&#8221;1_4,3_4&#8243; _builder_version=&#8221;4.16&#8243; _module_preset=&#8221;default&#8221; global_colors_info=&#8221;{}&#8221;][et_pb_column type=&#8221;1_4&#8243; _builder_version=&#8221;4.16&#8243; _module_preset=&#8221;default&#8221; global_colors_info=&#8221;{}&#8221;][\/et_pb_column][et_pb_column type=&#8221;3_4&#8243; _builder_version=&#8221;4.16&#8243; _module_preset=&#8221;default&#8221; global_colors_info=&#8221;{}&#8221;][et_pb_text _builder_version=&#8221;4.16&#8243; _module_preset=&#8221;default&#8221; global_colors_info=&#8221;{}&#8221;]<\/p>\n<h2>4. EMPFEHLUNGEN F\u00dcR DIE MECHANISCHE BEARBEITUNG.<\/h2>\n<p>4.1. Liefern Sie nach M\u00f6glichkeit das *.STEP-Modell, das erforderliche *.dwg oder *.pdf ein.<\/p>\n<p>4.2. In der Zeichnung die Anforderungen an die Oberfl\u00e4chenqualit\u00e4t (Rauigkeit) angeben.<\/p>\n<p>4.3. Markieren Sie die Knickkanten, sowie die \u00e4u\u00dferen und inneren Radien.<\/p>\n<p>[\/et_pb_text][\/et_pb_column][\/et_pb_row][\/et_pb_section][et_pb_section fb_built=&#8221;1&#8243; _builder_version=&#8221;4.16&#8243; _module_preset=&#8221;default&#8221; background_enable_color=&#8221;off&#8221; global_colors_info=&#8221;{}&#8221;][et_pb_row column_structure=&#8221;1_4,3_4&#8243; _builder_version=&#8221;4.16&#8243; _module_preset=&#8221;default&#8221; global_colors_info=&#8221;{}&#8221;][et_pb_column type=&#8221;1_4&#8243; _builder_version=&#8221;4.16&#8243; _module_preset=&#8221;default&#8221; global_colors_info=&#8221;{}&#8221;][\/et_pb_column][et_pb_column type=&#8221;3_4&#8243; _builder_version=&#8221;4.16&#8243; _module_preset=&#8221;default&#8221; global_colors_info=&#8221;{}&#8221;][et_pb_text _builder_version=&#8221;4.16&#8243; _module_preset=&#8221;default&#8221; global_colors_info=&#8221;{}&#8221;]<\/p>\n<h2>5. EMPFEHLUNGEN ZUM SCHWEISSEN.<\/h2>\n<p>5.1. In der Zeichnung die Schwei\u00dfn\u00e4hte (Art und Abmessungen) markieren.<\/p>\n<p>5.2. Bei zusammengesetzten Bauteilen eine mehrstufige Produktstruktur beibehalten (BOM)<\/p>\n<p>Fertigprodukt \u2013 St\u00fcckzahl<\/p>\n<p>Rohling A \u2013 St\u00fcckzahl<\/p>\n<p>Material A<\/p>\n<p>Rohling B \u2013 St\u00fcckzahl<\/p>\n<p>Material B<\/p>\n<p>Es ist zu beachten, dass die scharfen Ecken lasergeschnittener Elemente abgerundet sein k\u00f6nnen, der Rundungsradius ~ 10 % * Materialst\u00e4rke;<\/p>\n<p>[\/et_pb_text][\/et_pb_column][\/et_pb_row][\/et_pb_section][et_pb_section fb_built=&#8221;1&#8243; _builder_version=&#8221;4.9.4&#8243; _module_preset=&#8221;default&#8221; background_color=&#8221;#f9f9f9&#8243; custom_padding=&#8221;50px|||||&#8221; top_divider_arrangement=&#8221;above_content&#8221; border_width_top=&#8221;4px&#8221; border_color_top=&#8221;#BF3822&#8243; global_module=&#8221;2548&#8243; saved_tabs=&#8221;all&#8221; global_colors_info=&#8221;{}&#8221;][et_pb_row column_structure=&#8221;1_3,1_3,1_3&#8243; _builder_version=&#8221;4.16&#8243; _module_preset=&#8221;default&#8221; global_colors_info=&#8221;{}&#8221;][et_pb_column type=&#8221;1_3&#8243; _builder_version=&#8221;4.16&#8243; _module_preset=&#8221;default&#8221; global_colors_info=&#8221;{}&#8221;][et_pb_text _builder_version=&#8221;4.16&#8243; _module_preset=&#8221;default&#8221; global_colors_info=&#8221;{}&#8221;]<\/p>\n<div class=\"w-iconbox iconpos_left style_default color_primary align_center no_title\">\n<div class=\"w-iconbox-meta\">\n<div class=\"w-iconbox-text\">\n<div class=\"w-iconbox iconpos_left style_default color_primary align_center no_title\">\n<div class=\"w-iconbox-meta\">\n<div class=\"w-iconbox-text\">\n<p>Hako Technology Sp. z o.o.<br \/>Seit 1997 zusammen<br \/>NIP: 7821976958<br \/>REGON: 631031259<\/p>\n<\/div>\n<\/div>\n<\/div>\n<\/div>\n<\/div>\n<\/div>\n<p>[\/et_pb_text][\/et_pb_column][et_pb_column type=&#8221;1_3&#8243; _builder_version=&#8221;4.16&#8243; _module_preset=&#8221;default&#8221; global_colors_info=&#8221;{}&#8221;][et_pb_text _builder_version=&#8221;4.18.0&#8243; _module_preset=&#8221;default&#8221; global_colors_info=&#8221;{}&#8221;]<\/p>\n<div class=\"w-iconbox iconpos_left style_default color_primary align_center no_title\">\n<div class=\"w-iconbox-meta\">\n<div class=\"w-iconbox-text\">\n<div class=\"w-iconbox iconpos_left style_default color_primary align_center no_title\">\n<div class=\"w-iconbox-meta\">\n<div class=\"w-iconbox-text\">\n<p>+48\u00a0<strong>94 347 04 04<\/strong><br \/><a href=\"mailto:sekretariat@hakotech.pl\">sekretariat@hakotech.pl<\/a><\/p>\n<p>Sekretariat: +48\u00a0<strong>605 409 033<\/strong><br \/>Verkauf: +48\u00a0<strong>502 699 735<\/strong><br \/>Einkauf: +48 <strong>603 902 875<\/strong><\/p>\n<\/div>\n<\/div>\n<\/div>\n<\/div>\n<\/div>\n<\/div>\n<p>[\/et_pb_text][\/et_pb_column][et_pb_column type=&#8221;1_3&#8243; _builder_version=&#8221;4.16&#8243; _module_preset=&#8221;default&#8221; global_colors_info=&#8221;{}&#8221;][et_pb_text _builder_version=&#8221;4.16&#8243; _module_preset=&#8221;default&#8221; global_colors_info=&#8221;{}&#8221;]<\/p>\n<div class=\"w-iconbox iconpos_left style_default color_primary align_center no_title\">\n<div class=\"w-iconbox-meta\">\n<div class=\"w-iconbox-text\">\n<p><span class=\"fsx04\">Cha<\/span><span class=\"fsx04\">\u0142upy 30<br \/>76-024 \u015awieszyno<br \/><\/span>Polen<\/p>\n<\/div>\n<\/div>\n<\/div>\n<p>[\/et_pb_text][\/et_pb_column][\/et_pb_row][\/et_pb_section]<\/p>\n","protected":false},"excerpt":{"rendered":"<p>1. ALLGEMEIN (Allgemeine Empfehlungen enthalten Informationen, die f\u00fcr jedes Vorhaben relevant sind) 1.1. Dokumentation erstellt ist in PL, EN, DE gem\u00e4\u00df den Regeln der technischen Zeichnung (ISO 128). 1.2. Verwenden Sie Ihr eigenes Dateibenennungssystem &#8211; Zeichnungsnummer \/ Zeichnungsbeschreibung 1.3. Bearbeitbare Form der hochgeladenen Dateien, bevorzugt *.dwg, *.dxf, *.STEP *.pdf 1.4. Angaben zum Material (Sorte, Dicke, [&hellip;]<\/p>\n","protected":false},"author":1,"featured_media":0,"parent":1375,"menu_order":0,"comment_status":"closed","ping_status":"closed","template":"","meta":{"_et_pb_use_builder":"on","_et_pb_old_content":"","_et_gb_content_width":"","footnotes":""},"class_list":["post-2115","page","type-page","status-publish","hentry"],"yoast_head":"<!-- This site is optimized with the Yoast SEO plugin v27.4 - https:\/\/yoast.com\/product\/yoast-seo-wordpress\/ -->\n<title>TECHNISCHE DOKUMENTATION - DE Hako Technology Sp. z o.o.<\/title>\n<meta name=\"robots\" content=\"index, follow, max-snippet:-1, max-image-preview:large, max-video-preview:-1\" \/>\n<link rel=\"canonical\" href=\"https:\/\/hakotech.pl\/de\/kostenlose-angebote\/technische-dokumentation\/\" \/>\n<meta property=\"og:locale\" content=\"pl_PL\" \/>\n<meta property=\"og:type\" content=\"article\" \/>\n<meta property=\"og:title\" content=\"TECHNISCHE DOKUMENTATION - DE Hako Technology Sp. z o.o.\" \/>\n<meta property=\"og:description\" content=\"1. ALLGEMEIN (Allgemeine Empfehlungen enthalten Informationen, die f\u00fcr jedes Vorhaben relevant sind) 1.1. Dokumentation erstellt ist in PL, EN, DE gem\u00e4\u00df den Regeln der technischen Zeichnung (ISO 128). 1.2. Verwenden Sie Ihr eigenes Dateibenennungssystem - Zeichnungsnummer \/ Zeichnungsbeschreibung 1.3. Bearbeitbare Form der hochgeladenen Dateien, bevorzugt *.dwg, *.dxf, *.STEP *.pdf 1.4. Angaben zum Material (Sorte, Dicke, [&hellip;]\" \/>\n<meta property=\"og:url\" content=\"https:\/\/hakotech.pl\/de\/kostenlose-angebote\/technische-dokumentation\/\" \/>\n<meta property=\"og:site_name\" content=\"DE Hako Technology Sp. z o.o.\" \/>\n<meta property=\"article:modified_time\" content=\"2022-12-09T10:04:48+00:00\" \/>\n<meta name=\"twitter:card\" content=\"summary_large_image\" \/>\n<meta name=\"twitter:label1\" content=\"Szacowany czas czytania\" \/>\n\t<meta name=\"twitter:data1\" content=\"6 minut\" \/>\n<script type=\"application\/ld+json\" class=\"yoast-schema-graph\">{\"@context\":\"https:\\\/\\\/schema.org\",\"@graph\":[{\"@type\":\"WebPage\",\"@id\":\"https:\\\/\\\/hakotech.pl\\\/de\\\/kostenlose-angebote\\\/technische-dokumentation\\\/\",\"url\":\"https:\\\/\\\/hakotech.pl\\\/de\\\/kostenlose-angebote\\\/technische-dokumentation\\\/\",\"name\":\"TECHNISCHE DOKUMENTATION - DE Hako Technology Sp. z o.o.\",\"isPartOf\":{\"@id\":\"https:\\\/\\\/hakotech.pl\\\/de\\\/#website\"},\"datePublished\":\"2021-04-21T09:27:59+00:00\",\"dateModified\":\"2022-12-09T10:04:48+00:00\",\"breadcrumb\":{\"@id\":\"https:\\\/\\\/hakotech.pl\\\/de\\\/kostenlose-angebote\\\/technische-dokumentation\\\/#breadcrumb\"},\"inLanguage\":\"pl-PL\",\"potentialAction\":[{\"@type\":\"ReadAction\",\"target\":[\"https:\\\/\\\/hakotech.pl\\\/de\\\/kostenlose-angebote\\\/technische-dokumentation\\\/\"]}]},{\"@type\":\"BreadcrumbList\",\"@id\":\"https:\\\/\\\/hakotech.pl\\\/de\\\/kostenlose-angebote\\\/technische-dokumentation\\\/#breadcrumb\",\"itemListElement\":[{\"@type\":\"ListItem\",\"position\":1,\"name\":\"Strona g\u0142\u00f3wna\",\"item\":\"https:\\\/\\\/hakotech.pl\\\/de\\\/\"},{\"@type\":\"ListItem\",\"position\":2,\"name\":\"Kostenlose Angebote\",\"item\":\"https:\\\/\\\/hakotech.pl\\\/de\\\/kostenlose-angebote\\\/\"},{\"@type\":\"ListItem\",\"position\":3,\"name\":\"TECHNISCHE DOKUMENTATION\"}]},{\"@type\":\"WebSite\",\"@id\":\"https:\\\/\\\/hakotech.pl\\\/de\\\/#website\",\"url\":\"https:\\\/\\\/hakotech.pl\\\/de\\\/\",\"name\":\"DE Hako Technology Sp. z o.o.\",\"description\":\"Hako Technology\",\"potentialAction\":[{\"@type\":\"SearchAction\",\"target\":{\"@type\":\"EntryPoint\",\"urlTemplate\":\"https:\\\/\\\/hakotech.pl\\\/de\\\/?s={search_term_string}\"},\"query-input\":{\"@type\":\"PropertyValueSpecification\",\"valueRequired\":true,\"valueName\":\"search_term_string\"}}],\"inLanguage\":\"pl-PL\"}]}<\/script>\n<!-- \/ Yoast SEO plugin. -->","yoast_head_json":{"title":"TECHNISCHE DOKUMENTATION - DE Hako Technology Sp. z o.o.","robots":{"index":"index","follow":"follow","max-snippet":"max-snippet:-1","max-image-preview":"max-image-preview:large","max-video-preview":"max-video-preview:-1"},"canonical":"https:\/\/hakotech.pl\/de\/kostenlose-angebote\/technische-dokumentation\/","og_locale":"pl_PL","og_type":"article","og_title":"TECHNISCHE DOKUMENTATION - DE Hako Technology Sp. z o.o.","og_description":"1. ALLGEMEIN (Allgemeine Empfehlungen enthalten Informationen, die f\u00fcr jedes Vorhaben relevant sind) 1.1. Dokumentation erstellt ist in PL, EN, DE gem\u00e4\u00df den Regeln der technischen Zeichnung (ISO 128). 1.2. Verwenden Sie Ihr eigenes Dateibenennungssystem - Zeichnungsnummer \/ Zeichnungsbeschreibung 1.3. Bearbeitbare Form der hochgeladenen Dateien, bevorzugt *.dwg, *.dxf, *.STEP *.pdf 1.4. Angaben zum Material (Sorte, Dicke, [&hellip;]","og_url":"https:\/\/hakotech.pl\/de\/kostenlose-angebote\/technische-dokumentation\/","og_site_name":"DE Hako Technology Sp. z o.o.","article_modified_time":"2022-12-09T10:04:48+00:00","twitter_card":"summary_large_image","twitter_misc":{"Szacowany czas czytania":"6 minut"},"schema":{"@context":"https:\/\/schema.org","@graph":[{"@type":"WebPage","@id":"https:\/\/hakotech.pl\/de\/kostenlose-angebote\/technische-dokumentation\/","url":"https:\/\/hakotech.pl\/de\/kostenlose-angebote\/technische-dokumentation\/","name":"TECHNISCHE DOKUMENTATION - DE Hako Technology Sp. z o.o.","isPartOf":{"@id":"https:\/\/hakotech.pl\/de\/#website"},"datePublished":"2021-04-21T09:27:59+00:00","dateModified":"2022-12-09T10:04:48+00:00","breadcrumb":{"@id":"https:\/\/hakotech.pl\/de\/kostenlose-angebote\/technische-dokumentation\/#breadcrumb"},"inLanguage":"pl-PL","potentialAction":[{"@type":"ReadAction","target":["https:\/\/hakotech.pl\/de\/kostenlose-angebote\/technische-dokumentation\/"]}]},{"@type":"BreadcrumbList","@id":"https:\/\/hakotech.pl\/de\/kostenlose-angebote\/technische-dokumentation\/#breadcrumb","itemListElement":[{"@type":"ListItem","position":1,"name":"Strona g\u0142\u00f3wna","item":"https:\/\/hakotech.pl\/de\/"},{"@type":"ListItem","position":2,"name":"Kostenlose Angebote","item":"https:\/\/hakotech.pl\/de\/kostenlose-angebote\/"},{"@type":"ListItem","position":3,"name":"TECHNISCHE DOKUMENTATION"}]},{"@type":"WebSite","@id":"https:\/\/hakotech.pl\/de\/#website","url":"https:\/\/hakotech.pl\/de\/","name":"DE Hako Technology Sp. z o.o.","description":"Hako Technology","potentialAction":[{"@type":"SearchAction","target":{"@type":"EntryPoint","urlTemplate":"https:\/\/hakotech.pl\/de\/?s={search_term_string}"},"query-input":{"@type":"PropertyValueSpecification","valueRequired":true,"valueName":"search_term_string"}}],"inLanguage":"pl-PL"}]}},"_links":{"self":[{"href":"https:\/\/hakotech.pl\/de\/wp-json\/wp\/v2\/pages\/2115","targetHints":{"allow":["GET"]}}],"collection":[{"href":"https:\/\/hakotech.pl\/de\/wp-json\/wp\/v2\/pages"}],"about":[{"href":"https:\/\/hakotech.pl\/de\/wp-json\/wp\/v2\/types\/page"}],"author":[{"embeddable":true,"href":"https:\/\/hakotech.pl\/de\/wp-json\/wp\/v2\/users\/1"}],"replies":[{"embeddable":true,"href":"https:\/\/hakotech.pl\/de\/wp-json\/wp\/v2\/comments?post=2115"}],"version-history":[{"count":21,"href":"https:\/\/hakotech.pl\/de\/wp-json\/wp\/v2\/pages\/2115\/revisions"}],"predecessor-version":[{"id":3382,"href":"https:\/\/hakotech.pl\/de\/wp-json\/wp\/v2\/pages\/2115\/revisions\/3382"}],"up":[{"embeddable":true,"href":"https:\/\/hakotech.pl\/de\/wp-json\/wp\/v2\/pages\/1375"}],"wp:attachment":[{"href":"https:\/\/hakotech.pl\/de\/wp-json\/wp\/v2\/media?parent=2115"}],"curies":[{"name":"wp","href":"https:\/\/api.w.org\/{rel}","templated":true}]}}