{"id":3,"date":"2021-01-18T18:29:13","date_gmt":"2021-01-18T18:29:13","guid":{"rendered":"https:\/\/hakotech.pl\/de\/?page_id=3"},"modified":"2022-12-09T10:00:11","modified_gmt":"2022-12-09T10:00:11","slug":"gdpr","status":"publish","type":"page","link":"https:\/\/hakotech.pl\/de\/uber-uns\/gdpr\/","title":{"rendered":"DSGVO"},"content":{"rendered":"<p>[et_pb_section fb_built=&#8221;1&#8243; inner_shadow=&#8221;on&#8221; fullwidth=&#8221;on&#8221; _builder_version=&#8221;4.9.4&#8243; _module_preset=&#8221;default&#8221; global_module=&#8221;36&#8243; global_colors_info=&#8221;{}&#8221;][et_pb_fullwidth_post_title meta=&#8221;off&#8221; featured_image=&#8221;off&#8221; text_color=&#8221;light&#8221; _builder_version=&#8221;4.16&#8243; _module_preset=&#8221;default&#8221; title_font=&#8221;|800|on||||||&#8221; title_line_height=&#8221;3em&#8221; background_color=&#8221;#BF3822&#8243; text_orientation=&#8221;center&#8221; custom_padding=&#8221;3px|||||&#8221; global_colors_info=&#8221;{}&#8221;][\/et_pb_fullwidth_post_title][\/et_pb_section][et_pb_section fb_built=&#8221;1&#8243; _builder_version=&#8221;4.16&#8243; _module_preset=&#8221;default&#8221; global_colors_info=&#8221;{}&#8221;][et_pb_row _builder_version=&#8221;4.16&#8243; _module_preset=&#8221;default&#8221; global_colors_info=&#8221;{}&#8221;][et_pb_column type=&#8221;4_4&#8243; _builder_version=&#8221;4.16&#8243; _module_preset=&#8221;default&#8221; global_colors_info=&#8221;{}&#8221;][et_pb_text _builder_version=&#8221;4.18.0&#8243; _module_preset=&#8221;default&#8221; hover_enabled=&#8221;0&#8243; global_colors_info=&#8221;{}&#8221; sticky_enabled=&#8221;0&#8243;]<\/p>\n<p>1. Im Zusammenhang mit der Umsetzung der Anforderungen der Verordnung (EU) 2016\/679 des Europ\u00e4ischen Parlaments und des Rates vom 27. April 2016 zum Schutz Personen bei der Verarbeitung personenbezogener Daten und zum freien Datenverkehr sowie zur Aufhebung der Richtlinie 95\/46\/EG (Datenschutz-grundverordnung \u201eDSGVO\u201d) informieren wir Sie \u00fcber die Grunds\u00e4tze der Verarbeitung Ihrer personenbezogenen Daten und Ihre damit verbundenen Rechte.<\/p>\n<p>Verantwortliche Stelle f\u00fcr die Verarbeitung Ihrer personenbezogenen Daten ist Hako Technology Sp. z o.o. mit Sitz in Cha\u0142upy 30, 76-024 \u015awieszyno; eingetragen im Unternehmensregister beim Amtsgericht Koszalin, 9. Landesgerichtsregisterabteilung, unter der Nummer 0000073043.<\/p>\n<p>2. Kontaktdaten des Administrators : Tel.: +48 94 347-04-04, E-Mail-Adresse: info@hakotech.pl<\/p>\n<p>3.Ihre personenbezogenen Daten werden f\u00fcr folgende Zwecke verarbeitet:<br \/>a) Abschluss oder Erf\u00fcllung eines Vertrages, Durchf\u00fchrung von T\u00e4tigkeiten, die Grund f\u00fcr die Datenerhebung waren, zum Beispiel: das Personalauswahlverfahren, die Kontaktaufnahme, der Abschluss eines Vertrages \u00fcber die Zusammenarbeit oder eines anderen Handelsvertrages, usw.<br \/>b) Realisierung von Handlungen zum Abschluss oder zur Erf\u00fcllung eines Vertrages, im Zusammenhang mit denen sie an das Unternehmen \u00fcbertragen wurden, z. B. zur Durchf\u00fchrung eines Rekrutierungsverfahrens, zur Aufnahme einer Beziehung, eines Kooperationsvertrages oder einer sonstigen Gesch\u00e4ftsvereinbarung, je nach den Umst\u00e4nden.<br \/>c) Das Unternehmen unterliegt einer ganzen Reihe von rechtlichen Verpflichtungen im Sinne des Steuer-, Arbeits- oder Sozialrechts sowie anderen Regelungen. Des Weiteren kann sie verpflichtet sein, die Aufgaben im \u00f6ffentlichen Interesse zu realisieren, insbesondere Ma\u00dfnahmen gegen rechtswidrige Handlungen vorzunehmen. Wenn dies erforderlich ist, verarbeiten wir Ihre Daten zur Erf\u00fcllung der Anforderungen, die u. a. durch die oben genannten Bestimmungen auferlegt werden.<br \/>d) Ihre personenbezogenen Daten k\u00f6nnen ebenfalls f\u00fcr folgende Zwecke verarbeitet werden: \u00dcberpr\u00fcfung der Identit\u00e4t von Kunden und deren Vertretern, \u00dcberwachung der F\u00e4lligkeit von Zahlungen, Risikomanagement, Erf\u00fcllung von steuerrechtlichen Pflichten.<br \/>e) Ihre Daten k\u00f6nnen auch f\u00fcr berechtigte Interessen verarbeitet werden, die von der Firma oder einem Dritten verfolgt werden, wenn es notwendig ist, Anspr\u00fcche geltend zu machen und sich gegen Anspr\u00fcche zu verteidigen, f\u00fcr interne Verwaltungszwecke des Unternehmens, d. h. Mitarbeiter- oder Kooperationsangelegenheiten, Analyse und interne Berichterstattung des Unternehmens.<\/p>\n<p>4. Sie haben das Recht, auf den Inhalt der Daten zuzugreifen und sie zu berichtigen, zu l\u00f6schen oder die Verarbeitung einzuschr\u00e4nken, sowie das Recht zu widersprechen, die Einstellung der Verarbeitung und Daten\u00fcbertragbarkeit zu verlangen, sowie das Recht, die Einwilligung jederzeit zu widerrufen und eine Beschwerde bei der Aufsichtsbeh\u00f6rde \u2013 dem Pr\u00e4sidenten des Amtes f\u00fcr den Schutz personenbezogener Daten \u2013 einzureichen.<\/p>\n<p>5. Die Bereitstellung von Daten ist freiwillig, aber notwendig, um die angeforderten Handlungen auszuf\u00fchren oder einen Vertrag mit dem Unternehmen abzuschlie\u00dfen und zu erf\u00fcllen. Wenn Sie uns die erforderlichen Informationen oder Unterlagen nicht zur Verf\u00fcgung stellen, ist es uns nicht m\u00f6glich, die angeforderten Ma\u00dfnahmen durchzuf\u00fchren oder Vertr\u00e4ge abzuschlie\u00dfen und auszuf\u00fchren und zu bedienen.<\/p>\n<p>6. Die von Ihnen zur Verf\u00fcgung gestellten Daten werden nicht an Dritte weitergegeben. Empf\u00e4nger der Daten sind nur gesetzlich zugelassene Einrichtungen.<\/p>\n<p>7. Ihre personenbezogenen Daten werden nicht profiliert oder automatisch verarbeitet.<\/p>\n<p>8. Die erhobenen personenbezogenen Daten werden vom Verantwortlichen nicht an Drittl\u00e4nder oder internationale Organisationen weitergegeben.<\/p>\n<p>9. Ihre personenbezogenen Daten werden f\u00fcr unter Ziff. 3 aufgef\u00fchrte Verarbeitungszwecke f\u00fcr folgenden Zeitraum gespeichert:<br \/>a) bei der Erf\u00fcllung des mit dem Unternehmen geschlossenen Vertrags &#8211; bis zu dessen Abschluss und danach f\u00fcr den gesetzlich vorgeschriebenen Zeitraum oder f\u00fcr die Begleichung etwaiger Anspr\u00fcche<br \/>b) im Falle der Erf\u00fcllung rechtlicher Verpflichtungen des Unternehmens, die in Zusammenhang mit ihrer T\u00e4tigkeit und der Erf\u00fcllung geschlossener Vertr\u00e4ge stehen \u2013 bis zur Erf\u00fcllung dieser Verpflichtungen durch die Firma<br \/>c) in Bezug auf Verarbeitungen, die ausschlie\u00dflich auf der Grundlage einer Einwilligung erfolgen, bis zur unverz\u00fcglichen L\u00f6schung der Daten auf Ihren Antrag hin<br \/>d) bis zur Erf\u00fcllung der berechtigten Interessen des Unternehmens, die dieser Verarbeitung zugrunde liegen, oder bis Sie Widerspruch gegen diese Verarbeitung einlegen, es sei denn, es liegen berechtigte Gr\u00fcnde f\u00fcr eine weitere Verarbeitung vor.<br \/>e) iim Falle des laufenden Personalauswahlverfahrens \u2013 6 Monate.<br \/>f) im Falle des k\u00fcnftigen Personalauswahlverfahrens \u2013 12 Monate.<\/p>\n<p>[\/et_pb_text][\/et_pb_column][\/et_pb_row][\/et_pb_section][et_pb_section fb_built=&#8221;1&#8243; _builder_version=&#8221;4.9.4&#8243; _module_preset=&#8221;default&#8221; background_color=&#8221;#f9f9f9&#8243; custom_padding=&#8221;50px|||||&#8221; top_divider_arrangement=&#8221;above_content&#8221; border_width_top=&#8221;4px&#8221; border_color_top=&#8221;#BF3822&#8243; global_module=&#8221;2548&#8243; saved_tabs=&#8221;all&#8221; global_colors_info=&#8221;{}&#8221;][et_pb_row column_structure=&#8221;1_3,1_3,1_3&#8243; _builder_version=&#8221;4.16&#8243; _module_preset=&#8221;default&#8221; global_colors_info=&#8221;{}&#8221;][et_pb_column type=&#8221;1_3&#8243; _builder_version=&#8221;4.16&#8243; _module_preset=&#8221;default&#8221; global_colors_info=&#8221;{}&#8221;][et_pb_text _builder_version=&#8221;4.16&#8243; _module_preset=&#8221;default&#8221; global_colors_info=&#8221;{}&#8221;]<\/p>\n<div class=\"w-iconbox iconpos_left style_default color_primary align_center no_title\">\n<div class=\"w-iconbox-meta\">\n<div class=\"w-iconbox-text\">\n<div class=\"w-iconbox iconpos_left style_default color_primary align_center no_title\">\n<div class=\"w-iconbox-meta\">\n<div class=\"w-iconbox-text\">\n<p>Hako Technology Sp. z o.o.<br \/>Seit 1997 zusammen<br \/>NIP: 7821976958<br \/>REGON: 631031259<\/p>\n<\/div>\n<\/div>\n<\/div>\n<\/div>\n<\/div>\n<\/div>\n<p>[\/et_pb_text][\/et_pb_column][et_pb_column type=&#8221;1_3&#8243; _builder_version=&#8221;4.16&#8243; _module_preset=&#8221;default&#8221; global_colors_info=&#8221;{}&#8221;][et_pb_text _builder_version=&#8221;4.18.0&#8243; _module_preset=&#8221;default&#8221; global_colors_info=&#8221;{}&#8221;]<\/p>\n<div class=\"w-iconbox iconpos_left style_default color_primary align_center no_title\">\n<div class=\"w-iconbox-meta\">\n<div class=\"w-iconbox-text\">\n<div class=\"w-iconbox iconpos_left style_default color_primary align_center no_title\">\n<div class=\"w-iconbox-meta\">\n<div class=\"w-iconbox-text\">\n<p>+48\u00a0<strong>94 347 04 04<\/strong><br \/><a href=\"mailto:sekretariat@hakotech.pl\">sekretariat@hakotech.pl<\/a><\/p>\n<p>Sekretariat: +48\u00a0<strong>605 409 033<\/strong><br \/>Verkauf: +48\u00a0<strong>502 699 735<\/strong><br \/>Einkauf: +48 <strong>603 902 875<\/strong><\/p>\n<\/div>\n<\/div>\n<\/div>\n<\/div>\n<\/div>\n<\/div>\n<p>[\/et_pb_text][\/et_pb_column][et_pb_column type=&#8221;1_3&#8243; _builder_version=&#8221;4.16&#8243; _module_preset=&#8221;default&#8221; global_colors_info=&#8221;{}&#8221;][et_pb_text _builder_version=&#8221;4.16&#8243; _module_preset=&#8221;default&#8221; global_colors_info=&#8221;{}&#8221;]<\/p>\n<div class=\"w-iconbox iconpos_left style_default color_primary align_center no_title\">\n<div class=\"w-iconbox-meta\">\n<div class=\"w-iconbox-text\">\n<p><span class=\"fsx04\">Cha<\/span><span class=\"fsx04\">\u0142upy 30<br \/>76-024 \u015awieszyno<br \/><\/span>Polen<\/p>\n<\/div>\n<\/div>\n<\/div>\n<p>[\/et_pb_text][\/et_pb_column][\/et_pb_row][\/et_pb_section]<\/p>\n","protected":false},"excerpt":{"rendered":"<p>1. Im Zusammenhang mit der Umsetzung der Anforderungen der Verordnung (EU) 2016\/679 des Europ\u00e4ischen Parlaments und des Rates vom 27. April 2016 zum Schutz Personen bei der Verarbeitung personenbezogener Daten und zum freien Datenverkehr sowie zur Aufhebung der Richtlinie 95\/46\/EG (Datenschutz-grundverordnung \u201eDSGVO\u201d) informieren wir Sie \u00fcber die Grunds\u00e4tze der Verarbeitung Ihrer personenbezogenen Daten und Ihre [&hellip;]<\/p>\n","protected":false},"author":1,"featured_media":0,"parent":1594,"menu_order":0,"comment_status":"closed","ping_status":"open","template":"","meta":{"_et_pb_use_builder":"on","_et_pb_old_content":"<!-- wp:heading -->\r\n<p>W zwi\u0105zku z realizacj\u0105 wymog\u00f3w Rozporz\u0105dzenia Parlamentu Europejskiego i Rady (UE) 2016\/679 z dnia 27 kwietnia 2016 r. w sprawie ochrony os\u00f3b fizycznych w zwi\u0105zku z przetwarzaniem danych osobowych i w sprawie swobodnego przep\u0142ywu takich danych oraz uchylenia dyrektywy 95\/46\/WE (og\u00f3lne rozporz\u0105dzenie o ochronie danych \u201eRODO\u201d), informujemy o zasadach przetwarzania Pani\/Pana danych osobowych oraz o przys\u0142uguj\u0105cych Pani\/Panu prawach z tym zwi\u0105zanych.<\/p>\r\n<p>1. Administratorem przekazanych przez Pa\u0144stwo danych osobowych jest Hako Technology Sp. z o.o. z siedzib\u0105 w Cha\u0142upach 30, 76-024; wpisana do Rejestru Przedsi\u0119biorc\u00f3w przez S\u0105d Rejonowy w Koszalinie IX Wydzia\u0142 Rejestru S\u0105dowego pod numerem 0000073043.<\/p>\r\n<p>2. Dane kontaktowe Administratora: tel.: +48 94 347-04-04, e-mail: info@hakotech.pl.<\/p>\r\n<p>3. Pa\u0144stwa dane b\u0119d\u0105 przetwarzane w nast\u0119puj\u0105cych celach:<br \/>a) realizacji czynno\u015bci zawarcia lub wykonania umowy, w zwi\u0105zku z kt\u00f3rymi zosta\u0142y przekazane do Firmy, na przyk\u0142ad w celu realizacji procesu rekrutacji, nawi\u0105zania relacji, umowy o wsp\u00f3\u0142prac\u0119 lub innej umowy handlowej, w zale\u017cno\u015bci od okoliczno\u015bci;<br \/>b) wykonywania przez Przedsi\u0119biorstwo dzia\u0142alno\u015bci handlowej oraz \u015bwiadczenia us\u0142ug w ramach realizacji um\u00f3w zawartych z klientami lub w celu realizacji dzia\u0142a\u0144 wykonywanych na \u017cyczenie klienta lub w zwi\u0105zku z zawarciem umowy;<br \/>c) firma podlega szeregowi zobowi\u0105za\u0144 prawnych wynikaj\u0105cych np. z ustawodawstwa podatkowego, przepis\u00f3w z zakresu prawa pracy i ubezpieczenia spo\u0142ecznego oraz innym wymogom regulacyjnym. Firma mo\u017ce ponadto zosta\u0107 zobowi\u0105zana do realizacji zada\u0144 w interesie publicznym, w szczeg\u00f3lno\u015bci obejmuj\u0105cych przeciwdzia\u0142anie przest\u0119pstwom. W przypadku takiej konieczno\u015bci b\u0119dziemy przetwarza\u0107 Pa\u0144stwa dane w celu realizacji wymog\u00f3w nak\u0142adanych m.in. przez powy\u017csze regulacje;<br \/>d) Pa\u0144stwa dane mog\u0105 by\u0107 r\u00f3wnie\u017c przetwarzane do takich cel\u00f3w jak: weryfikacja to\u017csamo\u015bci klient\u00f3w i os\u00f3b ich reprezentuj\u0105cych, monitorowanie terminowo\u015bci sp\u0142at nale\u017cno\u015bci oraz zarz\u0105dzaniem ryzykiem w Firmie, wykonywanie obowi\u0105zk\u00f3w zgodnie z ustawodawstwem podatkowym;<br \/>e) Pa\u0144stwa dane mog\u0105 by\u0107 przetwarzane r\u00f3wnie\u017c w celu prawnie uzasadnionych interes\u00f3w realizowanych przez Firm\u0119 lub stron\u0119 trzeci\u0105, wtedy gdy nast\u0105pi konieczno\u015b\u0107 dochodzenia roszcze\u0144 oraz obrony przed roszczeniami, do wewn\u0119trznych cel\u00f3w administracyjnych Firmy, tj.: kwestie pracownicze lub zwi\u0105zane ze wsp\u00f3\u0142prac\u0105, analiza i raportowanie wewn\u0119trzne Przedsi\u0119biorstwa.<\/p>\r\n<p>4. Przys\u0142uguje Pani\/Panu prawo dost\u0119pu do tre\u015bci danych oraz ich sprostowania, usuni\u0119cia lub ograniczenia przetwarzania, a tak\u017ce prawo sprzeciwu, za\u017c\u0105dania zaprzestania przetwarzania i przenoszenia danych, jak r\u00f3wnie\u017c prawo do cofni\u0119cia zgody w dowolnym momencie oraz prawo do wniesienia skargi do organu nadzorczego \u2013 Prezesa Urz\u0119du Ochrony Danych Osobowych.<\/p>\r\n<p>5. Podanie danych jest dobrowolne, lecz niezb\u0119dne do wykonania wnioskowanych czynno\u015bci lub zawarcia i realizacji umowy z Firm\u0105. W przypadku niedostarczenia Firmie niezb\u0119dnych informacji lub dokument\u00f3w, Firma nie b\u0119dzie mog\u0142a przeprowadzi\u0107 wnioskowanych czynno\u015bci lub zawrze\u0107 i zrealizowa\u0107 um\u00f3w oraz prowadzi\u0107 obs\u0142ugi.<\/p>\r\n<p>6. Dane udost\u0119pnione przez Pani\u0105\/Pana nie b\u0119d\u0105 podlega\u0142y udost\u0119pnieniu podmiotom trzecim. Odbiorcami danych b\u0119d\u0105 tylko instytucje upowa\u017cnione z mocy prawa.<\/p>\r\n<p>7. Dane udost\u0119pnione przez Pani\u0105\/Pana nie b\u0119d\u0105 podlega\u0142y profilowaniu ani zautomatyzowanemu przetwarzaniu.<\/p>\r\n<p>8. Administrator danych nie ma zamiaru przekazywa\u0107 danych osobowych do pa\u0144stwa trzeciego lub organizacji mi\u0119dzynarodowej.<\/p>\r\n<p>9. Dane osobowe b\u0119d\u0105 przechowywane przez okres niezb\u0119dny do realizacji cel\u00f3w przetwarzania wskazanych w pkt 3, tj.:<br \/>a) w zakresie realizacji zawartej z Przedsi\u0119biorstwem umowy \u2013 do czasu zako\u0144czenia jej realizacji, a po tym czasie przez okres wymagany przez przepisy prawa lub dla realizacji ewentualnych roszcze\u0144;<br \/>b) w zakresie wype\u0142niania zobowi\u0105za\u0144 prawnych ci\u0105\u017c\u0105cych na Firmie w zwi\u0105zku z prowadzeniem dzia\u0142alno\u015bci i realizacj\u0105 zawartych um\u00f3w \u2013 do czasu wype\u0142nienia tych obowi\u0105zk\u00f3w przez Firm\u0119;<br \/>c) w zakresie przetwarzania realizowanego wy\u0142\u0105cznie w oparciu o zgod\u0119 \u2013 do czasu niezw\u0142ocznego usuni\u0119cia danych, zrealizowanego w oparciu o zg\u0142oszone przez Pani\u0105\/Pana \u017c\u0105danie;<br \/>d) do czasu wype\u0142nienia prawnie uzasadnionych interes\u00f3w Firmy stanowi\u0105cych podstaw\u0119 tego przetwarzania lub do czasu wniesienia przez Pani\u0105\/Pana sprzeciwu wobec takiemu przetwarzaniu, o ile nie wyst\u0119puj\u0105 prawnie uzasadnione podstawy dalszego przetwarzania danych;<br \/>e) w zakresie realizacji bie\u017c\u0105cego procesu rekrutacyjnego \u2013 przez okres 6 miesi\u0119cy;<br \/>f) w zakresie realizacji przysz\u0142ych proces\u00f3w rekrutacyjnych \u2013 przez okres 12 miesi\u0119cy.<\/p>\r\n<!-- \/wp:heading -->","_et_gb_content_width":"","footnotes":""},"class_list":["post-3","page","type-page","status-publish","hentry"],"yoast_head":"<!-- This site is optimized with the Yoast SEO plugin v27.5 - https:\/\/yoast.com\/product\/yoast-seo-wordpress\/ -->\n<title>DSGVO - DE Hako Technology Sp. z o.o.<\/title>\n<meta name=\"robots\" content=\"index, follow, max-snippet:-1, max-image-preview:large, max-video-preview:-1\" \/>\n<link rel=\"canonical\" href=\"https:\/\/hakotech.pl\/de\/uber-uns\/gdpr\/\" \/>\n<meta property=\"og:locale\" content=\"pl_PL\" \/>\n<meta property=\"og:type\" content=\"article\" \/>\n<meta property=\"og:title\" content=\"DSGVO - DE Hako Technology Sp. z o.o.\" \/>\n<meta property=\"og:description\" content=\"1. Im Zusammenhang mit der Umsetzung der Anforderungen der Verordnung (EU) 2016\/679 des Europ\u00e4ischen Parlaments und des Rates vom 27. April 2016 zum Schutz Personen bei der Verarbeitung personenbezogener Daten und zum freien Datenverkehr sowie zur Aufhebung der Richtlinie 95\/46\/EG (Datenschutz-grundverordnung \u201eDSGVO\u201d) informieren wir Sie \u00fcber die Grunds\u00e4tze der Verarbeitung Ihrer personenbezogenen Daten und Ihre [&hellip;]\" \/>\n<meta property=\"og:url\" content=\"https:\/\/hakotech.pl\/de\/uber-uns\/gdpr\/\" \/>\n<meta property=\"og:site_name\" content=\"DE Hako Technology Sp. z o.o.\" \/>\n<meta property=\"article:modified_time\" content=\"2022-12-09T10:00:11+00:00\" \/>\n<meta name=\"twitter:card\" content=\"summary_large_image\" \/>\n<meta name=\"twitter:label1\" content=\"Szacowany czas czytania\" \/>\n\t<meta name=\"twitter:data1\" content=\"5 minut\" \/>\n<script type=\"application\/ld+json\" class=\"yoast-schema-graph\">{\"@context\":\"https:\\\/\\\/schema.org\",\"@graph\":[{\"@type\":\"WebPage\",\"@id\":\"https:\\\/\\\/hakotech.pl\\\/de\\\/uber-uns\\\/gdpr\\\/\",\"url\":\"https:\\\/\\\/hakotech.pl\\\/de\\\/uber-uns\\\/gdpr\\\/\",\"name\":\"DSGVO - DE Hako Technology Sp. z o.o.\",\"isPartOf\":{\"@id\":\"https:\\\/\\\/hakotech.pl\\\/de\\\/#website\"},\"datePublished\":\"2021-01-18T18:29:13+00:00\",\"dateModified\":\"2022-12-09T10:00:11+00:00\",\"breadcrumb\":{\"@id\":\"https:\\\/\\\/hakotech.pl\\\/de\\\/uber-uns\\\/gdpr\\\/#breadcrumb\"},\"inLanguage\":\"pl-PL\",\"potentialAction\":[{\"@type\":\"ReadAction\",\"target\":[\"https:\\\/\\\/hakotech.pl\\\/de\\\/uber-uns\\\/gdpr\\\/\"]}]},{\"@type\":\"BreadcrumbList\",\"@id\":\"https:\\\/\\\/hakotech.pl\\\/de\\\/uber-uns\\\/gdpr\\\/#breadcrumb\",\"itemListElement\":[{\"@type\":\"ListItem\",\"position\":1,\"name\":\"Strona g\u0142\u00f3wna\",\"item\":\"https:\\\/\\\/hakotech.pl\\\/de\\\/\"},{\"@type\":\"ListItem\",\"position\":2,\"name\":\"\u00dcber uns\",\"item\":\"https:\\\/\\\/hakotech.pl\\\/de\\\/uber-uns\\\/\"},{\"@type\":\"ListItem\",\"position\":3,\"name\":\"DSGVO\"}]},{\"@type\":\"WebSite\",\"@id\":\"https:\\\/\\\/hakotech.pl\\\/de\\\/#website\",\"url\":\"https:\\\/\\\/hakotech.pl\\\/de\\\/\",\"name\":\"DE Hako Technology Sp. z o.o.\",\"description\":\"Hako Technology\",\"potentialAction\":[{\"@type\":\"SearchAction\",\"target\":{\"@type\":\"EntryPoint\",\"urlTemplate\":\"https:\\\/\\\/hakotech.pl\\\/de\\\/?s={search_term_string}\"},\"query-input\":{\"@type\":\"PropertyValueSpecification\",\"valueRequired\":true,\"valueName\":\"search_term_string\"}}],\"inLanguage\":\"pl-PL\"}]}<\/script>\n<!-- \/ Yoast SEO plugin. -->","yoast_head_json":{"title":"DSGVO - DE Hako Technology Sp. z o.o.","robots":{"index":"index","follow":"follow","max-snippet":"max-snippet:-1","max-image-preview":"max-image-preview:large","max-video-preview":"max-video-preview:-1"},"canonical":"https:\/\/hakotech.pl\/de\/uber-uns\/gdpr\/","og_locale":"pl_PL","og_type":"article","og_title":"DSGVO - DE Hako Technology Sp. z o.o.","og_description":"1. Im Zusammenhang mit der Umsetzung der Anforderungen der Verordnung (EU) 2016\/679 des Europ\u00e4ischen Parlaments und des Rates vom 27. April 2016 zum Schutz Personen bei der Verarbeitung personenbezogener Daten und zum freien Datenverkehr sowie zur Aufhebung der Richtlinie 95\/46\/EG (Datenschutz-grundverordnung \u201eDSGVO\u201d) informieren wir Sie \u00fcber die Grunds\u00e4tze der Verarbeitung Ihrer personenbezogenen Daten und Ihre [&hellip;]","og_url":"https:\/\/hakotech.pl\/de\/uber-uns\/gdpr\/","og_site_name":"DE Hako Technology Sp. z o.o.","article_modified_time":"2022-12-09T10:00:11+00:00","twitter_card":"summary_large_image","twitter_misc":{"Szacowany czas czytania":"5 minut"},"schema":{"@context":"https:\/\/schema.org","@graph":[{"@type":"WebPage","@id":"https:\/\/hakotech.pl\/de\/uber-uns\/gdpr\/","url":"https:\/\/hakotech.pl\/de\/uber-uns\/gdpr\/","name":"DSGVO - DE Hako Technology Sp. z o.o.","isPartOf":{"@id":"https:\/\/hakotech.pl\/de\/#website"},"datePublished":"2021-01-18T18:29:13+00:00","dateModified":"2022-12-09T10:00:11+00:00","breadcrumb":{"@id":"https:\/\/hakotech.pl\/de\/uber-uns\/gdpr\/#breadcrumb"},"inLanguage":"pl-PL","potentialAction":[{"@type":"ReadAction","target":["https:\/\/hakotech.pl\/de\/uber-uns\/gdpr\/"]}]},{"@type":"BreadcrumbList","@id":"https:\/\/hakotech.pl\/de\/uber-uns\/gdpr\/#breadcrumb","itemListElement":[{"@type":"ListItem","position":1,"name":"Strona g\u0142\u00f3wna","item":"https:\/\/hakotech.pl\/de\/"},{"@type":"ListItem","position":2,"name":"\u00dcber uns","item":"https:\/\/hakotech.pl\/de\/uber-uns\/"},{"@type":"ListItem","position":3,"name":"DSGVO"}]},{"@type":"WebSite","@id":"https:\/\/hakotech.pl\/de\/#website","url":"https:\/\/hakotech.pl\/de\/","name":"DE Hako Technology Sp. z o.o.","description":"Hako Technology","potentialAction":[{"@type":"SearchAction","target":{"@type":"EntryPoint","urlTemplate":"https:\/\/hakotech.pl\/de\/?s={search_term_string}"},"query-input":{"@type":"PropertyValueSpecification","valueRequired":true,"valueName":"search_term_string"}}],"inLanguage":"pl-PL"}]}},"_links":{"self":[{"href":"https:\/\/hakotech.pl\/de\/wp-json\/wp\/v2\/pages\/3","targetHints":{"allow":["GET"]}}],"collection":[{"href":"https:\/\/hakotech.pl\/de\/wp-json\/wp\/v2\/pages"}],"about":[{"href":"https:\/\/hakotech.pl\/de\/wp-json\/wp\/v2\/types\/page"}],"author":[{"embeddable":true,"href":"https:\/\/hakotech.pl\/de\/wp-json\/wp\/v2\/users\/1"}],"replies":[{"embeddable":true,"href":"https:\/\/hakotech.pl\/de\/wp-json\/wp\/v2\/comments?post=3"}],"version-history":[{"count":15,"href":"https:\/\/hakotech.pl\/de\/wp-json\/wp\/v2\/pages\/3\/revisions"}],"predecessor-version":[{"id":3380,"href":"https:\/\/hakotech.pl\/de\/wp-json\/wp\/v2\/pages\/3\/revisions\/3380"}],"up":[{"embeddable":true,"href":"https:\/\/hakotech.pl\/de\/wp-json\/wp\/v2\/pages\/1594"}],"wp:attachment":[{"href":"https:\/\/hakotech.pl\/de\/wp-json\/wp\/v2\/media?parent=3"}],"curies":[{"name":"wp","href":"https:\/\/api.w.org\/{rel}","templated":true}]}}