{"id":3489,"date":"2023-12-07T08:31:45","date_gmt":"2023-12-07T08:31:45","guid":{"rendered":"https:\/\/hakotech.pl\/de\/?page_id=3489"},"modified":"2023-12-07T08:32:42","modified_gmt":"2023-12-07T08:32:42","slug":"hinweisgebersystem","status":"publish","type":"page","link":"https:\/\/hakotech.pl\/de\/hinweisgebersystem\/","title":{"rendered":"Hinweisgebersystem"},"content":{"rendered":"<p>[et_pb_section fb_built=&#8221;1&#8243; admin_label=&#8221;T\u0142o g\u0142\u00f3wne&#8221; _builder_version=&#8221;4.19.5&#8243; _module_preset=&#8221;default&#8221; background_image=&#8221;https:\/\/hakotech.pl\/de\/wp-content\/uploads\/sites\/10\/2023\/12\/Header_Miteinander-1.jpg&#8221; module_alignment=&#8221;center&#8221; min_height=&#8221;500px&#8221; global_colors_info=&#8221;{}&#8221;][\/et_pb_section][et_pb_section fb_built=&#8221;1&#8243; _builder_version=&#8221;4.19.5&#8243; _module_preset=&#8221;default&#8221; global_colors_info=&#8221;{}&#8221;][et_pb_row _builder_version=&#8221;4.19.5&#8243; _module_preset=&#8221;default&#8221; global_colors_info=&#8221;{}&#8221;][et_pb_column type=&#8221;4_4&#8243; _builder_version=&#8221;4.19.5&#8243; _module_preset=&#8221;default&#8221; global_colors_info=&#8221;{}&#8221;][et_pb_text admin_label=&#8221;Tekst&#8221; _builder_version=&#8221;4.20.0&#8243; _module_preset=&#8221;default&#8221; text_font_size=&#8221;20px&#8221; header_2_text_color=&#8221;#727272&#8243; header_2_font_size=&#8221;40px&#8221; header_4_text_color=&#8221;#000000&#8243; header_4_font_size=&#8221;25px&#8221; hover_enabled=&#8221;0&#8243; global_colors_info=&#8221;{}&#8221; sticky_enabled=&#8221;0&#8243;]<\/p>\n<h2><strong>Hinweisgebersystem<\/strong><\/h2>\n<p>&nbsp;<\/p>\n<p>Bei Hako Technology besteht die M\u00f6glichkeit, sich bei Verdacht oder Kenntnis von illegalem oder unethischem Handeln an ein internes, ausgelagertes und unabh\u00e4ngiges Hinweisgeberportal zu wenden und somit zur Aufdeckung von Regelverst\u00f6\u00dfen beizutragen.<\/p>\n<p>Gemeldet werden kann ein Fehlverhalten von Mitarbeitenden in unserer Unternehmensgruppe als auch unserer Lieferanten und Dienstleister in Bezug auf m\u00f6gliche Rechtsverst\u00f6\u00dfe oder unternehmenssch\u00e4digende Handlungen wie z.B. Korruption, Bestechung, Betrug, sonstige strafbare Handlungen, Kinderarbeit, Sklaverei, fehlende Arbeitssicherheit, Ausbeutung und Diskriminierung.<\/p>\n<p>Den Hinweisgebenden entsteht durch eine Meldung keinerlei Nachteil. Meldungen k\u00f6nnen in deutscher und englischer Sprache erfolgen. Die Meldungen k\u00f6nnen auf Wunsch auch anonym erfolgen.<\/p>\n<p>Wenn Sie konkrete, begr\u00fcndete Hinweise auf Rechtsverletzungen oder Regelverst\u00f6\u00dfe bei Hako haben oder solche vermuten, haben Sie folgende M\u00f6glichkeiten, zur Kontaktaufnahme:<\/p>\n<ul>\n<li>Per Webformular: <a href=\"https:\/\/whistlefox.heuking.de\/fastline\/hako-technology\/en\">https:\/\/whistlefox.heuking.de\/fastline\/hako-technology\/en<\/a><\/li>\n<li>per Telefon: +49 221 2052-547<\/li>\n<li>per Telefax: +49 221 2052-1<\/li>\n<li>per E-Mail: <a href=\"mailto:c.schork@heuking.de\">schork@heuking.de<\/a><\/li>\n<\/ul>\n<p>Die vertrauensvolle Meldestelle (WhistleFox) kann rund um die Uhr per Webformular, E-Mail, Fax oder Post und werkt\u00e4glich zu normalen B\u00fcrozeiten telefonisch kontaktiert werden.<\/p>\n<p>Als Ansprechpartner steht Ihnen Herr Rechtsanwalt Dr. Christoph Schork zur Verf\u00fcgung.<\/p>\n<p>Heuking K\u00fchn L\u00fcer Wojtek<br \/>Attn. Dr Christoph Schork<br \/>Magnusstra\u00dfe 13<br \/>D-50672 K\u00f6ln<\/p>\n<p>&nbsp;<\/p>\n<p>Bitte beachten Sie, dass das Hinweisgebersystem nicht f\u00fcr Beschwerden gedacht ist. Sollten Sie im Hinblick auf die Produkte oder Dienstleistungen von Hako Technology unzufrieden sein, wenden Sie sich bitte an Ihren jeweiligen Ansprechpartner im Unternehmen.<\/p>\n<p>F\u00fcr Hinweise nach dem Lieferkettensorgfaltspflichtengesetz finden Sie weitere Verfahrenshinweise hier<\/p>\n<p>[\/et_pb_text][et_pb_button button_url=&#8221;https:\/\/hakotech.pl\/code_of_procedure_hako_de\/&#8221; url_new_window=&#8221;on&#8221; button_text=&#8221;Hinweisgebersystem&#8221; button_alignment=&#8221;center&#8221; admin_label=&#8221;Przycisk&#8221; _builder_version=&#8221;4.20.0&#8243; _module_preset=&#8221;default&#8221; hover_enabled=&#8221;0&#8243; global_colors_info=&#8221;{}&#8221; sticky_enabled=&#8221;0&#8243;][\/et_pb_button][\/et_pb_column][\/et_pb_row][\/et_pb_section]<\/p>\n","protected":false},"excerpt":{"rendered":"<p>Hinweisgebersystem &nbsp; Bei Hako Technology besteht die M\u00f6glichkeit, sich bei Verdacht oder Kenntnis von illegalem oder unethischem Handeln an ein internes, ausgelagertes und unabh\u00e4ngiges Hinweisgeberportal zu wenden und somit zur Aufdeckung von Regelverst\u00f6\u00dfen beizutragen. Gemeldet werden kann ein Fehlverhalten von Mitarbeitenden in unserer Unternehmensgruppe als auch unserer Lieferanten und Dienstleister in Bezug auf m\u00f6gliche Rechtsverst\u00f6\u00dfe [&hellip;]<\/p>\n","protected":false},"author":2,"featured_media":0,"parent":0,"menu_order":0,"comment_status":"closed","ping_status":"closed","template":"","meta":{"_et_pb_use_builder":"on","_et_pb_old_content":"","_et_gb_content_width":"","footnotes":""},"class_list":["post-3489","page","type-page","status-publish","hentry"],"yoast_head":"<!-- This site is optimized with the Yoast SEO plugin v27.4 - https:\/\/yoast.com\/product\/yoast-seo-wordpress\/ -->\n<title>Hinweisgebersystem - DE Hako Technology Sp. z o.o.<\/title>\n<meta name=\"robots\" content=\"index, follow, max-snippet:-1, max-image-preview:large, max-video-preview:-1\" \/>\n<link rel=\"canonical\" href=\"https:\/\/hakotech.pl\/de\/hinweisgebersystem\/\" \/>\n<meta property=\"og:locale\" content=\"pl_PL\" \/>\n<meta property=\"og:type\" content=\"article\" \/>\n<meta property=\"og:title\" content=\"Hinweisgebersystem - DE Hako Technology Sp. z o.o.\" \/>\n<meta property=\"og:description\" content=\"Hinweisgebersystem &nbsp; Bei Hako Technology besteht die M\u00f6glichkeit, sich bei Verdacht oder Kenntnis von illegalem oder unethischem Handeln an ein internes, ausgelagertes und unabh\u00e4ngiges Hinweisgeberportal zu wenden und somit zur Aufdeckung von Regelverst\u00f6\u00dfen beizutragen. Gemeldet werden kann ein Fehlverhalten von Mitarbeitenden in unserer Unternehmensgruppe als auch unserer Lieferanten und Dienstleister in Bezug auf m\u00f6gliche Rechtsverst\u00f6\u00dfe [&hellip;]\" \/>\n<meta property=\"og:url\" content=\"https:\/\/hakotech.pl\/de\/hinweisgebersystem\/\" \/>\n<meta property=\"og:site_name\" content=\"DE Hako Technology Sp. z o.o.\" \/>\n<meta property=\"article:modified_time\" content=\"2023-12-07T08:32:42+00:00\" \/>\n<meta name=\"twitter:card\" content=\"summary_large_image\" \/>\n<meta name=\"twitter:label1\" content=\"Szacowany czas czytania\" \/>\n\t<meta name=\"twitter:data1\" content=\"2 minuty\" \/>\n<script type=\"application\/ld+json\" class=\"yoast-schema-graph\">{\"@context\":\"https:\\\/\\\/schema.org\",\"@graph\":[{\"@type\":\"WebPage\",\"@id\":\"https:\\\/\\\/hakotech.pl\\\/de\\\/hinweisgebersystem\\\/\",\"url\":\"https:\\\/\\\/hakotech.pl\\\/de\\\/hinweisgebersystem\\\/\",\"name\":\"Hinweisgebersystem - DE Hako Technology Sp. z o.o.\",\"isPartOf\":{\"@id\":\"https:\\\/\\\/hakotech.pl\\\/de\\\/#website\"},\"datePublished\":\"2023-12-07T08:31:45+00:00\",\"dateModified\":\"2023-12-07T08:32:42+00:00\",\"breadcrumb\":{\"@id\":\"https:\\\/\\\/hakotech.pl\\\/de\\\/hinweisgebersystem\\\/#breadcrumb\"},\"inLanguage\":\"pl-PL\",\"potentialAction\":[{\"@type\":\"ReadAction\",\"target\":[\"https:\\\/\\\/hakotech.pl\\\/de\\\/hinweisgebersystem\\\/\"]}]},{\"@type\":\"BreadcrumbList\",\"@id\":\"https:\\\/\\\/hakotech.pl\\\/de\\\/hinweisgebersystem\\\/#breadcrumb\",\"itemListElement\":[{\"@type\":\"ListItem\",\"position\":1,\"name\":\"Strona g\u0142\u00f3wna\",\"item\":\"https:\\\/\\\/hakotech.pl\\\/de\\\/\"},{\"@type\":\"ListItem\",\"position\":2,\"name\":\"Hinweisgebersystem\"}]},{\"@type\":\"WebSite\",\"@id\":\"https:\\\/\\\/hakotech.pl\\\/de\\\/#website\",\"url\":\"https:\\\/\\\/hakotech.pl\\\/de\\\/\",\"name\":\"DE Hako Technology Sp. z o.o.\",\"description\":\"Hako Technology\",\"potentialAction\":[{\"@type\":\"SearchAction\",\"target\":{\"@type\":\"EntryPoint\",\"urlTemplate\":\"https:\\\/\\\/hakotech.pl\\\/de\\\/?s={search_term_string}\"},\"query-input\":{\"@type\":\"PropertyValueSpecification\",\"valueRequired\":true,\"valueName\":\"search_term_string\"}}],\"inLanguage\":\"pl-PL\"}]}<\/script>\n<!-- \/ Yoast SEO plugin. -->","yoast_head_json":{"title":"Hinweisgebersystem - DE Hako Technology Sp. z o.o.","robots":{"index":"index","follow":"follow","max-snippet":"max-snippet:-1","max-image-preview":"max-image-preview:large","max-video-preview":"max-video-preview:-1"},"canonical":"https:\/\/hakotech.pl\/de\/hinweisgebersystem\/","og_locale":"pl_PL","og_type":"article","og_title":"Hinweisgebersystem - DE Hako Technology Sp. z o.o.","og_description":"Hinweisgebersystem &nbsp; Bei Hako Technology besteht die M\u00f6glichkeit, sich bei Verdacht oder Kenntnis von illegalem oder unethischem Handeln an ein internes, ausgelagertes und unabh\u00e4ngiges Hinweisgeberportal zu wenden und somit zur Aufdeckung von Regelverst\u00f6\u00dfen beizutragen. Gemeldet werden kann ein Fehlverhalten von Mitarbeitenden in unserer Unternehmensgruppe als auch unserer Lieferanten und Dienstleister in Bezug auf m\u00f6gliche Rechtsverst\u00f6\u00dfe [&hellip;]","og_url":"https:\/\/hakotech.pl\/de\/hinweisgebersystem\/","og_site_name":"DE Hako Technology Sp. z o.o.","article_modified_time":"2023-12-07T08:32:42+00:00","twitter_card":"summary_large_image","twitter_misc":{"Szacowany czas czytania":"2 minuty"},"schema":{"@context":"https:\/\/schema.org","@graph":[{"@type":"WebPage","@id":"https:\/\/hakotech.pl\/de\/hinweisgebersystem\/","url":"https:\/\/hakotech.pl\/de\/hinweisgebersystem\/","name":"Hinweisgebersystem - DE Hako Technology Sp. z o.o.","isPartOf":{"@id":"https:\/\/hakotech.pl\/de\/#website"},"datePublished":"2023-12-07T08:31:45+00:00","dateModified":"2023-12-07T08:32:42+00:00","breadcrumb":{"@id":"https:\/\/hakotech.pl\/de\/hinweisgebersystem\/#breadcrumb"},"inLanguage":"pl-PL","potentialAction":[{"@type":"ReadAction","target":["https:\/\/hakotech.pl\/de\/hinweisgebersystem\/"]}]},{"@type":"BreadcrumbList","@id":"https:\/\/hakotech.pl\/de\/hinweisgebersystem\/#breadcrumb","itemListElement":[{"@type":"ListItem","position":1,"name":"Strona g\u0142\u00f3wna","item":"https:\/\/hakotech.pl\/de\/"},{"@type":"ListItem","position":2,"name":"Hinweisgebersystem"}]},{"@type":"WebSite","@id":"https:\/\/hakotech.pl\/de\/#website","url":"https:\/\/hakotech.pl\/de\/","name":"DE Hako Technology Sp. z o.o.","description":"Hako Technology","potentialAction":[{"@type":"SearchAction","target":{"@type":"EntryPoint","urlTemplate":"https:\/\/hakotech.pl\/de\/?s={search_term_string}"},"query-input":{"@type":"PropertyValueSpecification","valueRequired":true,"valueName":"search_term_string"}}],"inLanguage":"pl-PL"}]}},"_links":{"self":[{"href":"https:\/\/hakotech.pl\/de\/wp-json\/wp\/v2\/pages\/3489","targetHints":{"allow":["GET"]}}],"collection":[{"href":"https:\/\/hakotech.pl\/de\/wp-json\/wp\/v2\/pages"}],"about":[{"href":"https:\/\/hakotech.pl\/de\/wp-json\/wp\/v2\/types\/page"}],"author":[{"embeddable":true,"href":"https:\/\/hakotech.pl\/de\/wp-json\/wp\/v2\/users\/2"}],"replies":[{"embeddable":true,"href":"https:\/\/hakotech.pl\/de\/wp-json\/wp\/v2\/comments?post=3489"}],"version-history":[{"count":4,"href":"https:\/\/hakotech.pl\/de\/wp-json\/wp\/v2\/pages\/3489\/revisions"}],"predecessor-version":[{"id":3496,"href":"https:\/\/hakotech.pl\/de\/wp-json\/wp\/v2\/pages\/3489\/revisions\/3496"}],"wp:attachment":[{"href":"https:\/\/hakotech.pl\/de\/wp-json\/wp\/v2\/media?parent=3489"}],"curies":[{"name":"wp","href":"https:\/\/api.w.org\/{rel}","templated":true}]}}