{"id":3525,"date":"2024-09-16T06:20:20","date_gmt":"2024-09-16T06:20:20","guid":{"rendered":"https:\/\/hakotech.pl\/de\/?page_id=3525"},"modified":"2025-05-22T10:52:58","modified_gmt":"2025-05-22T10:52:58","slug":"kunststofffertigung","status":"publish","type":"page","link":"https:\/\/hakotech.pl\/de\/angebot\/kunststofffertigung\/","title":{"rendered":"Kunststofffertigung"},"content":{"rendered":"<p>[et_pb_section fb_built=&#8221;1&#8243; inner_shadow=&#8221;on&#8221; fullwidth=&#8221;on&#8221; _builder_version=&#8221;4.20.0&#8243; _module_preset=&#8221;default&#8221; custom_margin=&#8221;||||false|false&#8221; global_colors_info=&#8221;{}&#8221;][et_pb_fullwidth_post_title meta=&#8221;off&#8221; featured_image=&#8221;off&#8221; text_color=&#8221;light&#8221; _builder_version=&#8221;4.16&#8243; _module_preset=&#8221;default&#8221; title_font=&#8221;|800|on||||||&#8221; title_line_height=&#8221;3em&#8221; background_color=&#8221;#BF3822&#8243; text_orientation=&#8221;center&#8221; custom_padding=&#8221;3px|||||&#8221; global_colors_info=&#8221;{}&#8221;][\/et_pb_fullwidth_post_title][\/et_pb_section][et_pb_section fb_built=&#8221;1&#8243; _builder_version=&#8221;4.20.0&#8243; _module_preset=&#8221;default&#8221; background_enable_color=&#8221;off&#8221; background_image=&#8221;https:\/\/hakotech.pl\/de\/wp-content\/uploads\/sites\/10\/2024\/09\/csm_HAKO_Ueber-Uns-Produktrange_549ad3a7611.png&#8221; background_size=&#8221;contain&#8221; custom_margin=&#8221;||||false|false&#8221; global_colors_info=&#8221;{}&#8221;][et_pb_row column_structure=&#8221;1_2,1_2&#8243; _builder_version=&#8221;4.20.0&#8243; _module_preset=&#8221;default&#8221; background_color=&#8221;rgba(232,232,232,0.89)&#8221; custom_margin=&#8221;||||false|false&#8221; border_color_all=&#8221;#FFFFFF&#8221; global_colors_info=&#8221;{}&#8221;][et_pb_column type=&#8221;1_2&#8243; _builder_version=&#8221;4.20.0&#8243; _module_preset=&#8221;default&#8221; global_colors_info=&#8221;{}&#8221;][et_pb_image src=&#8221;https:\/\/hakotech.pl\/de\/wp-content\/uploads\/sites\/10\/2024\/09\/zderzak.png&#8221; title_text=&#8221;zderzak&#8221; _builder_version=&#8221;4.20.0&#8243; _module_preset=&#8221;default&#8221; custom_margin=&#8221;|20px||20px|false|false&#8221; border_width_all=&#8221;3px&#8221; border_color_all=&#8221;#b73f28&#8243; box_shadow_style=&#8221;preset1&#8243; box_shadow_blur=&#8221;25px&#8221; global_colors_info=&#8221;{}&#8221;][\/et_pb_image][\/et_pb_column][et_pb_column type=&#8221;1_2&#8243; _builder_version=&#8221;4.20.0&#8243; _module_preset=&#8221;default&#8221; global_colors_info=&#8221;{}&#8221;][et_pb_blurb _builder_version=&#8221;4.20.0&#8243; _module_preset=&#8221;default&#8221; body_font_size=&#8221;22px&#8221; background_enable_color=&#8221;off&#8221; custom_margin=&#8221;10px|20px|30px|20px|false|false&#8221; hover_enabled=&#8221;0&#8243; global_colors_info=&#8221;{}&#8221; sticky_enabled=&#8221;0&#8243;]<\/p>\n<p>Das Rotationsgie\u00dfen geh\u00f6rt zu den Kunststoffverarbeitungsmethoden mit hohen technischen und optischen Anforderungen.<\/p>\n<p>Es erm\u00f6glicht die Herstellung einer breiten Palette von Produkten mit geringen Anlaufkosten. Diese reichen von Wasser-, Kraftstoff- und \u00d6ltanks \u00fcber Maschinengeh\u00e4useteile bis hin zu Blument\u00f6pfen in verschiedenen Abmessungen.<\/p>\n<p>&nbsp;<\/p>\n<p>&nbsp;<\/p>\n<p>[\/et_pb_blurb][et_pb_button button_url=&#8221;https:\/\/hakotech.pl\/kontakt\/&#8221; button_text=&#8221;Kontakt&#8221; button_alignment=&#8221;center&#8221; _builder_version=&#8221;4.20.0&#8243; _module_preset=&#8221;default&#8221; custom_margin=&#8221;20px|20px||20px|false|false&#8221; hover_enabled=&#8221;0&#8243; global_colors_info=&#8221;{}&#8221; sticky_enabled=&#8221;0&#8243;][\/et_pb_button][\/et_pb_column][\/et_pb_row][et_pb_row _builder_version=&#8221;4.20.0&#8243; _module_preset=&#8221;default&#8221; background_color=&#8221;rgba(232,232,232,0.89)&#8221; custom_margin=&#8221;||-20px||false|false&#8221; global_colors_info=&#8221;{}&#8221;][et_pb_column type=&#8221;4_4&#8243; _builder_version=&#8221;4.20.0&#8243; _module_preset=&#8221;default&#8221; global_colors_info=&#8221;{}&#8221;][et_pb_gallery gallery_ids=&#8221;3529,3530,3531,3532,3533,3534,3535,3536&#8243; gallery_orderby=&#8221;rand&#8221; show_title_and_caption=&#8221;off&#8221; _builder_version=&#8221;4.20.0&#8243; _module_preset=&#8221;default&#8221; custom_margin=&#8221;|20px|-20px|20px|false|false&#8221; border_color_all=&#8221;#b73f28&#8243; border_width_all_image=&#8221;2px&#8221; border_color_all_image=&#8221;#BF3822&#8243; global_colors_info=&#8221;{}&#8221;][\/et_pb_gallery][\/et_pb_column][\/et_pb_row][\/et_pb_section]<\/p>\n","protected":false},"excerpt":{"rendered":"<p>Das Rotationsgie\u00dfen geh\u00f6rt zu den Kunststoffverarbeitungsmethoden mit hohen technischen und optischen Anforderungen. Es erm\u00f6glicht die Herstellung einer breiten Palette von Produkten mit geringen Anlaufkosten. Diese reichen von Wasser-, Kraftstoff- und \u00d6ltanks \u00fcber Maschinengeh\u00e4useteile bis hin zu Blument\u00f6pfen in verschiedenen Abmessungen. &nbsp; &nbsp;<\/p>\n","protected":false},"author":2,"featured_media":0,"parent":31,"menu_order":0,"comment_status":"closed","ping_status":"closed","template":"","meta":{"_et_pb_use_builder":"on","_et_pb_old_content":"","_et_gb_content_width":"","footnotes":""},"class_list":["post-3525","page","type-page","status-publish","hentry"],"yoast_head":"<!-- This site is optimized with the Yoast SEO plugin v27.5 - https:\/\/yoast.com\/product\/yoast-seo-wordpress\/ -->\n<title>Kunststofffertigung - DE Hako Technology Sp. z o.o.<\/title>\n<meta name=\"robots\" content=\"index, follow, max-snippet:-1, max-image-preview:large, max-video-preview:-1\" \/>\n<link rel=\"canonical\" href=\"https:\/\/hakotech.pl\/de\/angebot\/kunststofffertigung\/\" \/>\n<meta property=\"og:locale\" content=\"pl_PL\" \/>\n<meta property=\"og:type\" content=\"article\" \/>\n<meta property=\"og:title\" content=\"Kunststofffertigung - DE Hako Technology Sp. z o.o.\" \/>\n<meta property=\"og:description\" content=\"Das Rotationsgie\u00dfen geh\u00f6rt zu den Kunststoffverarbeitungsmethoden mit hohen technischen und optischen Anforderungen. Es erm\u00f6glicht die Herstellung einer breiten Palette von Produkten mit geringen Anlaufkosten. Diese reichen von Wasser-, Kraftstoff- und \u00d6ltanks \u00fcber Maschinengeh\u00e4useteile bis hin zu Blument\u00f6pfen in verschiedenen Abmessungen. &nbsp; &nbsp;\" \/>\n<meta property=\"og:url\" content=\"https:\/\/hakotech.pl\/de\/angebot\/kunststofffertigung\/\" \/>\n<meta property=\"og:site_name\" content=\"DE Hako Technology Sp. z o.o.\" \/>\n<meta property=\"article:modified_time\" content=\"2025-05-22T10:52:58+00:00\" \/>\n<meta name=\"twitter:card\" content=\"summary_large_image\" \/>\n<meta name=\"twitter:label1\" content=\"Szacowany czas czytania\" \/>\n\t<meta name=\"twitter:data1\" content=\"2 minuty\" \/>\n<script type=\"application\/ld+json\" class=\"yoast-schema-graph\">{\"@context\":\"https:\\\/\\\/schema.org\",\"@graph\":[{\"@type\":\"WebPage\",\"@id\":\"https:\\\/\\\/hakotech.pl\\\/de\\\/angebot\\\/kunststofffertigung\\\/\",\"url\":\"https:\\\/\\\/hakotech.pl\\\/de\\\/angebot\\\/kunststofffertigung\\\/\",\"name\":\"Kunststofffertigung - DE Hako Technology Sp. z o.o.\",\"isPartOf\":{\"@id\":\"https:\\\/\\\/hakotech.pl\\\/de\\\/#website\"},\"datePublished\":\"2024-09-16T06:20:20+00:00\",\"dateModified\":\"2025-05-22T10:52:58+00:00\",\"breadcrumb\":{\"@id\":\"https:\\\/\\\/hakotech.pl\\\/de\\\/angebot\\\/kunststofffertigung\\\/#breadcrumb\"},\"inLanguage\":\"pl-PL\",\"potentialAction\":[{\"@type\":\"ReadAction\",\"target\":[\"https:\\\/\\\/hakotech.pl\\\/de\\\/angebot\\\/kunststofffertigung\\\/\"]}]},{\"@type\":\"BreadcrumbList\",\"@id\":\"https:\\\/\\\/hakotech.pl\\\/de\\\/angebot\\\/kunststofffertigung\\\/#breadcrumb\",\"itemListElement\":[{\"@type\":\"ListItem\",\"position\":1,\"name\":\"Strona g\u0142\u00f3wna\",\"item\":\"https:\\\/\\\/hakotech.pl\\\/de\\\/\"},{\"@type\":\"ListItem\",\"position\":2,\"name\":\"Angebot\",\"item\":\"https:\\\/\\\/hakotech.pl\\\/de\\\/angebot\\\/\"},{\"@type\":\"ListItem\",\"position\":3,\"name\":\"Kunststofffertigung\"}]},{\"@type\":\"WebSite\",\"@id\":\"https:\\\/\\\/hakotech.pl\\\/de\\\/#website\",\"url\":\"https:\\\/\\\/hakotech.pl\\\/de\\\/\",\"name\":\"DE Hako Technology Sp. z o.o.\",\"description\":\"Hako Technology\",\"potentialAction\":[{\"@type\":\"SearchAction\",\"target\":{\"@type\":\"EntryPoint\",\"urlTemplate\":\"https:\\\/\\\/hakotech.pl\\\/de\\\/?s={search_term_string}\"},\"query-input\":{\"@type\":\"PropertyValueSpecification\",\"valueRequired\":true,\"valueName\":\"search_term_string\"}}],\"inLanguage\":\"pl-PL\"}]}<\/script>\n<!-- \/ Yoast SEO plugin. -->","yoast_head_json":{"title":"Kunststofffertigung - DE Hako Technology Sp. z o.o.","robots":{"index":"index","follow":"follow","max-snippet":"max-snippet:-1","max-image-preview":"max-image-preview:large","max-video-preview":"max-video-preview:-1"},"canonical":"https:\/\/hakotech.pl\/de\/angebot\/kunststofffertigung\/","og_locale":"pl_PL","og_type":"article","og_title":"Kunststofffertigung - DE Hako Technology Sp. z o.o.","og_description":"Das Rotationsgie\u00dfen geh\u00f6rt zu den Kunststoffverarbeitungsmethoden mit hohen technischen und optischen Anforderungen. Es erm\u00f6glicht die Herstellung einer breiten Palette von Produkten mit geringen Anlaufkosten. Diese reichen von Wasser-, Kraftstoff- und \u00d6ltanks \u00fcber Maschinengeh\u00e4useteile bis hin zu Blument\u00f6pfen in verschiedenen Abmessungen. &nbsp; &nbsp;","og_url":"https:\/\/hakotech.pl\/de\/angebot\/kunststofffertigung\/","og_site_name":"DE Hako Technology Sp. z o.o.","article_modified_time":"2025-05-22T10:52:58+00:00","twitter_card":"summary_large_image","twitter_misc":{"Szacowany czas czytania":"2 minuty"},"schema":{"@context":"https:\/\/schema.org","@graph":[{"@type":"WebPage","@id":"https:\/\/hakotech.pl\/de\/angebot\/kunststofffertigung\/","url":"https:\/\/hakotech.pl\/de\/angebot\/kunststofffertigung\/","name":"Kunststofffertigung - DE Hako Technology Sp. z o.o.","isPartOf":{"@id":"https:\/\/hakotech.pl\/de\/#website"},"datePublished":"2024-09-16T06:20:20+00:00","dateModified":"2025-05-22T10:52:58+00:00","breadcrumb":{"@id":"https:\/\/hakotech.pl\/de\/angebot\/kunststofffertigung\/#breadcrumb"},"inLanguage":"pl-PL","potentialAction":[{"@type":"ReadAction","target":["https:\/\/hakotech.pl\/de\/angebot\/kunststofffertigung\/"]}]},{"@type":"BreadcrumbList","@id":"https:\/\/hakotech.pl\/de\/angebot\/kunststofffertigung\/#breadcrumb","itemListElement":[{"@type":"ListItem","position":1,"name":"Strona g\u0142\u00f3wna","item":"https:\/\/hakotech.pl\/de\/"},{"@type":"ListItem","position":2,"name":"Angebot","item":"https:\/\/hakotech.pl\/de\/angebot\/"},{"@type":"ListItem","position":3,"name":"Kunststofffertigung"}]},{"@type":"WebSite","@id":"https:\/\/hakotech.pl\/de\/#website","url":"https:\/\/hakotech.pl\/de\/","name":"DE Hako Technology Sp. z o.o.","description":"Hako Technology","potentialAction":[{"@type":"SearchAction","target":{"@type":"EntryPoint","urlTemplate":"https:\/\/hakotech.pl\/de\/?s={search_term_string}"},"query-input":{"@type":"PropertyValueSpecification","valueRequired":true,"valueName":"search_term_string"}}],"inLanguage":"pl-PL"}]}},"_links":{"self":[{"href":"https:\/\/hakotech.pl\/de\/wp-json\/wp\/v2\/pages\/3525","targetHints":{"allow":["GET"]}}],"collection":[{"href":"https:\/\/hakotech.pl\/de\/wp-json\/wp\/v2\/pages"}],"about":[{"href":"https:\/\/hakotech.pl\/de\/wp-json\/wp\/v2\/types\/page"}],"author":[{"embeddable":true,"href":"https:\/\/hakotech.pl\/de\/wp-json\/wp\/v2\/users\/2"}],"replies":[{"embeddable":true,"href":"https:\/\/hakotech.pl\/de\/wp-json\/wp\/v2\/comments?post=3525"}],"version-history":[{"count":6,"href":"https:\/\/hakotech.pl\/de\/wp-json\/wp\/v2\/pages\/3525\/revisions"}],"predecessor-version":[{"id":3619,"href":"https:\/\/hakotech.pl\/de\/wp-json\/wp\/v2\/pages\/3525\/revisions\/3619"}],"up":[{"embeddable":true,"href":"https:\/\/hakotech.pl\/de\/wp-json\/wp\/v2\/pages\/31"}],"wp:attachment":[{"href":"https:\/\/hakotech.pl\/de\/wp-json\/wp\/v2\/media?parent=3525"}],"curies":[{"name":"wp","href":"https:\/\/api.w.org\/{rel}","templated":true}]}}