{"id":3,"date":"2021-01-18T18:29:13","date_gmt":"2021-01-18T18:29:13","guid":{"rendered":"https:\/\/hakotech.pl\/en\/?page_id=3"},"modified":"2021-05-23T19:32:02","modified_gmt":"2021-05-23T19:32:02","slug":"gdpr","status":"publish","type":"page","link":"https:\/\/hakotech.pl\/en\/about-us\/gdpr\/","title":{"rendered":"GDPR"},"content":{"rendered":"<p>[et_pb_section fb_built=&#8221;1&#8243; inner_shadow=&#8221;on&#8221; fullwidth=&#8221;on&#8221; _builder_version=&#8221;4.9.4&#8243; _module_preset=&#8221;default&#8221; global_module=&#8221;36&#8243;][et_pb_fullwidth_post_title meta=&#8221;off&#8221; featured_image=&#8221;off&#8221; text_color=&#8221;light&#8221; _builder_version=&#8221;4.9.4&#8243; _module_preset=&#8221;default&#8221; title_font=&#8221;|800|on||||||&#8221; title_line_height=&#8221;3em&#8221; background_color=&#8221;#BF3822&#8243; text_orientation=&#8221;center&#8221; custom_padding=&#8221;3px|||||&#8221;][\/et_pb_fullwidth_post_title][\/et_pb_section][et_pb_section fb_built=&#8221;1&#8243; _builder_version=&#8221;4.8.1&#8243; _module_preset=&#8221;default&#8221;][et_pb_row _builder_version=&#8221;4.8.1&#8243; _module_preset=&#8221;default&#8221;][et_pb_column type=&#8221;4_4&#8243; _builder_version=&#8221;4.8.1&#8243; _module_preset=&#8221;default&#8221;][et_pb_text _builder_version=&#8221;4.9.4&#8243; _module_preset=&#8221;default&#8221;]<\/p>\n<p>According to the General Data Protection Regulation (GDPR) 2016\/679 of the European Parliament and of the Council of 27 April 2016 on the protection of natural persons with regard to the processing of personal data and on the free movement of such data, and repealing Directive 95\/46\/EC (General Data Protection Regulation), we are obliged to inform you on how your personal data is administered by us.<\/p>\n<p>1. The administrator of your personal data is Hako Technology Sp. z o.o. with its registered office in Cha\u0142upy 30, 76-024 \u015awieszyno; entered into the Business Register by the District Court in Koszalin, IX Court Register with number 0000073043.<\/p>\n<p>2. You can contact with the Administrator by telephone: +48 94 347-04-04 or e-mail: info@hakotech.pl.<\/p>\n<p>3. Your data is processed for the purpose as follows:<br \/>a) conclusion or performance of the contract in connection with which they are transferred to the Company e.g.: in order to carry out the recruitment process, establish a relationship, a cooperation agreement or other trade agreement, depending on the circumstances;<br \/>b) perform commercial activities by the Company and provide services as part of the execution of contracts concluded with customers or for the purpose of carrying out activities performed at the customer\u2019s request or due to the conclusion of a contract;<br \/>c) the company is subject to a number of legal obligations arising, e.g. from tax legislation, labor law and social security regulations and other regulatory requirements. The company may also be obliged to perform tasks in the public interest, in particular involving crime counteracting. In case of such necessity, we will process your data in order to fulfill the requirements imposed by the regulations above and others;<br \/>d) your data can also be processed for purposes such as verification of the identity of customers and their representatives, monitoring the timeliness of payment of receivables and risk management in the Company, performance of duties in accordance with tax legislation;<br \/>e) your data may also be processed for pursuing legally legitimate interests of the Company or a third party, when there is a need to pursue claims and defend against claims, for internal business purposes of the Company, i.e. employee or related issues cooperation, analysis and internal reporting of the Enterprise.<\/p>\n<p>4. You have the right to access the content of the data and to rectify, delete or limit the processing, as well as the right to object, demand the cessation of processing and data transfer, as well as the right to withdraw your consent at any time and the right to lodge a complaint to the supervisory body \u2013 President of the Office for Personal Data Protection.<\/p>\n<p>5. Providing data is voluntary but necessary to perform the requested activities or to conclude and execute the contract with the Company. In the event of not providing the Company with necessary information or documents, the Company will not be able to carry out the actions requested or enter into and execute contracts and provide services.<\/p>\n<p>6. The data provided by you will not be subject to disclosure to third parties. Recipients of data will be only institutions authorized by law.<\/p>\n<p>7. The data provided by you will not be profiled or processed automatically.<\/p>\n<p>8. The data controller has no intention of transferring personal data to a third country or an international organization.<\/p>\n<p>9. Personal data will be stored for the period necessary to achieve the purposes of processing indicated in point 3:<br \/>a) within the scope of implementation of the contract concluded with the Company \u2013 until the completion of its implementation and after that time for the period required by law or for the implementation of any claims;<br \/>b) in the scope of fulfilling the legal obligations to which the Company is subject with the conduct of business and the implementation of contracts \u2013 until fulfilling these obligations by the Company;<br \/>c) in the scope of processing carried out only on the basis of consent \u2013 until the data are deleted immediately, based on the request made by you;<br \/>d) until legally legitimate interests of the Company that constitute the basis for such processing are fulfilled or until you object to such processing, unless there are legitimate legal basis for further processing<br \/>e) in the scope of present recruitment process \u2013 for 6 months,<br \/>f) in the scope of the future recruitment process \u2013 for 12 months.<\/p>\n<p>[\/et_pb_text][\/et_pb_column][\/et_pb_row][\/et_pb_section][et_pb_section fb_built=&#8221;1&#8243; _builder_version=&#8221;4.9.4&#8243; _module_preset=&#8221;default&#8221; background_color=&#8221;#f9f9f9&#8243; custom_padding=&#8221;50px|||||&#8221; top_divider_arrangement=&#8221;above_content&#8221; border_width_top=&#8221;4px&#8221; border_color_top=&#8221;#BF3822&#8243; global_module=&#8221;2548&#8243;][et_pb_row column_structure=&#8221;1_3,1_3,1_3&#8243; _builder_version=&#8221;4.9.0&#8243; _module_preset=&#8221;default&#8221;][et_pb_column type=&#8221;1_3&#8243; _builder_version=&#8221;4.9.0&#8243; _module_preset=&#8221;default&#8221;][et_pb_text _builder_version=&#8221;4.9.0&#8243; _module_preset=&#8221;default&#8221;]<\/p>\n<div class=\"w-iconbox iconpos_left style_default color_primary align_center no_title\">\n<div class=\"w-iconbox-meta\">\n<div class=\"w-iconbox-text\">\n<div class=\"w-iconbox iconpos_left style_default color_primary align_center no_title\">\n<div class=\"w-iconbox-meta\">\n<div class=\"w-iconbox-text\">\n<p><span>Hako Technology Sp. z o.o.<br \/>Since 1997, together<br \/>NIP: 7821976958, <br \/>REGON: 631031259<\/span><\/p>\n<\/div>\n<\/div>\n<\/div>\n<\/div>\n<\/div>\n<\/div>\n<p>[\/et_pb_text][\/et_pb_column][et_pb_column type=&#8221;1_3&#8243; _builder_version=&#8221;4.9.0&#8243; _module_preset=&#8221;default&#8221;][et_pb_text _builder_version=&#8221;4.9.4&#8243; _module_preset=&#8221;default&#8221;]<\/p>\n<div class=\"w-iconbox iconpos_left style_default color_primary align_center no_title\">\n<div class=\"w-iconbox-meta\">\n<div class=\"w-iconbox-text\">\n<div class=\"w-iconbox iconpos_left style_default color_primary align_center no_title\">\n<div class=\"w-iconbox-meta\">\n<div class=\"w-iconbox-text\">\n<p>+48<span>\u00a0<\/span><strong>94 347 04 04<\/strong><br \/>+48<span>\u00a0<\/span><strong>94 316 19 43<\/strong><br \/><a href=\"mailto:sekretariat@hakotech.pl\">sekretariat@hakotech.pl<\/a><\/p>\n<p>Secretary: +48<span>\u00a0<\/span><strong>605 409 033<\/strong><br \/>Sale: +48<span>\u00a0<\/span><strong>502 699 735<\/strong><br \/>Shopping: +48<span>\u00a0<\/span><strong>603 902 875<\/strong><\/p>\n<\/div>\n<\/div>\n<\/div>\n<\/div>\n<\/div>\n<\/div>\n<p>[\/et_pb_text][\/et_pb_column][et_pb_column type=&#8221;1_3&#8243; _builder_version=&#8221;4.9.0&#8243; _module_preset=&#8221;default&#8221;][et_pb_text _builder_version=&#8221;4.9.4&#8243; _module_preset=&#8221;default&#8221;]<\/p>\n<div class=\"w-iconbox iconpos_left style_default color_primary align_center no_title\">\n<div class=\"w-iconbox-meta\">\n<div class=\"w-iconbox-text\">\n<p><span class=\"fsx04\">Cha<\/span><span class=\"fsx04\">\u0142upy 30<br \/>76-024 \u015awieszyno<br \/><\/span><span class=\"fsx04\">Poland<\/span><\/p>\n<\/div>\n<\/div>\n<\/div>\n<p>[\/et_pb_text][\/et_pb_column][\/et_pb_row][\/et_pb_section]<\/p>\n","protected":false},"excerpt":{"rendered":"<p>According to the General Data Protection Regulation (GDPR) 2016\/679 of the European Parliament and of the Council of 27 April 2016 on the protection of natural persons with regard to the processing of personal data and on the free movement of such data, and repealing Directive 95\/46\/EC (General Data Protection Regulation), we are obliged to [&hellip;]<\/p>\n","protected":false},"author":1,"featured_media":0,"parent":1594,"menu_order":0,"comment_status":"closed","ping_status":"open","template":"","meta":{"_et_pb_use_builder":"on","_et_pb_old_content":"<!-- wp:heading -->\r\n<p>W zwi\u0105zku z realizacj\u0105 wymog\u00f3w Rozporz\u0105dzenia Parlamentu Europejskiego i Rady (UE) 2016\/679 z dnia 27 kwietnia 2016 r. w sprawie ochrony os\u00f3b fizycznych w zwi\u0105zku z przetwarzaniem danych osobowych i w sprawie swobodnego przep\u0142ywu takich danych oraz uchylenia dyrektywy 95\/46\/WE (og\u00f3lne rozporz\u0105dzenie o ochronie danych \u201eRODO\u201d), informujemy o zasadach przetwarzania Pani\/Pana danych osobowych oraz o przys\u0142uguj\u0105cych Pani\/Panu prawach z tym zwi\u0105zanych.<\/p>\r\n<p>1. Administratorem przekazanych przez Pa\u0144stwo danych osobowych jest Hako Technology Sp. z o.o. z siedzib\u0105 w Cha\u0142upach 30, 76-024; wpisana do Rejestru Przedsi\u0119biorc\u00f3w przez S\u0105d Rejonowy w Koszalinie IX Wydzia\u0142 Rejestru S\u0105dowego pod numerem 0000073043.<\/p>\r\n<p>2. Dane kontaktowe Administratora: tel.: +48 94 347-04-04, e-mail: info@hakotech.pl.<\/p>\r\n<p>3. Pa\u0144stwa dane b\u0119d\u0105 przetwarzane w nast\u0119puj\u0105cych celach:<br \/>a) realizacji czynno\u015bci zawarcia lub wykonania umowy, w zwi\u0105zku z kt\u00f3rymi zosta\u0142y przekazane do Firmy, na przyk\u0142ad w celu realizacji procesu rekrutacji, nawi\u0105zania relacji, umowy o wsp\u00f3\u0142prac\u0119 lub innej umowy handlowej, w zale\u017cno\u015bci od okoliczno\u015bci;<br \/>b) wykonywania przez Przedsi\u0119biorstwo dzia\u0142alno\u015bci handlowej oraz \u015bwiadczenia us\u0142ug w ramach realizacji um\u00f3w zawartych z klientami lub w celu realizacji dzia\u0142a\u0144 wykonywanych na \u017cyczenie klienta lub w zwi\u0105zku z zawarciem umowy;<br \/>c) firma podlega szeregowi zobowi\u0105za\u0144 prawnych wynikaj\u0105cych np. z ustawodawstwa podatkowego, przepis\u00f3w z zakresu prawa pracy i ubezpieczenia spo\u0142ecznego oraz innym wymogom regulacyjnym. Firma mo\u017ce ponadto zosta\u0107 zobowi\u0105zana do realizacji zada\u0144 w interesie publicznym, w szczeg\u00f3lno\u015bci obejmuj\u0105cych przeciwdzia\u0142anie przest\u0119pstwom. W przypadku takiej konieczno\u015bci b\u0119dziemy przetwarza\u0107 Pa\u0144stwa dane w celu realizacji wymog\u00f3w nak\u0142adanych m.in. przez powy\u017csze regulacje;<br \/>d) Pa\u0144stwa dane mog\u0105 by\u0107 r\u00f3wnie\u017c przetwarzane do takich cel\u00f3w jak: weryfikacja to\u017csamo\u015bci klient\u00f3w i os\u00f3b ich reprezentuj\u0105cych, monitorowanie terminowo\u015bci sp\u0142at nale\u017cno\u015bci oraz zarz\u0105dzaniem ryzykiem w Firmie, wykonywanie obowi\u0105zk\u00f3w zgodnie z ustawodawstwem podatkowym;<br \/>e) Pa\u0144stwa dane mog\u0105 by\u0107 przetwarzane r\u00f3wnie\u017c w celu prawnie uzasadnionych interes\u00f3w realizowanych przez Firm\u0119 lub stron\u0119 trzeci\u0105, wtedy gdy nast\u0105pi konieczno\u015b\u0107 dochodzenia roszcze\u0144 oraz obrony przed roszczeniami, do wewn\u0119trznych cel\u00f3w administracyjnych Firmy, tj.: kwestie pracownicze lub zwi\u0105zane ze wsp\u00f3\u0142prac\u0105, analiza i raportowanie wewn\u0119trzne Przedsi\u0119biorstwa.<\/p>\r\n<p>4. Przys\u0142uguje Pani\/Panu prawo dost\u0119pu do tre\u015bci danych oraz ich sprostowania, usuni\u0119cia lub ograniczenia przetwarzania, a tak\u017ce prawo sprzeciwu, za\u017c\u0105dania zaprzestania przetwarzania i przenoszenia danych, jak r\u00f3wnie\u017c prawo do cofni\u0119cia zgody w dowolnym momencie oraz prawo do wniesienia skargi do organu nadzorczego \u2013 Prezesa Urz\u0119du Ochrony Danych Osobowych.<\/p>\r\n<p>5. Podanie danych jest dobrowolne, lecz niezb\u0119dne do wykonania wnioskowanych czynno\u015bci lub zawarcia i realizacji umowy z Firm\u0105. W przypadku niedostarczenia Firmie niezb\u0119dnych informacji lub dokument\u00f3w, Firma nie b\u0119dzie mog\u0142a przeprowadzi\u0107 wnioskowanych czynno\u015bci lub zawrze\u0107 i zrealizowa\u0107 um\u00f3w oraz prowadzi\u0107 obs\u0142ugi.<\/p>\r\n<p>6. Dane udost\u0119pnione przez Pani\u0105\/Pana nie b\u0119d\u0105 podlega\u0142y udost\u0119pnieniu podmiotom trzecim. Odbiorcami danych b\u0119d\u0105 tylko instytucje upowa\u017cnione z mocy prawa.<\/p>\r\n<p>7. Dane udost\u0119pnione przez Pani\u0105\/Pana nie b\u0119d\u0105 podlega\u0142y profilowaniu ani zautomatyzowanemu przetwarzaniu.<\/p>\r\n<p>8. Administrator danych nie ma zamiaru przekazywa\u0107 danych osobowych do pa\u0144stwa trzeciego lub organizacji mi\u0119dzynarodowej.<\/p>\r\n<p>9. Dane osobowe b\u0119d\u0105 przechowywane przez okres niezb\u0119dny do realizacji cel\u00f3w przetwarzania wskazanych w pkt 3, tj.:<br \/>a) w zakresie realizacji zawartej z Przedsi\u0119biorstwem umowy \u2013 do czasu zako\u0144czenia jej realizacji, a po tym czasie przez okres wymagany przez przepisy prawa lub dla realizacji ewentualnych roszcze\u0144;<br \/>b) w zakresie wype\u0142niania zobowi\u0105za\u0144 prawnych ci\u0105\u017c\u0105cych na Firmie w zwi\u0105zku z prowadzeniem dzia\u0142alno\u015bci i realizacj\u0105 zawartych um\u00f3w \u2013 do czasu wype\u0142nienia tych obowi\u0105zk\u00f3w przez Firm\u0119;<br \/>c) w zakresie przetwarzania realizowanego wy\u0142\u0105cznie w oparciu o zgod\u0119 \u2013 do czasu niezw\u0142ocznego usuni\u0119cia danych, zrealizowanego w oparciu o zg\u0142oszone przez Pani\u0105\/Pana \u017c\u0105danie;<br \/>d) do czasu wype\u0142nienia prawnie uzasadnionych interes\u00f3w Firmy stanowi\u0105cych podstaw\u0119 tego przetwarzania lub do czasu wniesienia przez Pani\u0105\/Pana sprzeciwu wobec takiemu przetwarzaniu, o ile nie wyst\u0119puj\u0105 prawnie uzasadnione podstawy dalszego przetwarzania danych;<br \/>e) w zakresie realizacji bie\u017c\u0105cego procesu rekrutacyjnego \u2013 przez okres 6 miesi\u0119cy;<br \/>f) w zakresie realizacji przysz\u0142ych proces\u00f3w rekrutacyjnych \u2013 przez okres 12 miesi\u0119cy.<\/p>\r\n<!-- \/wp:heading -->","_et_gb_content_width":"","footnotes":""},"class_list":["post-3","page","type-page","status-publish","hentry"],"yoast_head":"<!-- This site is optimized with the Yoast SEO plugin v27.4 - https:\/\/yoast.com\/product\/yoast-seo-wordpress\/ -->\n<title>GDPR - EN Hako Technology Sp. z o.o.<\/title>\n<meta name=\"robots\" content=\"index, follow, max-snippet:-1, max-image-preview:large, max-video-preview:-1\" \/>\n<link rel=\"canonical\" href=\"https:\/\/hakotech.pl\/en\/about-us\/gdpr\/\" \/>\n<meta property=\"og:locale\" content=\"pl_PL\" \/>\n<meta property=\"og:type\" content=\"article\" \/>\n<meta property=\"og:title\" content=\"GDPR - EN Hako Technology Sp. z o.o.\" \/>\n<meta property=\"og:description\" content=\"According to the General Data Protection Regulation (GDPR) 2016\/679 of the European Parliament and of the Council of 27 April 2016 on the protection of natural persons with regard to the processing of personal data and on the free movement of such data, and repealing Directive 95\/46\/EC (General Data Protection Regulation), we are obliged to [&hellip;]\" \/>\n<meta property=\"og:url\" content=\"https:\/\/hakotech.pl\/en\/about-us\/gdpr\/\" \/>\n<meta property=\"og:site_name\" content=\"EN Hako Technology Sp. z o.o.\" \/>\n<meta property=\"article:modified_time\" content=\"2021-05-23T19:32:02+00:00\" \/>\n<meta name=\"twitter:card\" content=\"summary_large_image\" \/>\n<meta name=\"twitter:label1\" content=\"Szacowany czas czytania\" \/>\n\t<meta name=\"twitter:data1\" content=\"5 minut\" \/>\n<script type=\"application\/ld+json\" class=\"yoast-schema-graph\">{\"@context\":\"https:\\\/\\\/schema.org\",\"@graph\":[{\"@type\":\"WebPage\",\"@id\":\"https:\\\/\\\/hakotech.pl\\\/en\\\/about-us\\\/gdpr\\\/\",\"url\":\"https:\\\/\\\/hakotech.pl\\\/en\\\/about-us\\\/gdpr\\\/\",\"name\":\"GDPR - EN Hako Technology Sp. z o.o.\",\"isPartOf\":{\"@id\":\"https:\\\/\\\/hakotech.pl\\\/en\\\/#website\"},\"datePublished\":\"2021-01-18T18:29:13+00:00\",\"dateModified\":\"2021-05-23T19:32:02+00:00\",\"breadcrumb\":{\"@id\":\"https:\\\/\\\/hakotech.pl\\\/en\\\/about-us\\\/gdpr\\\/#breadcrumb\"},\"inLanguage\":\"pl-PL\",\"potentialAction\":[{\"@type\":\"ReadAction\",\"target\":[\"https:\\\/\\\/hakotech.pl\\\/en\\\/about-us\\\/gdpr\\\/\"]}]},{\"@type\":\"BreadcrumbList\",\"@id\":\"https:\\\/\\\/hakotech.pl\\\/en\\\/about-us\\\/gdpr\\\/#breadcrumb\",\"itemListElement\":[{\"@type\":\"ListItem\",\"position\":1,\"name\":\"Strona g\u0142\u00f3wna\",\"item\":\"https:\\\/\\\/hakotech.pl\\\/en\\\/\"},{\"@type\":\"ListItem\",\"position\":2,\"name\":\"About us\",\"item\":\"https:\\\/\\\/hakotech.pl\\\/en\\\/about-us\\\/\"},{\"@type\":\"ListItem\",\"position\":3,\"name\":\"GDPR\"}]},{\"@type\":\"WebSite\",\"@id\":\"https:\\\/\\\/hakotech.pl\\\/en\\\/#website\",\"url\":\"https:\\\/\\\/hakotech.pl\\\/en\\\/\",\"name\":\"EN Hako Technology Sp. z o.o.\",\"description\":\"Hako Technology\",\"potentialAction\":[{\"@type\":\"SearchAction\",\"target\":{\"@type\":\"EntryPoint\",\"urlTemplate\":\"https:\\\/\\\/hakotech.pl\\\/en\\\/?s={search_term_string}\"},\"query-input\":{\"@type\":\"PropertyValueSpecification\",\"valueRequired\":true,\"valueName\":\"search_term_string\"}}],\"inLanguage\":\"pl-PL\"}]}<\/script>\n<!-- \/ Yoast SEO plugin. -->","yoast_head_json":{"title":"GDPR - EN Hako Technology Sp. z o.o.","robots":{"index":"index","follow":"follow","max-snippet":"max-snippet:-1","max-image-preview":"max-image-preview:large","max-video-preview":"max-video-preview:-1"},"canonical":"https:\/\/hakotech.pl\/en\/about-us\/gdpr\/","og_locale":"pl_PL","og_type":"article","og_title":"GDPR - EN Hako Technology Sp. z o.o.","og_description":"According to the General Data Protection Regulation (GDPR) 2016\/679 of the European Parliament and of the Council of 27 April 2016 on the protection of natural persons with regard to the processing of personal data and on the free movement of such data, and repealing Directive 95\/46\/EC (General Data Protection Regulation), we are obliged to [&hellip;]","og_url":"https:\/\/hakotech.pl\/en\/about-us\/gdpr\/","og_site_name":"EN Hako Technology Sp. z o.o.","article_modified_time":"2021-05-23T19:32:02+00:00","twitter_card":"summary_large_image","twitter_misc":{"Szacowany czas czytania":"5 minut"},"schema":{"@context":"https:\/\/schema.org","@graph":[{"@type":"WebPage","@id":"https:\/\/hakotech.pl\/en\/about-us\/gdpr\/","url":"https:\/\/hakotech.pl\/en\/about-us\/gdpr\/","name":"GDPR - EN Hako Technology Sp. z o.o.","isPartOf":{"@id":"https:\/\/hakotech.pl\/en\/#website"},"datePublished":"2021-01-18T18:29:13+00:00","dateModified":"2021-05-23T19:32:02+00:00","breadcrumb":{"@id":"https:\/\/hakotech.pl\/en\/about-us\/gdpr\/#breadcrumb"},"inLanguage":"pl-PL","potentialAction":[{"@type":"ReadAction","target":["https:\/\/hakotech.pl\/en\/about-us\/gdpr\/"]}]},{"@type":"BreadcrumbList","@id":"https:\/\/hakotech.pl\/en\/about-us\/gdpr\/#breadcrumb","itemListElement":[{"@type":"ListItem","position":1,"name":"Strona g\u0142\u00f3wna","item":"https:\/\/hakotech.pl\/en\/"},{"@type":"ListItem","position":2,"name":"About us","item":"https:\/\/hakotech.pl\/en\/about-us\/"},{"@type":"ListItem","position":3,"name":"GDPR"}]},{"@type":"WebSite","@id":"https:\/\/hakotech.pl\/en\/#website","url":"https:\/\/hakotech.pl\/en\/","name":"EN Hako Technology Sp. z o.o.","description":"Hako Technology","potentialAction":[{"@type":"SearchAction","target":{"@type":"EntryPoint","urlTemplate":"https:\/\/hakotech.pl\/en\/?s={search_term_string}"},"query-input":{"@type":"PropertyValueSpecification","valueRequired":true,"valueName":"search_term_string"}}],"inLanguage":"pl-PL"}]}},"_links":{"self":[{"href":"https:\/\/hakotech.pl\/en\/wp-json\/wp\/v2\/pages\/3","targetHints":{"allow":["GET"]}}],"collection":[{"href":"https:\/\/hakotech.pl\/en\/wp-json\/wp\/v2\/pages"}],"about":[{"href":"https:\/\/hakotech.pl\/en\/wp-json\/wp\/v2\/types\/page"}],"author":[{"embeddable":true,"href":"https:\/\/hakotech.pl\/en\/wp-json\/wp\/v2\/users\/1"}],"replies":[{"embeddable":true,"href":"https:\/\/hakotech.pl\/en\/wp-json\/wp\/v2\/comments?post=3"}],"version-history":[{"count":9,"href":"https:\/\/hakotech.pl\/en\/wp-json\/wp\/v2\/pages\/3\/revisions"}],"predecessor-version":[{"id":2676,"href":"https:\/\/hakotech.pl\/en\/wp-json\/wp\/v2\/pages\/3\/revisions\/2676"}],"up":[{"embeddable":true,"href":"https:\/\/hakotech.pl\/en\/wp-json\/wp\/v2\/pages\/1594"}],"wp:attachment":[{"href":"https:\/\/hakotech.pl\/en\/wp-json\/wp\/v2\/media?parent=3"}],"curies":[{"name":"wp","href":"https:\/\/api.w.org\/{rel}","templated":true}]}}