{"id":3055,"date":"2023-12-07T08:17:25","date_gmt":"2023-12-07T08:17:25","guid":{"rendered":"https:\/\/hakotech.pl\/en\/?page_id=3055"},"modified":"2023-12-07T08:29:15","modified_gmt":"2023-12-07T08:29:15","slug":"whistleblowing-system","status":"publish","type":"page","link":"https:\/\/hakotech.pl\/en\/whistleblowing-system\/","title":{"rendered":"Whistleblowing System"},"content":{"rendered":"<p>[et_pb_section fb_built=&#8221;1&#8243; admin_label=&#8221;T\u0142o g\u0142\u00f3wne&#8221; _builder_version=&#8221;4.19.5&#8243; _module_preset=&#8221;default&#8221; background_image=&#8221;https:\/\/hakotech.pl\/en\/wp-content\/uploads\/sites\/8\/2023\/12\/Header_Miteinander-1.jpg&#8221; module_alignment=&#8221;center&#8221; min_height=&#8221;500px&#8221; global_colors_info=&#8221;{}&#8221;][\/et_pb_section][et_pb_section fb_built=&#8221;1&#8243; _builder_version=&#8221;4.19.5&#8243; _module_preset=&#8221;default&#8221; global_colors_info=&#8221;{}&#8221;][et_pb_row _builder_version=&#8221;4.19.5&#8243; _module_preset=&#8221;default&#8221; global_colors_info=&#8221;{}&#8221;][et_pb_column type=&#8221;4_4&#8243; _builder_version=&#8221;4.19.5&#8243; _module_preset=&#8221;default&#8221; global_colors_info=&#8221;{}&#8221;][et_pb_text admin_label=&#8221;Tekst&#8221; _builder_version=&#8221;4.20.0&#8243; _module_preset=&#8221;default&#8221; text_font_size=&#8221;20px&#8221; header_2_text_color=&#8221;#727272&#8243; header_2_font_size=&#8221;40px&#8221; header_4_text_color=&#8221;#000000&#8243; header_4_font_size=&#8221;25px&#8221; global_colors_info=&#8221;{}&#8221;]<\/p>\n<h3><strong>Whistleblowing System<\/strong><\/h3>\n<p>Hako Technology offers the possibility to contact an internal, outsourced and independent whistleblower portal in case of suspicion or knowledge of illegal or unethical actions and thus to contribute to the detection of violations of rules.<\/p>\n<p>It is possible to report misconduct by employees in our group of companies as well as by our suppliers and service providers with regard to possible violations of the law or actions that are harmful to the company, such as corruption, bribery, fraud, other criminal offences, child labour, slavery, lack of occupational safety, exploitation and discrimination.<\/p>\n<p>Whistleblowers will not suffer any disadvantage as a result of making a report. Reports can be made in German and English. Reports can also be made anonymously if desired.<\/p>\n<p>If you have concrete, justified indications of legal violations or breaches of rules at Hako or suspect such violations, you have the following options for contacting us:<\/p>\n<ul>\n<li>by web form: <a href=\"https:\/\/whistlefox.heuking.de\/fastline\/hako-technology\/en\">https:\/\/whistlefox.heuking.de\/fastline\/hako-technology\/en<\/a><\/li>\n<li>by phone: +49 221 2052-547<\/li>\n<li>by fax: \u00a0+49 221 2052-1<\/li>\n<li>by e-mail: <a href=\"mailto:c.schork@heuking.de\">schork@heuking.de<\/a><\/li>\n<\/ul>\n<p>The confidential reporting office (WhistleFox) can be contacted around the clock by web form, e-mail, fax or post and by telephone every working day during normal office hours.<\/p>\n<p>The contact person is Dr Christoph Schork, attorney-at-law.<\/p>\n<p>Heuking K\u00fchn L\u00fcer Wojtek<br \/>Attn. Dr Christoph Schork<br \/>Magnusstra\u00dfe 13<br \/>D-50672 K\u00f6ln<\/p>\n<p>Please note that the whistleblowing system is not intended for complaints. If you are dissatisfied with regards to the products or services of Hako Technology, please contact your respective contact person in the company.<\/p>\n<p>For information according to the German Supply Chain Duty of Care Act (Lieferkettensorgfaltspflichtengesetz), you can find further procedural information here:<\/p>\n<p>[\/et_pb_text][et_pb_button button_url=&#8221;https:\/\/hakotech.pl\/code_of_procedure_hako_en\/&#8221; url_new_window=&#8221;on&#8221; button_text=&#8221;Whistleblowing System&#8221; button_alignment=&#8221;center&#8221; admin_label=&#8221;Przycisk&#8221; _builder_version=&#8221;4.20.0&#8243; _module_preset=&#8221;default&#8221; hover_enabled=&#8221;0&#8243; global_colors_info=&#8221;{}&#8221; sticky_enabled=&#8221;0&#8243;][\/et_pb_button][\/et_pb_column][\/et_pb_row][\/et_pb_section]<\/p>\n","protected":false},"excerpt":{"rendered":"<p>Whistleblowing System Hako Technology offers the possibility to contact an internal, outsourced and independent whistleblower portal in case of suspicion or knowledge of illegal or unethical actions and thus to contribute to the detection of violations of rules. It is possible to report misconduct by employees in our group of companies as well as by [&hellip;]<\/p>\n","protected":false},"author":2,"featured_media":0,"parent":0,"menu_order":0,"comment_status":"closed","ping_status":"closed","template":"","meta":{"_et_pb_use_builder":"on","_et_pb_old_content":"","_et_gb_content_width":"","footnotes":""},"class_list":["post-3055","page","type-page","status-publish","hentry"],"yoast_head":"<!-- This site is optimized with the Yoast SEO plugin v27.5 - https:\/\/yoast.com\/product\/yoast-seo-wordpress\/ -->\n<title>Whistleblowing System - EN Hako Technology Sp. z o.o.<\/title>\n<meta name=\"robots\" content=\"index, follow, max-snippet:-1, max-image-preview:large, max-video-preview:-1\" \/>\n<link rel=\"canonical\" href=\"https:\/\/hakotech.pl\/en\/whistleblowing-system\/\" \/>\n<meta property=\"og:locale\" content=\"pl_PL\" \/>\n<meta property=\"og:type\" content=\"article\" \/>\n<meta property=\"og:title\" content=\"Whistleblowing System - EN Hako Technology Sp. z o.o.\" \/>\n<meta property=\"og:description\" content=\"Whistleblowing System Hako Technology offers the possibility to contact an internal, outsourced and independent whistleblower portal in case of suspicion or knowledge of illegal or unethical actions and thus to contribute to the detection of violations of rules. It is possible to report misconduct by employees in our group of companies as well as by [&hellip;]\" \/>\n<meta property=\"og:url\" content=\"https:\/\/hakotech.pl\/en\/whistleblowing-system\/\" \/>\n<meta property=\"og:site_name\" content=\"EN Hako Technology Sp. z o.o.\" \/>\n<meta property=\"article:modified_time\" content=\"2023-12-07T08:29:15+00:00\" \/>\n<meta name=\"twitter:card\" content=\"summary_large_image\" \/>\n<meta name=\"twitter:label1\" content=\"Szacowany czas czytania\" \/>\n\t<meta name=\"twitter:data1\" content=\"2 minuty\" \/>\n<script type=\"application\/ld+json\" class=\"yoast-schema-graph\">{\"@context\":\"https:\\\/\\\/schema.org\",\"@graph\":[{\"@type\":\"WebPage\",\"@id\":\"https:\\\/\\\/hakotech.pl\\\/en\\\/whistleblowing-system\\\/\",\"url\":\"https:\\\/\\\/hakotech.pl\\\/en\\\/whistleblowing-system\\\/\",\"name\":\"Whistleblowing System - EN Hako Technology Sp. z o.o.\",\"isPartOf\":{\"@id\":\"https:\\\/\\\/hakotech.pl\\\/en\\\/#website\"},\"datePublished\":\"2023-12-07T08:17:25+00:00\",\"dateModified\":\"2023-12-07T08:29:15+00:00\",\"breadcrumb\":{\"@id\":\"https:\\\/\\\/hakotech.pl\\\/en\\\/whistleblowing-system\\\/#breadcrumb\"},\"inLanguage\":\"pl-PL\",\"potentialAction\":[{\"@type\":\"ReadAction\",\"target\":[\"https:\\\/\\\/hakotech.pl\\\/en\\\/whistleblowing-system\\\/\"]}]},{\"@type\":\"BreadcrumbList\",\"@id\":\"https:\\\/\\\/hakotech.pl\\\/en\\\/whistleblowing-system\\\/#breadcrumb\",\"itemListElement\":[{\"@type\":\"ListItem\",\"position\":1,\"name\":\"Strona g\u0142\u00f3wna\",\"item\":\"https:\\\/\\\/hakotech.pl\\\/en\\\/\"},{\"@type\":\"ListItem\",\"position\":2,\"name\":\"Whistleblowing System\"}]},{\"@type\":\"WebSite\",\"@id\":\"https:\\\/\\\/hakotech.pl\\\/en\\\/#website\",\"url\":\"https:\\\/\\\/hakotech.pl\\\/en\\\/\",\"name\":\"EN Hako Technology Sp. z o.o.\",\"description\":\"Hako Technology\",\"potentialAction\":[{\"@type\":\"SearchAction\",\"target\":{\"@type\":\"EntryPoint\",\"urlTemplate\":\"https:\\\/\\\/hakotech.pl\\\/en\\\/?s={search_term_string}\"},\"query-input\":{\"@type\":\"PropertyValueSpecification\",\"valueRequired\":true,\"valueName\":\"search_term_string\"}}],\"inLanguage\":\"pl-PL\"}]}<\/script>\n<!-- \/ Yoast SEO plugin. -->","yoast_head_json":{"title":"Whistleblowing System - EN Hako Technology Sp. z o.o.","robots":{"index":"index","follow":"follow","max-snippet":"max-snippet:-1","max-image-preview":"max-image-preview:large","max-video-preview":"max-video-preview:-1"},"canonical":"https:\/\/hakotech.pl\/en\/whistleblowing-system\/","og_locale":"pl_PL","og_type":"article","og_title":"Whistleblowing System - EN Hako Technology Sp. z o.o.","og_description":"Whistleblowing System Hako Technology offers the possibility to contact an internal, outsourced and independent whistleblower portal in case of suspicion or knowledge of illegal or unethical actions and thus to contribute to the detection of violations of rules. It is possible to report misconduct by employees in our group of companies as well as by [&hellip;]","og_url":"https:\/\/hakotech.pl\/en\/whistleblowing-system\/","og_site_name":"EN Hako Technology Sp. z o.o.","article_modified_time":"2023-12-07T08:29:15+00:00","twitter_card":"summary_large_image","twitter_misc":{"Szacowany czas czytania":"2 minuty"},"schema":{"@context":"https:\/\/schema.org","@graph":[{"@type":"WebPage","@id":"https:\/\/hakotech.pl\/en\/whistleblowing-system\/","url":"https:\/\/hakotech.pl\/en\/whistleblowing-system\/","name":"Whistleblowing System - EN Hako Technology Sp. z o.o.","isPartOf":{"@id":"https:\/\/hakotech.pl\/en\/#website"},"datePublished":"2023-12-07T08:17:25+00:00","dateModified":"2023-12-07T08:29:15+00:00","breadcrumb":{"@id":"https:\/\/hakotech.pl\/en\/whistleblowing-system\/#breadcrumb"},"inLanguage":"pl-PL","potentialAction":[{"@type":"ReadAction","target":["https:\/\/hakotech.pl\/en\/whistleblowing-system\/"]}]},{"@type":"BreadcrumbList","@id":"https:\/\/hakotech.pl\/en\/whistleblowing-system\/#breadcrumb","itemListElement":[{"@type":"ListItem","position":1,"name":"Strona g\u0142\u00f3wna","item":"https:\/\/hakotech.pl\/en\/"},{"@type":"ListItem","position":2,"name":"Whistleblowing System"}]},{"@type":"WebSite","@id":"https:\/\/hakotech.pl\/en\/#website","url":"https:\/\/hakotech.pl\/en\/","name":"EN Hako Technology Sp. z o.o.","description":"Hako Technology","potentialAction":[{"@type":"SearchAction","target":{"@type":"EntryPoint","urlTemplate":"https:\/\/hakotech.pl\/en\/?s={search_term_string}"},"query-input":{"@type":"PropertyValueSpecification","valueRequired":true,"valueName":"search_term_string"}}],"inLanguage":"pl-PL"}]}},"_links":{"self":[{"href":"https:\/\/hakotech.pl\/en\/wp-json\/wp\/v2\/pages\/3055","targetHints":{"allow":["GET"]}}],"collection":[{"href":"https:\/\/hakotech.pl\/en\/wp-json\/wp\/v2\/pages"}],"about":[{"href":"https:\/\/hakotech.pl\/en\/wp-json\/wp\/v2\/types\/page"}],"author":[{"embeddable":true,"href":"https:\/\/hakotech.pl\/en\/wp-json\/wp\/v2\/users\/2"}],"replies":[{"embeddable":true,"href":"https:\/\/hakotech.pl\/en\/wp-json\/wp\/v2\/comments?post=3055"}],"version-history":[{"count":8,"href":"https:\/\/hakotech.pl\/en\/wp-json\/wp\/v2\/pages\/3055\/revisions"}],"predecessor-version":[{"id":3069,"href":"https:\/\/hakotech.pl\/en\/wp-json\/wp\/v2\/pages\/3055\/revisions\/3069"}],"wp:attachment":[{"href":"https:\/\/hakotech.pl\/en\/wp-json\/wp\/v2\/media?parent=3055"}],"curies":[{"name":"wp","href":"https:\/\/api.w.org\/{rel}","templated":true}]}}